{"id":17410,"date":"2021-08-24T15:17:10","date_gmt":"2021-08-24T13:17:10","guid":{"rendered":"https:\/\/e-m-p-i-r-e.eu\/produit\/n12-a-review-poster-of-a-girl-revue-emmanuelle-author-catherine-guiral-sarah-vade\/"},"modified":"2026-02-09T21:16:46","modified_gmt":"2026-02-09T20:16:46","slug":"n12-a-review-poster-of-a-girl-revue-emmanuelle-author-catherine-guiral-sarah-vade","status":"publish","type":"product","link":"https:\/\/e-m-p-i-r-e.eu\/fr\/produit\/n12-a-review-poster-of-a-girl-revue-emmanuelle-author-catherine-guiral-sarah-vade\/","title":{"rendered":"n\u00b012 \u2014 Une revue\u202f: Poster of a Girl, Revue Emmanuelle. Auteures\u202f: Catherine Guiral et Sarah Vad\u00e9"},"content":{"rendered":"<p class=\"p1\"><span class=\"s1\">Au premier mitan du XVII<\/span><span class=\"s2\"><sup>e<\/sup><\/span><span class=\"s1\"> si\u00e8cle, le m\u00e9decin fran\u00e7ais Th\u00e9ophraste Renaudot lance un p\u00e9riodique, <i>La Gazette<\/i>. Y apparaissent les premi\u00e8res \u00ab\u202fpublicit\u00e9s\u202f\u00bb. Le sens initial donn\u00e9 \u00e0 ce terme est celui de <i>rendre public<\/i> et Renaudot, personnage aux activit\u00e9s multiples, s\u2019emploie alors \u00e0 appliquer son adage: \u00ab\u202fcar tout ainsi que l\u2019ignorance oste le d\u00e9sir, estant impossible de souhaitter ce qu\u2019on ne cognoist pas, de mesme la cognoissance des choses nous en ameine l\u2019envie.\u202f\u00bb<\/span><\/p>\n<p class=\"p1\"><span class=\"s1\">\u00a0 \u00a0 \u00a0 \u00a0 \u00a0 Ces relations syllogiques et paradoxales entre stimulation du d\u00e9sir, masque de l\u2019ignorance et envie am\u00e8neront \u00e0 explorer les tensions existant entre public, publicit\u00e9 et \u00e9rotisme. En s\u2019appuyant sur l\u2019apparition des magazines dits \u00ab\u202fporno\u202f\u00bb, en particulier le magazine <i>Emmanuelle<\/i> (lanc\u00e9 par les \u00e9ditions Opta \u2013 Office de Publicit\u00e9 Technique et Artistique \u2013 en 1974), <i>Poster of Girl<\/i> d\u00e9shabillera la \u00ab\u202fmasculinit\u00e9 h\u00e9ro\u00efque\u202f\u00bb, pour employer l\u2019expression de la philosophe <span class=\"\">Paul B. Preciado<\/span>, tout en explorant ce que pouvait \u00eatre un \u00ab\u202fmagazine de plaisir\u202f\u00bb (sous-titre \u00e0 <i>Emmanuelle<\/i>) \u00e0 la lumi\u00e8re confrontante des techniques contemporaines de rhabillement*.<\/span><\/p>\n<p class=\"p2\"><span class=\"s3\">\u00a0 \u00a0 \u00a0 \u00a0 \u00a0 D\u00e9plier Emmanuelle c\u2019est donc ouvrir des lignes de fuite qui d\u2019une r\u00e9volution de l\u2019imprim\u00e9 \u00e0 une r\u00e9volution culturelle, d\u00e9voilent les formes habiles, mercantiles ou critiques dont se drape eros. <\/span><\/p>\n<p class=\"p2\"><span class=\"s1\"><br \/>\n<span class=\"serif\">* \u2014 le 13 octobre 2015, Le Monde publiait un article sur l\u2019abandon de la nudit\u00e9 totale en couverture du magazine Playboy intitul\u00e9 \u00ab\u202fPlayboy rhabille ses playmates\u202f\u00bb. La notion de rhabillement est certes peu \u00e9loign\u00e9e de celle de recouvrement. Elle offre pourtant une r\u00e9flexion sur la notion de parergon, de parure mais aussi d\u2019armure puisque l\u2019 habillemens est \u00e9tymologiquement l\u2019engin, l\u2019arme, la machine de combat. De quelles nouvelles techniques de d\u00e9tournement et de parade le rhabillement est-il alors le nom\u202f?<\/span><\/span><\/p>\n","protected":false},"excerpt":{"rendered":"<p>Texte\u202f: Catherine Guiral<br \/>\nPoster : Sarah Vad\u00e9<br \/>\n20 pages, 21 \u00d7 29,7 cm<br \/>\n+ 1 poster dos bleu A2, CMJN (r\u00e9serv\u00e9 aux abonn\u00e9s) (\u00e9puis\u00e9)<br \/>\n09 mai 2018<br \/>\nisbn 979-10-95991-09-0<br \/>\nissn 2558-2062<\/p>\n","protected":false},"featured_media":17255,"comment_status":"open","ping_status":"closed","template":"","meta":[],"product_brand":[],"product_cat":[3849],"product_tag":[4085,4086,4087,4088,4089,4090,4091,3895,4092,3971,4093],"contributor":[38,99],"season":[33],"subject":[3899,4094,3197,3222,3903,3885,3916,3904],"collection":[],"artist":[],"limited_edition":[],"class_list":{"0":"post-17410","1":"product","2":"type-product","3":"status-publish","4":"has-post-thumbnail","6":"product_cat-revue-faire-fr","7":"product_tag-donato-bertelli-fr-2","8":"product_tag-emmanuelle-fr-2","9":"product_tag-emmanuelle-arsan-fr-2","10":"product_tag-eroticism-fr","11":"product_tag-j-m-rosabel-fr-2","12":"product_tag-jane-birkin-fr-2","13":"product_tag-jean-jacques-pauvert-fr-2","14":"product_tag-magazine-fr-2","15":"product_tag-opta-fr-2","16":"product_tag-photography-fr","17":"product_tag-serge-gainsbourg-fr-2","18":"contributor-catherine-guiral","19":"contributor-sarah-vade","20":"season-33","21":"subject-book-fr","22":"subject-eroticism-fr","23":"subject-image-fr","24":"subject-journal-fr","25":"subject-magazine-fr","26":"subject-photography-fr","27":"subject-poster-fr","28":"subject-publishing-fr","30":"first","31":"instock","32":"featured","33":"shipping-taxable","34":"purchasable","35":"product-type-simple"},"_links":{"self":[{"href":"https:\/\/e-m-p-i-r-e.eu\/fr\/wp-json\/wp\/v2\/product\/17410","targetHints":{"allow":["GET"]}}],"collection":[{"href":"https:\/\/e-m-p-i-r-e.eu\/fr\/wp-json\/wp\/v2\/product"}],"about":[{"href":"https:\/\/e-m-p-i-r-e.eu\/fr\/wp-json\/wp\/v2\/types\/product"}],"replies":[{"embeddable":true,"href":"https:\/\/e-m-p-i-r-e.eu\/fr\/wp-json\/wp\/v2\/comments?post=17410"}],"wp:featuredmedia":[{"embeddable":true,"href":"https:\/\/e-m-p-i-r-e.eu\/fr\/wp-json\/wp\/v2\/media\/17255"}],"wp:attachment":[{"href":"https:\/\/e-m-p-i-r-e.eu\/fr\/wp-json\/wp\/v2\/media?parent=17410"}],"wp:term":[{"taxonomy":"product_brand","embeddable":true,"href":"https:\/\/e-m-p-i-r-e.eu\/fr\/wp-json\/wp\/v2\/product_brand?post=17410"},{"taxonomy":"product_cat","embeddable":true,"href":"https:\/\/e-m-p-i-r-e.eu\/fr\/wp-json\/wp\/v2\/product_cat?post=17410"},{"taxonomy":"product_tag","embeddable":true,"href":"https:\/\/e-m-p-i-r-e.eu\/fr\/wp-json\/wp\/v2\/product_tag?post=17410"},{"taxonomy":"contributor","embeddable":true,"href":"https:\/\/e-m-p-i-r-e.eu\/fr\/wp-json\/wp\/v2\/contributor?post=17410"},{"taxonomy":"season","embeddable":true,"href":"https:\/\/e-m-p-i-r-e.eu\/fr\/wp-json\/wp\/v2\/season?post=17410"},{"taxonomy":"subject","embeddable":true,"href":"https:\/\/e-m-p-i-r-e.eu\/fr\/wp-json\/wp\/v2\/subject?post=17410"},{"taxonomy":"collection","embeddable":true,"href":"https:\/\/e-m-p-i-r-e.eu\/fr\/wp-json\/wp\/v2\/collection?post=17410"},{"taxonomy":"artist","embeddable":true,"href":"https:\/\/e-m-p-i-r-e.eu\/fr\/wp-json\/wp\/v2\/artist?post=17410"},{"taxonomy":"limited_edition","embeddable":true,"href":"https:\/\/e-m-p-i-r-e.eu\/fr\/wp-json\/wp\/v2\/limited_edition?post=17410"}],"curies":[{"name":"wp","href":"https:\/\/api.w.org\/{rel}","templated":true}]}}