{"id":17406,"date":"2021-08-24T15:22:01","date_gmt":"2021-08-24T13:22:01","guid":{"rendered":"https:\/\/e-m-p-i-r-e.eu\/produit\/n15-the-work-done-everyday-the-mucem-authors-manon-bruet-and-thomas-petitjean-questions-from-spassky-fischer-to-experimental-jetset-bureau-mirko-borsche-cornel-windlin-ok-rm\/"},"modified":"2026-02-09T20:51:11","modified_gmt":"2026-02-09T19:51:11","slug":"n15-the-work-done-everyday-the-mucem-authors-manon-bruet-and-thomas-petitjean-questions-from-spassky-fischer-to-experimental-jetset-bureau-mirko-borsche-cornel-windlin-ok-rm","status":"publish","type":"product","link":"https:\/\/e-m-p-i-r-e.eu\/fr\/produit\/n15-the-work-done-everyday-the-mucem-authors-manon-bruet-and-thomas-petitjean-questions-from-spassky-fischer-to-experimental-jetset-bureau-mirko-borsche-cornel-windlin-ok-rm\/","title":{"rendered":"n\u00b015 \u2014 Un travail quotidien : le Mucem. Auteurs : Manon Bruet et Thomas Petitjean. + Questions pos\u00e9es \u00e0 Experimental Jetset, Bureau Mirko Borsche, Cornel Windlin, OK-RM, Mevis &#038; van Deursen, Strobo, Roosje Klap, Studio Dumbar."},"content":{"rendered":"<p>Si beaucoup de designers graphiques \u00e9crivent sur leurs projets ou leur pratique, il semble que ce soit souvent <em>a priori<\/em>, dans le cas d\u2019une note d\u2019intention d\u2019appel d\u2019offre par exemple, ou <em>a posteriori<\/em>, pour commenter leur production. On pense et on fait d\u2019abord, on formule ensuite pour donner \u00e0 voir \u00e0 d\u2019autres, on explique, on justifie. C\u2019est finalement un des enjeux de notre m\u00e9tier. De fait, l\u2019accent est la plupart du temps mis sur un contexte, un discours, ou un r\u00e9sultat. Finalement, on parle assez rarement du\u00a0\u00ab\u00a0pendant\u00a0\u00bb, de ce moment du \u00ab faire \u00bb, probablement parce qu\u2019il est plus constitu\u00e9 de discussions \u2014 parfois m\u00eame de n\u00e9gociations \u2014 et d\u2019\u00e9changes de mails que de design \u00e0 proprement parler. C\u2019est cela qui nous int\u00e9resse ici.<\/p>\n<p class=\"p1\">\u00a0 \u00a0 \u00a0 \u00a0 \u00a0\u00a0Ce num\u00e9ro, \u00e0 plusieurs voix, est construit en deux temps. D\u2019abord, nous aborderons notre travail \u00ab\u00a0d\u2019atelier\u00a0\u00bb au sein du studio Spassky Fischer pour la communication et l\u2019identit\u00e9 du Mucem de Marseille (Mus\u00e9e des civilisations de l\u2019Europe et de la M\u00e9diterran\u00e9e). Plus que d\u2019en expliciter la d\u00e9marche ou les choix graphiques, il s\u2019agit pour nous de poser un regard, sciemment sans recul, sur un projet que nous menons au quotidien. Parler de son ambition, de son \u00e9volution au contact des diff\u00e9rents acteurs du mus\u00e9e, de notre place de designer face \u00e0 une institution culturelle comme celle-ci.<\/p>\n<p class=\"p1\">\u00a0 \u00a0 \u00a0 \u00a0 \u00a0\u00a0Dans un second temps, nous questionnerons d\u2019autres praticiens sur leur exp\u00e9rience dans des contextes similaires : Experimental Jetset, Bureau Mirko Borsche, Cornel Windlin, OK-RM, Mevis &amp; van Deursen, Strobo, Roosje Klap, Studio Dumbar. L\u2019occasion par-l\u00e0 de porter un regard plus large sur le quotidien de la discipline.<\/p>\n","protected":false},"excerpt":{"rendered":"<p>\u00c9puis\u00e9<br \/>\nAuteures : Manon Bruet et Thomas Petitjean<br \/>\n20 pages, 21 \u00d7 29,7 cm CMJN<br \/>\n+ Questions pos\u00e9es \u00e0 Experimental Jetset, Bureau Mirko Borsche, Cornel Windlin,<br \/>\nOK-RM, Mevis &amp; van Deursen, Strobo, Roosje Klap, Studio Dumbar<br \/>\n24 pages, 11 \u00d7 29,7 cm, NB<br \/>\n04 Juillet 2018<br \/>\nisbn 979-10-95991-10-6<br \/>\nissn 2558-2062<\/p>\n","protected":false},"featured_media":17231,"comment_status":"open","ping_status":"closed","template":"","meta":[],"product_brand":[],"product_cat":[3849],"product_tag":[4040,4041,4042,3982,4043,4044,4045,4046,4047,4048,4049,4050,4051,4052,4053,4054,4055,4056,4057,4058,4059,4060,4061,4062,4063,4064,4065,4066],"contributor":[47,98],"season":[33],"subject":[3133,3901,4067,3902,4068,3136,3916,3917,3882,3920],"collection":[],"artist":[4038,3819,4037,4036,4032,4034,4039,4035,4033],"limited_edition":[],"class_list":{"0":"post-17406","1":"product","2":"type-product","3":"status-publish","4":"has-post-thumbnail","6":"product_cat-revue-faire-fr","7":"product_tag-clients-fr-2","8":"product_tag-commercial-fr-2","9":"product_tag-competition-fr-2","10":"product_tag-cornel-windlin-fr-2","11":"product_tag-cultural-fr","12":"product_tag-daily-work-fr","13":"product_tag-design-museum-london-fr-2","14":"product_tag-development-fr","15":"product_tag-dutch-national-police-fr-2","16":"product_tag-experimental-jetset-fr-2","17":"product_tag-graphic-identity-fr","18":"product_tag-inotherwords-fr-2","19":"product_tag-institution-fr-2","20":"product_tag-interview-fr-2","21":"product_tag-mca-chicago-fr-2","22":"product_tag-mevis-van-deursen-fr-2","23":"product_tag-mirko-borsche-fr-2","24":"product_tag-mucem-fr-2","25":"product_tag-ok-rm-fr-2","26":"product_tag-rossje-klap-fr-2","27":"product_tag-schauspielhaus-zurich-fr-2","28":"product_tag-spassky-fischer-fr-2","29":"product_tag-stedelijk-museum-fr-2","30":"product_tag-strobo-fr-2","31":"product_tag-studio-dumbar-fr-2","32":"product_tag-visual-identity-fr","33":"product_tag-whitney-museum-fr-2","34":"product_tag-workflow-fr-2","35":"contributor-manon-bruet","36":"contributor-thomas-petitjean","37":"season-33","38":"subject-communication-fr","39":"subject-graphic-design-fr","40":"subject-guidelines-fr","41":"subject-identity-fr","42":"subject-invitation-card-fr","43":"subject-logo-fr","44":"subject-poster-fr","45":"subject-printed-matter-fr","46":"subject-typography-fr","47":"subject-website-fr","48":"artist-bureau-mirko-borsche","49":"artist-cornel-windlin","50":"artist-experimental-jetset","51":"artist-mevis-van-deursen","52":"artist-ok-rm","53":"artist-roosje-klap","54":"artist-spassky-fischer","55":"artist-strobo","56":"artist-studio-dumbar","58":"first","59":"outofstock","60":"featured","61":"shipping-taxable","62":"product-type-simple"},"_links":{"self":[{"href":"https:\/\/e-m-p-i-r-e.eu\/fr\/wp-json\/wp\/v2\/product\/17406","targetHints":{"allow":["GET"]}}],"collection":[{"href":"https:\/\/e-m-p-i-r-e.eu\/fr\/wp-json\/wp\/v2\/product"}],"about":[{"href":"https:\/\/e-m-p-i-r-e.eu\/fr\/wp-json\/wp\/v2\/types\/product"}],"replies":[{"embeddable":true,"href":"https:\/\/e-m-p-i-r-e.eu\/fr\/wp-json\/wp\/v2\/comments?post=17406"}],"wp:featuredmedia":[{"embeddable":true,"href":"https:\/\/e-m-p-i-r-e.eu\/fr\/wp-json\/wp\/v2\/media\/17231"}],"wp:attachment":[{"href":"https:\/\/e-m-p-i-r-e.eu\/fr\/wp-json\/wp\/v2\/media?parent=17406"}],"wp:term":[{"taxonomy":"product_brand","embeddable":true,"href":"https:\/\/e-m-p-i-r-e.eu\/fr\/wp-json\/wp\/v2\/product_brand?post=17406"},{"taxonomy":"product_cat","embeddable":true,"href":"https:\/\/e-m-p-i-r-e.eu\/fr\/wp-json\/wp\/v2\/product_cat?post=17406"},{"taxonomy":"product_tag","embeddable":true,"href":"https:\/\/e-m-p-i-r-e.eu\/fr\/wp-json\/wp\/v2\/product_tag?post=17406"},{"taxonomy":"contributor","embeddable":true,"href":"https:\/\/e-m-p-i-r-e.eu\/fr\/wp-json\/wp\/v2\/contributor?post=17406"},{"taxonomy":"season","embeddable":true,"href":"https:\/\/e-m-p-i-r-e.eu\/fr\/wp-json\/wp\/v2\/season?post=17406"},{"taxonomy":"subject","embeddable":true,"href":"https:\/\/e-m-p-i-r-e.eu\/fr\/wp-json\/wp\/v2\/subject?post=17406"},{"taxonomy":"collection","embeddable":true,"href":"https:\/\/e-m-p-i-r-e.eu\/fr\/wp-json\/wp\/v2\/collection?post=17406"},{"taxonomy":"artist","embeddable":true,"href":"https:\/\/e-m-p-i-r-e.eu\/fr\/wp-json\/wp\/v2\/artist?post=17406"},{"taxonomy":"limited_edition","embeddable":true,"href":"https:\/\/e-m-p-i-r-e.eu\/fr\/wp-json\/wp\/v2\/limited_edition?post=17406"}],"curies":[{"name":"wp","href":"https:\/\/api.w.org\/{rel}","templated":true}]}}