{"id":17404,"date":"2021-08-24T15:24:13","date_gmt":"2021-08-24T13:24:13","guid":{"rendered":"https:\/\/e-m-p-i-r-e.eu\/produit\/n31-an-edition-the-serving-library-interview-with-stuart-bertolotti-bailey-by-james-langdon\/"},"modified":"2026-02-09T20:22:18","modified_gmt":"2026-02-09T19:22:18","slug":"n31-an-edition-the-serving-library-interview-with-stuart-bertolotti-bailey-by-james-langdon","status":"publish","type":"product","link":"https:\/\/e-m-p-i-r-e.eu\/fr\/produit\/n31-an-edition-the-serving-library-interview-with-stuart-bertolotti-bailey-by-james-langdon\/","title":{"rendered":"n\u00b031 \u2014 Une \u00e9dition : The Serving Library. Entretien avec Stuart Bertolotti-Bailey par James Langdon"},"content":{"rendered":"<article id=\"post-3870\" class=\"post-3870 post type-post status-publish format-standard hentry category-season-3\">Le magazine lanc\u00e9 <em>Dot Dot Dot<\/em> s\u2019est toujours mis \u00e0 dos certaines factions de la communaut\u00e9 des graphistes. Bien qu\u2019il soit sans aucun doute simplement un magazine d\u00e9di\u00e9 au graphisme, <em>Dot Dot Dot<\/em> a toujours d\u00e9fendu l\u2019id\u00e9e que le graphisme \u00e9tait lui-m\u00eame *d\u00e9di\u00e9 \u00e0* \u2013 ou du moins ins\u00e9parable de \u2013 tout contenu qu\u2019il pouvait \u00eatre amen\u00e9 \u00e0 exprimer. Avec cette affirmation ing\u00e9nue, il est devenu, sans n\u00e9cessairement essayer, un magazine d\u00e9di\u00e9 aux sujets potentiels du design graphique. Un magazine potentiellement d\u00e9di\u00e9 \u00e0 tout et n\u2019importe quoi, donc\u00a0! Le dernier num\u00e9ro de <em>Dot Dot Dot<\/em> a \u00e9t\u00e9 publi\u00e9 en 2010. La publication qui lui succ\u00e8de, <em>Bulletins of The Serving Library<\/em>, a continu\u00e9 \u00e0 \u00e9largir son champ \u00e9ditorial.Au cours de ces vingt ann\u00e9es de publication, ses \u00e9diteurs ont amass\u00e9 une collection consid\u00e9rable de pr\u00e8s de cent objets apparus au fil des magazines. Les contenus de cette collection sont de nature vari\u00e9e, tant en termes de format que de projet : ils vont d\u2019images de commande pour des articles \u00e0 des \u0153uvres d\u2019art relevant d\u2019historicit\u00e9s particuli\u00e8res, de positions et de praticiens d\u2019importance. \u00c0 l\u2019automne 2020, cette collection a d\u00e9m\u00e9nag\u00e9 dans une annexe de l\u2019artist run space 019 \u00e0 Gand, dans la perspective d\u2019y \u00eatre install\u00e9e \u00e0 long terme comme un espace propice \u00e0 l\u2019enseignement, riche de connexions qui m\u00e8nent au c\u0153ur et aux marges de l\u2019histoire et de la pratique r\u00e9centes du design graphique.<\/p>\n<\/article>\n","protected":false},"excerpt":{"rendered":"<p>\u00c9puis\u00e9 \u2014 disponible uniquement avec l\u2019abonnement \u00e0 la saison 3<br \/>\nEntretien de Stuart Bertolotti-Bailey par James Langdon<br \/>\n20 pages, 21 \u00d7 29,7 cm, CMJN + 1 PMS en couverture<br \/>\n27 octobre 2021<br \/>\nisbn 979-10-95991-19-9<br \/>\nissn 2558-2062<\/p>\n","protected":false},"featured_media":17069,"comment_status":"open","ping_status":"closed","template":"","meta":[],"product_brand":[],"product_cat":[3849],"product_tag":[4016,3890,4017,4018,4019,3962,3963,3893,4020,4021,4022,4023,4024,4025,4026,4027,4028,3875,4029,3877,4030,3879],"contributor":[41,153],"season":[35],"subject":[3114,3899,3142,3900,3272,3977,3978,3901,3902,3197,3222,3903,3904,4031,3128,3278,3920],"collection":[],"artist":[3906],"limited_edition":[],"class_list":{"0":"post-17404","1":"product","2":"type-product","3":"status-publish","4":"has-post-thumbnail","6":"product_cat-revue-faire-fr","7":"product_tag-019-ghent-fr-2","8":"product_tag-collection-fr-2","9":"product_tag-dexter-sinister-fr-2","10":"product_tag-diffusion-fr-2","11":"product_tag-dot-dot-dot-fr-2","12":"product_tag-exhibition-fr","13":"product_tag-exhibition-view-fr","14":"product_tag-graphic-design-fr-2","15":"product_tag-graphic-design-exhibition-fr","16":"product_tag-lsd-fr-2","17":"product_tag-mathew-kneebone-fr-2","18":"product_tag-norman-potter-fr-2","19":"product_tag-pdf-fr-2","20":"product_tag-reprint-fr-2","21":"product_tag-reproduction-fr-2","22":"product_tag-sex-pistols-fr-2","23":"product_tag-stuart-bailey-fr-2","24":"product_tag-stuart-bertolotti-bailey-fr-2","25":"product_tag-tate-gallery-fr-2","26":"product_tag-the-serving-library-fr-2","27":"product_tag-website-fr","28":"product_tag-writing-fr","29":"contributor-james-langdon","30":"contributor-stuart-bertolotti-bailey","31":"season-35","32":"subject-archive-fr","33":"subject-book-fr","34":"subject-collection-fr","35":"subject-cover-fr","36":"subject-dot-dot-dot-fr","37":"subject-exhibition-fr","38":"subject-exhibition-view-fr","39":"subject-graphic-design-fr","40":"subject-identity-fr","41":"subject-image-fr","42":"subject-journal-fr","43":"subject-magazine-fr","44":"subject-publishing-fr","45":"subject-reprint-fr","46":"subject-reproduction-fr","47":"subject-the-serving-library-fr","48":"subject-website-fr","49":"artist-stuart-bertolotti-bailey","51":"first","52":"outofstock","53":"featured","54":"shipping-taxable","55":"product-type-simple"},"_links":{"self":[{"href":"https:\/\/e-m-p-i-r-e.eu\/fr\/wp-json\/wp\/v2\/product\/17404","targetHints":{"allow":["GET"]}}],"collection":[{"href":"https:\/\/e-m-p-i-r-e.eu\/fr\/wp-json\/wp\/v2\/product"}],"about":[{"href":"https:\/\/e-m-p-i-r-e.eu\/fr\/wp-json\/wp\/v2\/types\/product"}],"replies":[{"embeddable":true,"href":"https:\/\/e-m-p-i-r-e.eu\/fr\/wp-json\/wp\/v2\/comments?post=17404"}],"wp:featuredmedia":[{"embeddable":true,"href":"https:\/\/e-m-p-i-r-e.eu\/fr\/wp-json\/wp\/v2\/media\/17069"}],"wp:attachment":[{"href":"https:\/\/e-m-p-i-r-e.eu\/fr\/wp-json\/wp\/v2\/media?parent=17404"}],"wp:term":[{"taxonomy":"product_brand","embeddable":true,"href":"https:\/\/e-m-p-i-r-e.eu\/fr\/wp-json\/wp\/v2\/product_brand?post=17404"},{"taxonomy":"product_cat","embeddable":true,"href":"https:\/\/e-m-p-i-r-e.eu\/fr\/wp-json\/wp\/v2\/product_cat?post=17404"},{"taxonomy":"product_tag","embeddable":true,"href":"https:\/\/e-m-p-i-r-e.eu\/fr\/wp-json\/wp\/v2\/product_tag?post=17404"},{"taxonomy":"contributor","embeddable":true,"href":"https:\/\/e-m-p-i-r-e.eu\/fr\/wp-json\/wp\/v2\/contributor?post=17404"},{"taxonomy":"season","embeddable":true,"href":"https:\/\/e-m-p-i-r-e.eu\/fr\/wp-json\/wp\/v2\/season?post=17404"},{"taxonomy":"subject","embeddable":true,"href":"https:\/\/e-m-p-i-r-e.eu\/fr\/wp-json\/wp\/v2\/subject?post=17404"},{"taxonomy":"collection","embeddable":true,"href":"https:\/\/e-m-p-i-r-e.eu\/fr\/wp-json\/wp\/v2\/collection?post=17404"},{"taxonomy":"artist","embeddable":true,"href":"https:\/\/e-m-p-i-r-e.eu\/fr\/wp-json\/wp\/v2\/artist?post=17404"},{"taxonomy":"limited_edition","embeddable":true,"href":"https:\/\/e-m-p-i-r-e.eu\/fr\/wp-json\/wp\/v2\/limited_edition?post=17404"}],"curies":[{"name":"wp","href":"https:\/\/api.w.org\/{rel}","templated":true}]}}