{"id":17403,"date":"2021-08-24T15:25:21","date_gmt":"2021-08-24T13:25:21","guid":{"rendered":"https:\/\/e-m-p-i-r-e.eu\/produit\/n32-a-graphic-designer-and-illustrator-braulio-amado-author-manon-bruet\/"},"modified":"2026-02-09T20:17:17","modified_gmt":"2026-02-09T19:17:17","slug":"n32-a-graphic-designer-and-illustrator-braulio-amado-author-manon-bruet","status":"publish","type":"product","link":"https:\/\/e-m-p-i-r-e.eu\/fr\/produit\/n32-a-graphic-designer-and-illustrator-braulio-amado-author-manon-bruet\/","title":{"rendered":"n\u00b032 \u2014 Un graphiste dessinateur : Br\u00e1ulio Amado. Auteure : Manon Bruet"},"content":{"rendered":"<p>\u00c9crire \u00e0 propos d\u2019une personne que l\u2019on n\u2019a jamais rencontr\u00e9e, c\u2019est en quelque sorte mener une enqu\u00eate. Le travail pr\u00e9paratoire consiste \u00e0 collecter des mots (les siens, ceux d\u2019autres), des images, parfois des sons, qui sont autant d\u2019indices permettant de se projeter, de formuler des hypoth\u00e8ses. En somme, c\u2019est tenter de comprendre et de reconstituer au fil du temps une personnalit\u00e9, une pratique, et finalement un territoire. Mon enqu\u00eate sur Br\u00e1ulio Amado commence en janvier dernier, par l\u2019acquisition de son ouvrage <em>2018<\/em>\u00a0sur le site de l\u2019\u00e9diteur portugais Stolen Books. Elle se poursuit ensuite sur plusieurs mois, durant lesquels je me trouve tour \u00e0 tour transport\u00e9e dans les sous-sols de clubs, dans les sc\u00e8nes musicales lisbo\u00e8tes ou new-yorkaises, puis au sein des colonnes d\u2019un hebdomadaire am\u00e9ricain consacr\u00e9 \u00e0 l\u2019\u00e9conomie, pour terminer au c\u0153ur d\u2019une certaine relation entre l\u2019historique affichiste et le tr\u00e8s actuel graphiste-illustrateur.<\/p>\n","protected":false},"excerpt":{"rendered":"<p>\u00c9puis\u00e9 \u2014 disponible uniquement avec l\u2019abonnement \u00e0 la saison 3<br \/>\nAutrice : Manon Bruet<br \/>\n20 pages, 21 \u00d7 29,7 cm, CMJN + 1 PMS en couverture<br \/>\n10 novembre 2021<br \/>\nisbn 979-10-95991-19-9<br \/>\nissn 2558-2062<\/p>\n","protected":false},"featured_media":17063,"comment_status":"open","ping_status":"closed","template":"","meta":[],"product_brand":[],"product_cat":[3849],"product_tag":[3999,3850,4000,4001,4002,4003,4004,3859,4005,3893,3993,4006,4007,4008,4009,3895,4010,4011,3969,4012,4013,4014,4015],"contributor":[47],"season":[35],"subject":[3901,3302,3144,3261,3916,3918,3904],"collection":[],"artist":[3997,3818,3998],"limited_edition":[],"class_list":{"0":"post-17403","1":"product","2":"type-product","3":"status-publish","4":"has-post-thumbnail","6":"product_cat-revue-faire-fr","7":"product_tag-barney-bubbles-fr-2","8":"product_tag-braulio-amado-fr-2","9":"product_tag-brigade-cynophile-fr-2","10":"product_tag-businessweek-fr-2","11":"product_tag-concert-fr-2","12":"product_tag-copeland-brothers-fr-2","13":"product_tag-fanzine-fr-2","14":"product_tag-felicite-landrivon-fr-2","15":"product_tag-good-room-fr-2","16":"product_tag-graphic-design-fr-2","17":"product_tag-illustration-fr-2","18":"product_tag-ines-cox-fr-2","19":"product_tag-isabelle-fr-2","20":"product_tag-jennifer-bartlett-fr-2","21":"product_tag-kevin-bray-fr-2","22":"product_tag-magazine-fr-2","23":"product_tag-milton-glaser-fr-2","24":"product_tag-musique-fr-2","25":"product_tag-new-york-fr-2","26":"product_tag-raymond-pettibon-fr-2","27":"product_tag-raymond-savignac-fr-2","28":"product_tag-roisin-murphy-fr-2","29":"product_tag-zoomdoom-fr-2","30":"contributor-manon-bruet","31":"season-35","32":"subject-graphic-design-fr","33":"subject-illustration-fr","34":"subject-instagram-fr","35":"subject-musique-fr","36":"subject-poster-fr","37":"subject-process-fr","38":"subject-publishing-fr","39":"artist-braulio-amado","40":"artist-felicite-landrivon","41":"artist-ines-cox","43":"first","44":"outofstock","45":"featured","46":"shipping-taxable","47":"product-type-simple"},"_links":{"self":[{"href":"https:\/\/e-m-p-i-r-e.eu\/fr\/wp-json\/wp\/v2\/product\/17403","targetHints":{"allow":["GET"]}}],"collection":[{"href":"https:\/\/e-m-p-i-r-e.eu\/fr\/wp-json\/wp\/v2\/product"}],"about":[{"href":"https:\/\/e-m-p-i-r-e.eu\/fr\/wp-json\/wp\/v2\/types\/product"}],"replies":[{"embeddable":true,"href":"https:\/\/e-m-p-i-r-e.eu\/fr\/wp-json\/wp\/v2\/comments?post=17403"}],"wp:featuredmedia":[{"embeddable":true,"href":"https:\/\/e-m-p-i-r-e.eu\/fr\/wp-json\/wp\/v2\/media\/17063"}],"wp:attachment":[{"href":"https:\/\/e-m-p-i-r-e.eu\/fr\/wp-json\/wp\/v2\/media?parent=17403"}],"wp:term":[{"taxonomy":"product_brand","embeddable":true,"href":"https:\/\/e-m-p-i-r-e.eu\/fr\/wp-json\/wp\/v2\/product_brand?post=17403"},{"taxonomy":"product_cat","embeddable":true,"href":"https:\/\/e-m-p-i-r-e.eu\/fr\/wp-json\/wp\/v2\/product_cat?post=17403"},{"taxonomy":"product_tag","embeddable":true,"href":"https:\/\/e-m-p-i-r-e.eu\/fr\/wp-json\/wp\/v2\/product_tag?post=17403"},{"taxonomy":"contributor","embeddable":true,"href":"https:\/\/e-m-p-i-r-e.eu\/fr\/wp-json\/wp\/v2\/contributor?post=17403"},{"taxonomy":"season","embeddable":true,"href":"https:\/\/e-m-p-i-r-e.eu\/fr\/wp-json\/wp\/v2\/season?post=17403"},{"taxonomy":"subject","embeddable":true,"href":"https:\/\/e-m-p-i-r-e.eu\/fr\/wp-json\/wp\/v2\/subject?post=17403"},{"taxonomy":"collection","embeddable":true,"href":"https:\/\/e-m-p-i-r-e.eu\/fr\/wp-json\/wp\/v2\/collection?post=17403"},{"taxonomy":"artist","embeddable":true,"href":"https:\/\/e-m-p-i-r-e.eu\/fr\/wp-json\/wp\/v2\/artist?post=17403"},{"taxonomy":"limited_edition","embeddable":true,"href":"https:\/\/e-m-p-i-r-e.eu\/fr\/wp-json\/wp\/v2\/limited_edition?post=17403"}],"curies":[{"name":"wp","href":"https:\/\/api.w.org\/{rel}","templated":true}]}}