{"id":17401,"date":"2021-08-24T15:26:25","date_gmt":"2021-08-24T13:26:25","guid":{"rendered":"https:\/\/e-m-p-i-r-e.eu\/produit\/n33-ligneous-tentacular-forms-decorative-invasions-and-man-eating-plants-author-camille-pageard\/"},"modified":"2026-02-09T20:12:16","modified_gmt":"2026-02-09T19:12:16","slug":"n33-ligneous-tentacular-forms-decorative-invasions-and-man-eating-plants-author-camille-pageard","status":"publish","type":"product","link":"https:\/\/e-m-p-i-r-e.eu\/fr\/produit\/n33-ligneous-tentacular-forms-decorative-invasions-and-man-eating-plants-author-camille-pageard\/","title":{"rendered":"n\u00b033 \u2014 Formes ligneuses et tentaculaires : Plantes mangeuses d\u2019hommes et invasions d\u00e9coratives. Auteur: Camille Pageard"},"content":{"rendered":"<p>Au cours du XIX<sup>e<\/sup> si\u00e8cle, un nouveau genre litt\u00e9raire parcourt l\u2019Angleterre. Le roman gothique s\u2019empare de th\u00e9matiques qui alimenteront l\u2019imaginaire des productions culturelles modernes occidentales. Des esprits malfaisants, des corps abjects, des \u00e9motions exacerb\u00e9es et une nature d\u00e9r\u00e9gl\u00e9e deviennent les protagonistes de repr\u00e9sentations extra-rationnelles. Au sein de ce nouveau courant se d\u00e9veloppe un sous-genre o\u00f9 une v\u00e9g\u00e9tation hostile tue et d\u00e9vore les hommes \u00e0 coup de lianes et de racines tentaculaires, de parfums empoisonn\u00e9s et de gueules \u00e9pineuses. Le go\u00fbt litt\u00e9raire pour l\u2019horreur conduit \u00e0 un nouveau \u00ab plaisir de l\u2019\u0153il \u00bb d\u00e9ploy\u00e9 par les illustrateurs sur les planches et les couvertures des livres. L\u2019invasion des images au XIX<sup>e<\/sup> si\u00e8cle est ainsi aussi celle de l\u2019envahissement par une nature hybride moins pacifi\u00e9e et r\u00e9gent\u00e9e que le laisse entendre l\u2019histoire de l\u2019ornement.<\/p>\n","protected":false},"excerpt":{"rendered":"<p>Auteur : Camille Pageard<br \/>\n20 pages, 21 \u00d7 29,7 cm, CMJN + 1 PMS en couverture<br \/>\n24 novembre 2021<br \/>\nisbn 979-10-95991-19-9<br \/>\nissn 2558-2062<\/p>\n","protected":false},"featured_media":17057,"comment_status":"open","ping_status":"closed","template":"","meta":[],"product_brand":[],"product_cat":[3849],"product_tag":[203,3888,3889,3991,3891,3992,3893,3993,3965,3994,3995],"contributor":[154],"season":[35],"subject":[3185,3899,3900,3901,3302,3197,3996],"collection":[],"artist":[],"limited_edition":[],"class_list":{"0":"post-17401","1":"product","2":"type-product","3":"status-publish","4":"has-post-thumbnail","6":"product_cat-revue-faire-fr","7":"product_tag-art-fr","8":"product_tag-book-fr-2","9":"product_tag-book-design-fr","10":"product_tag-color-fr","11":"product_tag-cover-fr","12":"product_tag-decoration-fr-2","13":"product_tag-graphic-design-fr-2","14":"product_tag-illustration-fr-2","15":"product_tag-image-fr-2","16":"product_tag-ornementation-fr-2","17":"product_tag-plants-fr","18":"contributor-camille-pageard","19":"season-35","20":"subject-art-fr","21":"subject-book-fr","22":"subject-cover-fr","23":"subject-graphic-design-fr","24":"subject-illustration-fr","25":"subject-image-fr","26":"subject-plants-fr","28":"first","29":"instock","30":"featured","31":"shipping-taxable","32":"purchasable","33":"product-type-simple"},"_links":{"self":[{"href":"https:\/\/e-m-p-i-r-e.eu\/fr\/wp-json\/wp\/v2\/product\/17401","targetHints":{"allow":["GET"]}}],"collection":[{"href":"https:\/\/e-m-p-i-r-e.eu\/fr\/wp-json\/wp\/v2\/product"}],"about":[{"href":"https:\/\/e-m-p-i-r-e.eu\/fr\/wp-json\/wp\/v2\/types\/product"}],"replies":[{"embeddable":true,"href":"https:\/\/e-m-p-i-r-e.eu\/fr\/wp-json\/wp\/v2\/comments?post=17401"}],"wp:featuredmedia":[{"embeddable":true,"href":"https:\/\/e-m-p-i-r-e.eu\/fr\/wp-json\/wp\/v2\/media\/17057"}],"wp:attachment":[{"href":"https:\/\/e-m-p-i-r-e.eu\/fr\/wp-json\/wp\/v2\/media?parent=17401"}],"wp:term":[{"taxonomy":"product_brand","embeddable":true,"href":"https:\/\/e-m-p-i-r-e.eu\/fr\/wp-json\/wp\/v2\/product_brand?post=17401"},{"taxonomy":"product_cat","embeddable":true,"href":"https:\/\/e-m-p-i-r-e.eu\/fr\/wp-json\/wp\/v2\/product_cat?post=17401"},{"taxonomy":"product_tag","embeddable":true,"href":"https:\/\/e-m-p-i-r-e.eu\/fr\/wp-json\/wp\/v2\/product_tag?post=17401"},{"taxonomy":"contributor","embeddable":true,"href":"https:\/\/e-m-p-i-r-e.eu\/fr\/wp-json\/wp\/v2\/contributor?post=17401"},{"taxonomy":"season","embeddable":true,"href":"https:\/\/e-m-p-i-r-e.eu\/fr\/wp-json\/wp\/v2\/season?post=17401"},{"taxonomy":"subject","embeddable":true,"href":"https:\/\/e-m-p-i-r-e.eu\/fr\/wp-json\/wp\/v2\/subject?post=17401"},{"taxonomy":"collection","embeddable":true,"href":"https:\/\/e-m-p-i-r-e.eu\/fr\/wp-json\/wp\/v2\/collection?post=17401"},{"taxonomy":"artist","embeddable":true,"href":"https:\/\/e-m-p-i-r-e.eu\/fr\/wp-json\/wp\/v2\/artist?post=17401"},{"taxonomy":"limited_edition","embeddable":true,"href":"https:\/\/e-m-p-i-r-e.eu\/fr\/wp-json\/wp\/v2\/limited_edition?post=17401"}],"curies":[{"name":"wp","href":"https:\/\/api.w.org\/{rel}","templated":true}]}}