{"id":17400,"date":"2021-08-24T15:28:02","date_gmt":"2021-08-24T13:28:02","guid":{"rendered":"https:\/\/e-m-p-i-r-e.eu\/produit\/n34-an-award-what-is-a-most-beautiful-book-author-thierry-chancogne\/"},"modified":"2026-02-09T20:08:28","modified_gmt":"2026-02-09T19:08:28","slug":"n34-an-award-what-is-a-most-beautiful-book-author-thierry-chancogne","status":"publish","type":"product","link":"https:\/\/e-m-p-i-r-e.eu\/fr\/produit\/n34-an-award-what-is-a-most-beautiful-book-author-thierry-chancogne\/","title":{"rendered":"n\u00b034 \u2014 Un prix : Qu\u2019est-ce qu\u2019un plus beau livre ? Auteur : Thierry Chancogne"},"content":{"rendered":"<p>C\u2019est au si\u00e8cle des Lumi\u00e8res que l\u2019esth\u00e9tique s\u2019autonomise, que le Beau se d\u00e9tache du Bien et de l\u2019Utile comme acc\u00e8s libre au sens, \u00e0 la v\u00e9rit\u00e9. Et l\u2019on peut se demander si, \u00e0 partir de la r\u00e9volution industrielle, le design du dessin \u00e0 dessein n\u2019a pas dans une certaine mesure repris le flambeau des techniques appliqu\u00e9es de l\u2019ancien r\u00e9gime de l\u2019art de faire et de la beaut\u00e9. Qu\u2019en est-il d\u00e8s lors du qualificatif de \u00ab beau \u00bb appliqu\u00e9 \u00e0 la typographie comprise comme art de la mise en forme des livres depuis 1943 et la mise en place du \u00ab Prix des plus beaux livres suisses \u00bb sous l\u2019impulsion du fameux Jan Tschichold?<\/p>\n","protected":false},"excerpt":{"rendered":"<p>Auteur: Thierry Chancogne<br \/>\n28 pages, 21 \u00d7 29,7 cm, NB + 1 PMS<br \/>\n05 janvier 2022<br \/>\nisbn 979-10-95991-19-9<br \/>\nissn 2558-2062<\/p>\n","protected":false},"featured_media":17051,"comment_status":"open","ping_status":"closed","template":"","meta":[],"product_brand":[],"product_cat":[3849],"product_tag":[3887,3980,3888,3889,3981,3982,3893,3983,3984,3985,3986,3987,3988,3896,3989,3878],"contributor":[50],"season":[35],"subject":[3898,3899,3901,3917,3904,3990,3882],"collection":[],"artist":[],"limited_edition":[],"class_list":{"0":"post-17400","1":"product","2":"type-product","3":"status-publish","4":"has-post-thumbnail","6":"product_cat-revue-faire-fr","7":"product_tag-bibliophily-fr","8":"product_tag-binding-fr","9":"product_tag-book-fr-2","10":"product_tag-book-design-fr","11":"product_tag-canons-2-fr","12":"product_tag-cornel-windlin-fr-2","13":"product_tag-graphic-design-fr-2","14":"product_tag-jan-tschichold-fr-2","15":"product_tag-maximage-fr-2","16":"product_tag-paper-fr","17":"product_tag-price-fr","18":"product_tag-printed-matter-fr","19":"product_tag-production-fr-2","20":"product_tag-publishing-fr","21":"product_tag-the-most-beautiful-swiss-book-fr","22":"product_tag-typography-fr","23":"contributor-thierry-chancogne","24":"season-35","25":"subject-bibliophily-fr","26":"subject-book-fr","27":"subject-graphic-design-fr","28":"subject-printed-matter-fr","29":"subject-publishing-fr","30":"subject-the-most-beautiful-swiss-book-fr","31":"subject-typography-fr","33":"first","34":"instock","35":"featured","36":"shipping-taxable","37":"purchasable","38":"product-type-simple"},"_links":{"self":[{"href":"https:\/\/e-m-p-i-r-e.eu\/fr\/wp-json\/wp\/v2\/product\/17400","targetHints":{"allow":["GET"]}}],"collection":[{"href":"https:\/\/e-m-p-i-r-e.eu\/fr\/wp-json\/wp\/v2\/product"}],"about":[{"href":"https:\/\/e-m-p-i-r-e.eu\/fr\/wp-json\/wp\/v2\/types\/product"}],"replies":[{"embeddable":true,"href":"https:\/\/e-m-p-i-r-e.eu\/fr\/wp-json\/wp\/v2\/comments?post=17400"}],"wp:featuredmedia":[{"embeddable":true,"href":"https:\/\/e-m-p-i-r-e.eu\/fr\/wp-json\/wp\/v2\/media\/17051"}],"wp:attachment":[{"href":"https:\/\/e-m-p-i-r-e.eu\/fr\/wp-json\/wp\/v2\/media?parent=17400"}],"wp:term":[{"taxonomy":"product_brand","embeddable":true,"href":"https:\/\/e-m-p-i-r-e.eu\/fr\/wp-json\/wp\/v2\/product_brand?post=17400"},{"taxonomy":"product_cat","embeddable":true,"href":"https:\/\/e-m-p-i-r-e.eu\/fr\/wp-json\/wp\/v2\/product_cat?post=17400"},{"taxonomy":"product_tag","embeddable":true,"href":"https:\/\/e-m-p-i-r-e.eu\/fr\/wp-json\/wp\/v2\/product_tag?post=17400"},{"taxonomy":"contributor","embeddable":true,"href":"https:\/\/e-m-p-i-r-e.eu\/fr\/wp-json\/wp\/v2\/contributor?post=17400"},{"taxonomy":"season","embeddable":true,"href":"https:\/\/e-m-p-i-r-e.eu\/fr\/wp-json\/wp\/v2\/season?post=17400"},{"taxonomy":"subject","embeddable":true,"href":"https:\/\/e-m-p-i-r-e.eu\/fr\/wp-json\/wp\/v2\/subject?post=17400"},{"taxonomy":"collection","embeddable":true,"href":"https:\/\/e-m-p-i-r-e.eu\/fr\/wp-json\/wp\/v2\/collection?post=17400"},{"taxonomy":"artist","embeddable":true,"href":"https:\/\/e-m-p-i-r-e.eu\/fr\/wp-json\/wp\/v2\/artist?post=17400"},{"taxonomy":"limited_edition","embeddable":true,"href":"https:\/\/e-m-p-i-r-e.eu\/fr\/wp-json\/wp\/v2\/limited_edition?post=17400"}],"curies":[{"name":"wp","href":"https:\/\/api.w.org\/{rel}","templated":true}]}}