{"id":17398,"date":"2021-08-24T15:29:55","date_gmt":"2021-08-24T13:29:55","guid":{"rendered":"https:\/\/e-m-p-i-r-e.eu\/produit\/n35-an-eye-artists-view-of-the-modern-world-1911-1938-author-sonia-de-puineuf\/"},"modified":"2026-02-09T19:59:35","modified_gmt":"2026-02-09T18:59:35","slug":"n35-an-eye-artists-view-of-the-modern-world-1911-1938-author-sonia-de-puineuf","status":"publish","type":"product","link":"https:\/\/e-m-p-i-r-e.eu\/fr\/produit\/n35-an-eye-artists-view-of-the-modern-world-1911-1938-author-sonia-de-puineuf\/","title":{"rendered":"n\u00b035 \u2014 Un \u0153il : le regard des artistes sur le monde moderne 1911-1938. Auteure : Sonia de Puineuf"},"content":{"rendered":"<p>Dans la production graphique des artistes modernes appara\u00eet de fa\u00e7on r\u00e9currente l\u2019image de l\u2019\u0153il. Celui-ci est souvent trait\u00e9 comme motif autonome, d\u00e9tach\u00e9 du reste du visage, de surcro\u00eet combin\u00e9 aux inscriptions et signes typographiques. Ces \u0153uvres sont alors \u00e0 comprendre comme une mise en sc\u00e8ne (ou mise en pages) du regard.<\/p>\n<p class=\"p1\">\u00a0 \u00a0 \u00a0 \u00a0 \u00a0\u00a0De l\u2019affiche pour l\u2019Exposition internationale de l\u2019Hygi\u00e8ne \u00e0 Dresde dessin\u00e9e par le Munichois Franz von Stuck (1911) \u00e0 la couverture du livre \u00c9criture et photographie dans la publicit\u00e9 photo-mont\u00e9e par le Tch\u00e8que Zden\u011bk Rossmann (1938), en passant par l\u2019iconoclaste L\u2019\u0153il cacodylate de Francis Picabia (1921) qui est une peinture sans peinture, ce riche corpus t\u00e9moigne d\u2019une \u00e9volution notable de sensibilit\u00e9 au sein de l\u2019avant-garde et d\u2019un questionnement sur la justesse de la vision de l\u2019artiste confront\u00e9 aux \u00e9volutions technologiques du monde moderne.<\/p>\n","protected":false},"excerpt":{"rendered":"<p>Auteure: Sonia de Puineuf<br \/>\n20 pages, 21 \u00d7 29,7 cm, CMJN<br \/>\n16 f\u00e9vrier 2022<br \/>\nisbn 979-10-95991-40-3<br \/>\nissn 2558-2062<\/p>\n","protected":false},"featured_media":17039,"comment_status":"open","ping_status":"closed","template":"","meta":[],"product_brand":[],"product_cat":[3849],"product_tag":[3936,3937,3938,3939,3940,3941,3942,3943,3944,3945,3946,3947,3948,3949,3950,3951,3952,3953,3954,3955],"contributor":[145],"season":[35],"subject":[3114,3185,3170,3302,3197,3903,3233,3957,3885,3916],"collection":[],"artist":[3934,3935],"limited_edition":[],"class_list":{"0":"post-17398","1":"product","2":"type-product","3":"status-publish","4":"has-post-thumbnail","6":"product_cat-revue-faire-fr","7":"product_tag-bauhaus-2-fr","8":"product_tag-collage-fr-2","9":"product_tag-constructivism-fr","10":"product_tag-dadaism-fr","11":"product_tag-dziga-vertov-fr-2","12":"product_tag-el-lissitzky-fr-2","13":"product_tag-eye-fr","14":"product_tag-germany-fr","15":"product_tag-gestalt-fr-2","16":"product_tag-herbert-bayer-2-fr","17":"product_tag-history-fr","18":"product_tag-laszlo-moholy-nagy-fr-2","19":"product_tag-man-ray-fr-2","20":"product_tag-new-objectivity-fr","21":"product_tag-new-vision-fr","22":"product_tag-surrealism-fr","23":"product_tag-symbolism-fr","24":"product_tag-third-reich-fr","25":"product_tag-walter-gropius-2-fr","26":"product_tag-weimar-fr-2","27":"contributor-sonia-de-puineuf","28":"season-35","29":"subject-archive-fr","30":"subject-art-fr","31":"subject-design-fr","32":"subject-illustration-fr","33":"subject-image-fr","34":"subject-magazine-fr","35":"subject-mediation-fr","36":"subject-modern-art-fr","37":"subject-photography-fr","38":"subject-poster-fr","39":"artist-el-lissitzky","40":"artist-herbert-bayer","42":"first","43":"instock","44":"featured","45":"shipping-taxable","46":"purchasable","47":"product-type-simple"},"_links":{"self":[{"href":"https:\/\/e-m-p-i-r-e.eu\/fr\/wp-json\/wp\/v2\/product\/17398","targetHints":{"allow":["GET"]}}],"collection":[{"href":"https:\/\/e-m-p-i-r-e.eu\/fr\/wp-json\/wp\/v2\/product"}],"about":[{"href":"https:\/\/e-m-p-i-r-e.eu\/fr\/wp-json\/wp\/v2\/types\/product"}],"replies":[{"embeddable":true,"href":"https:\/\/e-m-p-i-r-e.eu\/fr\/wp-json\/wp\/v2\/comments?post=17398"}],"wp:featuredmedia":[{"embeddable":true,"href":"https:\/\/e-m-p-i-r-e.eu\/fr\/wp-json\/wp\/v2\/media\/17039"}],"wp:attachment":[{"href":"https:\/\/e-m-p-i-r-e.eu\/fr\/wp-json\/wp\/v2\/media?parent=17398"}],"wp:term":[{"taxonomy":"product_brand","embeddable":true,"href":"https:\/\/e-m-p-i-r-e.eu\/fr\/wp-json\/wp\/v2\/product_brand?post=17398"},{"taxonomy":"product_cat","embeddable":true,"href":"https:\/\/e-m-p-i-r-e.eu\/fr\/wp-json\/wp\/v2\/product_cat?post=17398"},{"taxonomy":"product_tag","embeddable":true,"href":"https:\/\/e-m-p-i-r-e.eu\/fr\/wp-json\/wp\/v2\/product_tag?post=17398"},{"taxonomy":"contributor","embeddable":true,"href":"https:\/\/e-m-p-i-r-e.eu\/fr\/wp-json\/wp\/v2\/contributor?post=17398"},{"taxonomy":"season","embeddable":true,"href":"https:\/\/e-m-p-i-r-e.eu\/fr\/wp-json\/wp\/v2\/season?post=17398"},{"taxonomy":"subject","embeddable":true,"href":"https:\/\/e-m-p-i-r-e.eu\/fr\/wp-json\/wp\/v2\/subject?post=17398"},{"taxonomy":"collection","embeddable":true,"href":"https:\/\/e-m-p-i-r-e.eu\/fr\/wp-json\/wp\/v2\/collection?post=17398"},{"taxonomy":"artist","embeddable":true,"href":"https:\/\/e-m-p-i-r-e.eu\/fr\/wp-json\/wp\/v2\/artist?post=17398"},{"taxonomy":"limited_edition","embeddable":true,"href":"https:\/\/e-m-p-i-r-e.eu\/fr\/wp-json\/wp\/v2\/limited_edition?post=17398"}],"curies":[{"name":"wp","href":"https:\/\/api.w.org\/{rel}","templated":true}]}}