{"id":17396,"date":"2021-08-24T15:31:37","date_gmt":"2021-08-24T13:31:37","guid":{"rendered":"https:\/\/e-m-p-i-r-e.eu\/produit\/n38-a-debate-jan-van-toorn-wim-crouwel-author-thierry-chancogne\/"},"modified":"2026-02-09T19:55:04","modified_gmt":"2026-02-09T18:55:04","slug":"n38-a-debate-jan-van-toorn-wim-crouwel-author-thierry-chancogne","status":"publish","type":"product","link":"https:\/\/e-m-p-i-r-e.eu\/fr\/produit\/n38-a-debate-jan-van-toorn-wim-crouwel-author-thierry-chancogne\/","title":{"rendered":"n\u00b038 \u2014 Num\u00e9ro Sp\u00e9cial : Un d\u00e9bat : Jan Van Toorn \/ Wim Crouwel. Auteur : Thierry Chancogne"},"content":{"rendered":"<p>On nous rapporte que le hall du mus\u00e9e Fodor d\u2019Amsterdam dans lequel se situe la sc\u00e8ne, le 9 novembre 1972 en soir\u00e9e, est \u00ab enfum\u00e9, bruyant et bond\u00e9 \u00bb, que l\u2019auditoire rassembl\u00e9 se fait entendre par de \u00ab fr\u00e9quentes vocif\u00e9rations \u00bb. Le centre de cette ar\u00e8ne fi\u00e9vreuse est la rencontre de deux graphic designers, de deux graphistes, de deux typographes, Wim Crouwel et Jan Van Toorn, dans un pays o\u00f9 leur voix porte, o\u00f9 leur pens\u00e9e est importante. Une rencontre, une conversation, ou plut\u00f4t une confrontation, une controverse, un d\u00e9bat selon le terme qui lui sera consacr\u00e9, qui caract\u00e9rise les repr\u00e9sentations de notre discipline dans les ann\u00e9es 1980 et qui pourrait avoir encore quelque \u00e9cho aujourd\u2019hui.<\/p>\n","protected":false},"excerpt":{"rendered":"<p>Auteurs : Thierry Chancogne<br \/>\n64 pages, 21 \u00d7 29,7 cm, CMJN + 1 PMS<br \/>\n27 avril 2022<br \/>\nisbn 979-10-95991-29-8<br \/>\nRemerciement tout particulier aux archives de Jan van Toorn, Allard Pierson, Universit\u00e9 d\u2019Amsterdam.<\/p>\n","protected":false},"featured_media":17017,"comment_status":"open","ping_status":"closed","template":"","meta":[],"product_brand":[],"product_cat":[3849],"product_tag":[3923,3924,3925,3926,3927,3928,3893,3929,3930,3931,3932,3878],"contributor":[50],"season":[35],"subject":[3114,3899,3133,3900,3170,3901,3197,3916,3917,3128],"collection":[],"artist":[3922,3921],"limited_edition":[],"class_list":{"0":"post-17396","1":"product","2":"type-product","3":"status-publish","4":"has-post-thumbnail","6":"product_cat-revue-faire-fr","7":"product_tag-80s-fr-2","8":"product_tag-amsterdam-fr-2","9":"product_tag-controversy-fr","10":"product_tag-conversation-fr-2","11":"product_tag-debate-fr","12":"product_tag-design-fr-2","13":"product_tag-graphic-design-fr-2","14":"product_tag-graphic-designers-fr","15":"product_tag-netherlands-fr","16":"product_tag-posters-fr","17":"product_tag-typographers-fr","18":"product_tag-typography-fr","19":"contributor-thierry-chancogne","20":"season-35","21":"subject-archive-fr","22":"subject-book-fr","23":"subject-communication-fr","24":"subject-cover-fr","25":"subject-design-fr","26":"subject-graphic-design-fr","27":"subject-image-fr","28":"subject-poster-fr","29":"subject-printed-matter-fr","30":"subject-reproduction-fr","31":"artist-jan-van-toorn","32":"artist-wim-crouwel","34":"first","35":"instock","36":"featured","37":"shipping-taxable","38":"purchasable","39":"product-type-simple"},"_links":{"self":[{"href":"https:\/\/e-m-p-i-r-e.eu\/fr\/wp-json\/wp\/v2\/product\/17396","targetHints":{"allow":["GET"]}}],"collection":[{"href":"https:\/\/e-m-p-i-r-e.eu\/fr\/wp-json\/wp\/v2\/product"}],"about":[{"href":"https:\/\/e-m-p-i-r-e.eu\/fr\/wp-json\/wp\/v2\/types\/product"}],"replies":[{"embeddable":true,"href":"https:\/\/e-m-p-i-r-e.eu\/fr\/wp-json\/wp\/v2\/comments?post=17396"}],"wp:featuredmedia":[{"embeddable":true,"href":"https:\/\/e-m-p-i-r-e.eu\/fr\/wp-json\/wp\/v2\/media\/17017"}],"wp:attachment":[{"href":"https:\/\/e-m-p-i-r-e.eu\/fr\/wp-json\/wp\/v2\/media?parent=17396"}],"wp:term":[{"taxonomy":"product_brand","embeddable":true,"href":"https:\/\/e-m-p-i-r-e.eu\/fr\/wp-json\/wp\/v2\/product_brand?post=17396"},{"taxonomy":"product_cat","embeddable":true,"href":"https:\/\/e-m-p-i-r-e.eu\/fr\/wp-json\/wp\/v2\/product_cat?post=17396"},{"taxonomy":"product_tag","embeddable":true,"href":"https:\/\/e-m-p-i-r-e.eu\/fr\/wp-json\/wp\/v2\/product_tag?post=17396"},{"taxonomy":"contributor","embeddable":true,"href":"https:\/\/e-m-p-i-r-e.eu\/fr\/wp-json\/wp\/v2\/contributor?post=17396"},{"taxonomy":"season","embeddable":true,"href":"https:\/\/e-m-p-i-r-e.eu\/fr\/wp-json\/wp\/v2\/season?post=17396"},{"taxonomy":"subject","embeddable":true,"href":"https:\/\/e-m-p-i-r-e.eu\/fr\/wp-json\/wp\/v2\/subject?post=17396"},{"taxonomy":"collection","embeddable":true,"href":"https:\/\/e-m-p-i-r-e.eu\/fr\/wp-json\/wp\/v2\/collection?post=17396"},{"taxonomy":"artist","embeddable":true,"href":"https:\/\/e-m-p-i-r-e.eu\/fr\/wp-json\/wp\/v2\/artist?post=17396"},{"taxonomy":"limited_edition","embeddable":true,"href":"https:\/\/e-m-p-i-r-e.eu\/fr\/wp-json\/wp\/v2\/limited_edition?post=17396"}],"curies":[{"name":"wp","href":"https:\/\/api.w.org\/{rel}","templated":true}]}}