{"id":17395,"date":"2021-08-24T15:32:43","date_gmt":"2021-08-24T13:32:43","guid":{"rendered":"https:\/\/e-m-p-i-r-e.eu\/produit\/n39-une-collaboration-les-urbaines-et-eurostandard-auteure-manon-bruet\/"},"modified":"2026-02-09T19:48:30","modified_gmt":"2026-02-09T18:48:30","slug":"n39-une-collaboration-les-urbaines-et-eurostandard-auteure-manon-bruet","status":"publish","type":"product","link":"https:\/\/e-m-p-i-r-e.eu\/fr\/produit\/n39-une-collaboration-les-urbaines-et-eurostandard-auteure-manon-bruet\/","title":{"rendered":"n\u00b040 \u2014 Une collaboration : Les Urbaines et Eurostandard. Auteure : Manon Bruet"},"content":{"rendered":"<p>Depuis son ouverture en 1996, le festival interdisciplinaire lausannois Les Urbaines a collabor\u00e9 avec de nombreux graphistes suisses. Apr\u00e8s, entre autres, Guillaume Chuard &amp; Renato Z\u00fclli (2011), Maximage (2012-2015) et Daniel H\u00e4ttenschwiller &amp; Thomas Petit (2016), c\u2019est Eurostandard qui travaille \u00e0 l\u2019identit\u00e9 de trois \u00e9ditions entre 2017 et 2019. Pour constituer ce triptyque pens\u00e9 comme un tout, le studio propose d\u2019explorer pour chacune une nouvelle technique destin\u00e9e \u00e0 l\u2019origine \u00e0 produire des selfies d\u00e9form\u00e9s. D\u2019une part, l\u2019usage de ce proc\u00e9d\u00e9 leur permet de questionner les modes d\u2019auto-repr\u00e9sentation et donc de produire un discours profond\u00e9ment ancr\u00e9 dans son \u00e9poque. De l\u2019autre, cela leur permet de g\u00e9n\u00e9rer des visuels singuliers et d\u2019inscrire ind\u00e9niablement leur identit\u00e9 en trois volets dans la lign\u00e9e des pr\u00e9c\u00e9dentes. Ce num\u00e9ro de la revue sera l\u2019occasion de revenir, \u00e0 travers la voix des graphistes et surtout des commanditaires, sur ces trois ann\u00e9es de collaboration et plus largement sur les diff\u00e9rentes identit\u00e9s de ce festival, qui semblent \u00e0 elles-seules dessiner un certain paysage du graphisme suisse.<\/p>\n","protected":false},"excerpt":{"rendered":"<p>Auteure : Manon Bruet<br \/>\n24 pages, 21 \u00d7 29,7 cm, CMJN<br \/>\n28 septembre 2022<br \/>\nisbn 979-10-95991-41-0<br \/>\nissn 2558-2062<\/p>\n","protected":false},"featured_media":16977,"comment_status":"open","ping_status":"closed","template":"","meta":[],"product_brand":[],"product_cat":[3849],"product_tag":[],"contributor":[2089,47,2480,2608],"season":[35],"subject":[3177,3901,3902,3136,3261,3915,3234,3916,3917,3918,3919,3882,3920],"collection":[],"artist":[3914,3821],"limited_edition":[],"class_list":{"0":"post-17395","1":"product","2":"type-product","3":"status-publish","4":"has-post-thumbnail","6":"product_cat-revue-faire-fr","7":"contributor-eurostandard","8":"contributor-manon-bruet","9":"contributor-samuel-antoine","10":"contributor-ysaline-rochat","11":"season-35","12":"subject-ecal-fr","13":"subject-graphic-design-fr","14":"subject-identity-fr","15":"subject-logo-fr","16":"subject-musique-fr","17":"subject-offset-printing-fr","18":"subject-performance-fr","19":"subject-poster-fr","20":"subject-printed-matter-fr","21":"subject-process-fr","22":"subject-tools-fr","23":"subject-typography-fr","24":"subject-website-fr","25":"artist-eurostandard","26":"artist-maximage","28":"first","29":"instock","30":"featured","31":"shipping-taxable","32":"purchasable","33":"product-type-simple"},"_links":{"self":[{"href":"https:\/\/e-m-p-i-r-e.eu\/fr\/wp-json\/wp\/v2\/product\/17395","targetHints":{"allow":["GET"]}}],"collection":[{"href":"https:\/\/e-m-p-i-r-e.eu\/fr\/wp-json\/wp\/v2\/product"}],"about":[{"href":"https:\/\/e-m-p-i-r-e.eu\/fr\/wp-json\/wp\/v2\/types\/product"}],"replies":[{"embeddable":true,"href":"https:\/\/e-m-p-i-r-e.eu\/fr\/wp-json\/wp\/v2\/comments?post=17395"}],"wp:featuredmedia":[{"embeddable":true,"href":"https:\/\/e-m-p-i-r-e.eu\/fr\/wp-json\/wp\/v2\/media\/16977"}],"wp:attachment":[{"href":"https:\/\/e-m-p-i-r-e.eu\/fr\/wp-json\/wp\/v2\/media?parent=17395"}],"wp:term":[{"taxonomy":"product_brand","embeddable":true,"href":"https:\/\/e-m-p-i-r-e.eu\/fr\/wp-json\/wp\/v2\/product_brand?post=17395"},{"taxonomy":"product_cat","embeddable":true,"href":"https:\/\/e-m-p-i-r-e.eu\/fr\/wp-json\/wp\/v2\/product_cat?post=17395"},{"taxonomy":"product_tag","embeddable":true,"href":"https:\/\/e-m-p-i-r-e.eu\/fr\/wp-json\/wp\/v2\/product_tag?post=17395"},{"taxonomy":"contributor","embeddable":true,"href":"https:\/\/e-m-p-i-r-e.eu\/fr\/wp-json\/wp\/v2\/contributor?post=17395"},{"taxonomy":"season","embeddable":true,"href":"https:\/\/e-m-p-i-r-e.eu\/fr\/wp-json\/wp\/v2\/season?post=17395"},{"taxonomy":"subject","embeddable":true,"href":"https:\/\/e-m-p-i-r-e.eu\/fr\/wp-json\/wp\/v2\/subject?post=17395"},{"taxonomy":"collection","embeddable":true,"href":"https:\/\/e-m-p-i-r-e.eu\/fr\/wp-json\/wp\/v2\/collection?post=17395"},{"taxonomy":"artist","embeddable":true,"href":"https:\/\/e-m-p-i-r-e.eu\/fr\/wp-json\/wp\/v2\/artist?post=17395"},{"taxonomy":"limited_edition","embeddable":true,"href":"https:\/\/e-m-p-i-r-e.eu\/fr\/wp-json\/wp\/v2\/limited_edition?post=17395"}],"curies":[{"name":"wp","href":"https:\/\/api.w.org\/{rel}","templated":true}]}}