{"id":17392,"date":"2021-08-24T15:34:44","date_gmt":"2021-08-24T13:34:44","guid":{"rendered":"https:\/\/e-m-p-i-r-e.eu\/produit\/n37-a-polygraph-georges-nelson-author-catherine-geel\/"},"modified":"2026-02-09T19:39:39","modified_gmt":"2026-02-09T18:39:39","slug":"n37-a-polygraph-georges-nelson-author-catherine-geel","status":"publish","type":"product","link":"https:\/\/e-m-p-i-r-e.eu\/fr\/produit\/n37-a-polygraph-georges-nelson-author-catherine-geel\/","title":{"rendered":"n\u00b037 \u2014 Des distances critiques : Georges Nelson, pr\u00e9occupations et alertes d\u2019un moderne. Auteure : Catherine Geel"},"content":{"rendered":"<p>Georges Nelson (1908-1986), designer fonctionnaliste am\u00e9ricain aux cr\u00e9ations lisses, mais aux manifestations textuelles et visuelles complexes \u00a0est un cas particulier du modernisme am\u00e9ricain que les titres de ses production <i>A Problem of Design : \u00a0How to Kill People<\/i>, (1960), <i>Requiem <\/i>(1960) ou <i>Elegy in the Junk Yard<\/i> (1961) indiquent. Pourquoi malgr\u00e9 une production \u00e9crite consid\u00e9rable*, Nelson n\u2019est-il pas identifi\u00e9 comme critique ou \u00e9crivain ?<\/p>\n<p>* Voir pour les principaux ouvrages de textes : <i>Problem of Design<\/i> (Whitney Publication, 1957) <i>On Design<\/i>(Whitney Publication, 1979).<\/p>\n","protected":false},"excerpt":{"rendered":"<p>Auteure : Catherine Geel<br \/>\n24 pages, 21 \u00d7 29,7 cm, CMJN + 1 PMS en couverture<br \/>\n6 avril 2022<br \/>\nisbn 979-10-95991-40-3<br \/>\nissn 2558-2062<\/p>\n","protected":false},"featured_media":17027,"comment_status":"open","ping_status":"closed","template":"","meta":[],"product_brand":[],"product_cat":[3849],"product_tag":[],"contributor":[155],"season":[35],"subject":[3170],"collection":[],"artist":[3910],"limited_edition":[],"class_list":{"0":"post-17392","1":"product","2":"type-product","3":"status-publish","4":"has-post-thumbnail","6":"product_cat-revue-faire-fr","7":"contributor-catherine-geel","8":"season-35","9":"subject-design-fr","10":"artist-georges-nelson","12":"first","13":"instock","14":"featured","15":"shipping-taxable","16":"purchasable","17":"product-type-simple"},"_links":{"self":[{"href":"https:\/\/e-m-p-i-r-e.eu\/fr\/wp-json\/wp\/v2\/product\/17392","targetHints":{"allow":["GET"]}}],"collection":[{"href":"https:\/\/e-m-p-i-r-e.eu\/fr\/wp-json\/wp\/v2\/product"}],"about":[{"href":"https:\/\/e-m-p-i-r-e.eu\/fr\/wp-json\/wp\/v2\/types\/product"}],"replies":[{"embeddable":true,"href":"https:\/\/e-m-p-i-r-e.eu\/fr\/wp-json\/wp\/v2\/comments?post=17392"}],"wp:featuredmedia":[{"embeddable":true,"href":"https:\/\/e-m-p-i-r-e.eu\/fr\/wp-json\/wp\/v2\/media\/17027"}],"wp:attachment":[{"href":"https:\/\/e-m-p-i-r-e.eu\/fr\/wp-json\/wp\/v2\/media?parent=17392"}],"wp:term":[{"taxonomy":"product_brand","embeddable":true,"href":"https:\/\/e-m-p-i-r-e.eu\/fr\/wp-json\/wp\/v2\/product_brand?post=17392"},{"taxonomy":"product_cat","embeddable":true,"href":"https:\/\/e-m-p-i-r-e.eu\/fr\/wp-json\/wp\/v2\/product_cat?post=17392"},{"taxonomy":"product_tag","embeddable":true,"href":"https:\/\/e-m-p-i-r-e.eu\/fr\/wp-json\/wp\/v2\/product_tag?post=17392"},{"taxonomy":"contributor","embeddable":true,"href":"https:\/\/e-m-p-i-r-e.eu\/fr\/wp-json\/wp\/v2\/contributor?post=17392"},{"taxonomy":"season","embeddable":true,"href":"https:\/\/e-m-p-i-r-e.eu\/fr\/wp-json\/wp\/v2\/season?post=17392"},{"taxonomy":"subject","embeddable":true,"href":"https:\/\/e-m-p-i-r-e.eu\/fr\/wp-json\/wp\/v2\/subject?post=17392"},{"taxonomy":"collection","embeddable":true,"href":"https:\/\/e-m-p-i-r-e.eu\/fr\/wp-json\/wp\/v2\/collection?post=17392"},{"taxonomy":"artist","embeddable":true,"href":"https:\/\/e-m-p-i-r-e.eu\/fr\/wp-json\/wp\/v2\/artist?post=17392"},{"taxonomy":"limited_edition","embeddable":true,"href":"https:\/\/e-m-p-i-r-e.eu\/fr\/wp-json\/wp\/v2\/limited_edition?post=17392"}],"curies":[{"name":"wp","href":"https:\/\/api.w.org\/{rel}","templated":true}]}}