{"id":17391,"date":"2021-08-24T15:36:50","date_gmt":"2021-08-24T13:36:50","guid":{"rendered":"https:\/\/e-m-p-i-r-e.eu\/produit\/n40-a-series-of-cards-and-performances-my-calling-card-1-2-3-by-adrian-piper-author-jerome-dupeyrat\/"},"modified":"2026-02-09T19:35:35","modified_gmt":"2026-02-09T18:35:35","slug":"n40-a-series-of-cards-and-performances-my-calling-card-1-2-3-by-adrian-piper-author-jerome-dupeyrat","status":"publish","type":"product","link":"https:\/\/e-m-p-i-r-e.eu\/fr\/produit\/n40-a-series-of-cards-and-performances-my-calling-card-1-2-3-by-adrian-piper-author-jerome-dupeyrat\/","title":{"rendered":"n\u00b039 \u2014 Une s\u00e9rie de cartes et performances : My Calling (Card) #1 #2 #3 d\u2019Adrian Piper. Auteur J\u00e9r\u00f4me Dupeyrat"},"content":{"rendered":"<article id=\"post-3938\" class=\"post-3938 post type-post status-publish format-standard hentry category-season-3\"><i>My Calling (Card) #1 #2 #3\u00a0<\/i>(1986-1990 ; 2012),\u00a0d\u2019Adrian Piper (n\u00e9e en 1948), est une s\u00e9rie d\u2019imprim\u00e9s au format carte de visite et de performances con\u00e7ues par l\u2019artiste pour confronter ses interlocuteurs \u00e0 leurs agissements racistes ou sexistes dans diff\u00e9rents contextes relationnels et sociaux : un d\u00eener, une soir\u00e9e, un bar\u2026<\/p>\n<p class=\"p1\">\u00a0 \u00a0 \u00a0 \u00a0 \u00a0\u00a0Comme d\u2019autres oeuvres conceptuelles, performatives, relationnelles et communicationnelles d\u2019Adrian Piper, qui ne craignent pas d\u2019exposer des dissensus voire des conflits en vue de les d\u00e9passer, les \u00abcalling cards\u00bb s\u2019inscrivent dans une r\u00e9flexion de l\u2019artiste sur son identit\u00e9 et sur la responsabilit\u00e9 de ceux et celles qui, face \u00e0 cette identit\u00e9, concourent consciemment ou non \u00e0 reproduire des m\u00e9canismes de discriminations ou d\u2019oppression.<\/p>\n<\/article>\n","protected":false},"excerpt":{"rendered":"<p>Auteur : J\u00e9r\u00f4me Dupeyrat<br \/>\n20 pages, 21 \u00d7 29,7 cm, CMJN<br \/>\n13 juillet 2022<br \/>\nisbn 979-10-95991-41-0<br \/>\nissn 2558-2062<\/p>\n","protected":false},"featured_media":16989,"comment_status":"open","ping_status":"closed","template":"","meta":[],"product_brand":[],"product_cat":[3849],"product_tag":[],"contributor":[42],"season":[35],"subject":[3321,3909,3233,3234],"collection":[],"artist":[3908],"limited_edition":[],"class_list":{"0":"post-17391","1":"product","2":"type-product","3":"status-publish","4":"has-post-thumbnail","6":"product_cat-revue-faire-fr","7":"contributor-jerome-dupeyrat","8":"season-35","9":"subject-card-fr","10":"subject-contemporary-art-fr","11":"subject-mediation-fr","12":"subject-performance-fr","13":"artist-adrian-piper","15":"first","16":"instock","17":"featured","18":"shipping-taxable","19":"purchasable","20":"product-type-simple"},"_links":{"self":[{"href":"https:\/\/e-m-p-i-r-e.eu\/fr\/wp-json\/wp\/v2\/product\/17391","targetHints":{"allow":["GET"]}}],"collection":[{"href":"https:\/\/e-m-p-i-r-e.eu\/fr\/wp-json\/wp\/v2\/product"}],"about":[{"href":"https:\/\/e-m-p-i-r-e.eu\/fr\/wp-json\/wp\/v2\/types\/product"}],"replies":[{"embeddable":true,"href":"https:\/\/e-m-p-i-r-e.eu\/fr\/wp-json\/wp\/v2\/comments?post=17391"}],"wp:featuredmedia":[{"embeddable":true,"href":"https:\/\/e-m-p-i-r-e.eu\/fr\/wp-json\/wp\/v2\/media\/16989"}],"wp:attachment":[{"href":"https:\/\/e-m-p-i-r-e.eu\/fr\/wp-json\/wp\/v2\/media?parent=17391"}],"wp:term":[{"taxonomy":"product_brand","embeddable":true,"href":"https:\/\/e-m-p-i-r-e.eu\/fr\/wp-json\/wp\/v2\/product_brand?post=17391"},{"taxonomy":"product_cat","embeddable":true,"href":"https:\/\/e-m-p-i-r-e.eu\/fr\/wp-json\/wp\/v2\/product_cat?post=17391"},{"taxonomy":"product_tag","embeddable":true,"href":"https:\/\/e-m-p-i-r-e.eu\/fr\/wp-json\/wp\/v2\/product_tag?post=17391"},{"taxonomy":"contributor","embeddable":true,"href":"https:\/\/e-m-p-i-r-e.eu\/fr\/wp-json\/wp\/v2\/contributor?post=17391"},{"taxonomy":"season","embeddable":true,"href":"https:\/\/e-m-p-i-r-e.eu\/fr\/wp-json\/wp\/v2\/season?post=17391"},{"taxonomy":"subject","embeddable":true,"href":"https:\/\/e-m-p-i-r-e.eu\/fr\/wp-json\/wp\/v2\/subject?post=17391"},{"taxonomy":"collection","embeddable":true,"href":"https:\/\/e-m-p-i-r-e.eu\/fr\/wp-json\/wp\/v2\/collection?post=17391"},{"taxonomy":"artist","embeddable":true,"href":"https:\/\/e-m-p-i-r-e.eu\/fr\/wp-json\/wp\/v2\/artist?post=17391"},{"taxonomy":"limited_edition","embeddable":true,"href":"https:\/\/e-m-p-i-r-e.eu\/fr\/wp-json\/wp\/v2\/limited_edition?post=17391"}],"curies":[{"name":"wp","href":"https:\/\/api.w.org\/{rel}","templated":true}]}}