{"id":17390,"date":"2021-08-24T15:39:14","date_gmt":"2021-08-24T13:39:14","guid":{"rendered":"https:\/\/e-m-p-i-r-e.eu\/produit\/n41-made-redundant-4-templates-author-stuart-bertolotti-bailey\/"},"modified":"2026-02-09T19:31:49","modified_gmt":"2026-02-09T18:31:49","slug":"n41-made-redundant-4-templates-author-stuart-bertolotti-bailey","status":"publish","type":"product","link":"https:\/\/e-m-p-i-r-e.eu\/fr\/produit\/n41-made-redundant-4-templates-author-stuart-bertolotti-bailey\/","title":{"rendered":"n\u00b045 \u2014 Fabrique de la redondance : (4 gabarits de mise en page). Auteur : Stuart Bertolotti-Bailey"},"content":{"rendered":"<p>Dans le design graphique, les gabarits sont d\u00e9di\u00e9s au confort et au rendement. Leur double objectif est d\u2019acc\u00e9l\u00e9rer le travail en \u00e9conomisant la prise de d\u00e9cision, tout en garantissant une coh\u00e9rence de la production par la restriction des param\u00e8tres de choix. Mais les gabarits peuvent aussi \u00eatre utilis\u00e9s dans des perspectives moins r\u00e9ductrices et plus entreprenantes. Cet essai retrace le d\u00e9veloppement de quatre projets r\u00e9alis\u00e9s avec des collaborateurs vari\u00e9s qui proposent, \u00e0 partir d\u2019un tel \u00e9tat d\u2019esprit, autant de gabarits tr\u00e8s sp\u00e9cifiques. Class\u00e9s ici en tant que \u00ab mal de t\u00eate g\u00e9n\u00e9ratif \u00bb, \u00ab point de rencontre \u00bb, \u00ab terrain de jeu \u00bb et \u00ab gabarit industriel par d\u00e9faut \u00bb, ces quatre formats retracent le passage progressif des m\u00e9dias physiques aux m\u00e9dias num\u00e9riques au cours de ces deux derni\u00e8res d\u00e9cennies.<\/p>\n","protected":false},"excerpt":{"rendered":"<p>Auteur : Stuart Bertolotti-Bailey<br \/>\n68 pages, 21 \u00d7 29,7 cm, CMJN+1 PMS<br \/>\n8 mars 2023<br \/>\nisbn 979-10-95991-42-7<br \/>\nissn 2558-2062<\/p>\n","protected":false},"featured_media":16929,"comment_status":"open","ping_status":"closed","template":"","meta":[],"product_brand":[],"product_cat":[3849],"product_tag":[],"contributor":[153],"season":[35],"subject":[3899,3907,3902],"collection":[],"artist":[3906,3886],"limited_edition":[],"class_list":{"0":"post-17390","1":"product","2":"type-product","3":"status-publish","4":"has-post-thumbnail","6":"product_cat-revue-faire-fr","7":"contributor-stuart-bertolotti-bailey","8":"season-35","9":"subject-book-fr","10":"subject-grid-fr","11":"subject-identity-fr","12":"artist-stuart-bertolotti-bailey","13":"artist-will-holder","15":"first","16":"instock","17":"featured","18":"shipping-taxable","19":"purchasable","20":"product-type-simple"},"_links":{"self":[{"href":"https:\/\/e-m-p-i-r-e.eu\/fr\/wp-json\/wp\/v2\/product\/17390","targetHints":{"allow":["GET"]}}],"collection":[{"href":"https:\/\/e-m-p-i-r-e.eu\/fr\/wp-json\/wp\/v2\/product"}],"about":[{"href":"https:\/\/e-m-p-i-r-e.eu\/fr\/wp-json\/wp\/v2\/types\/product"}],"replies":[{"embeddable":true,"href":"https:\/\/e-m-p-i-r-e.eu\/fr\/wp-json\/wp\/v2\/comments?post=17390"}],"wp:featuredmedia":[{"embeddable":true,"href":"https:\/\/e-m-p-i-r-e.eu\/fr\/wp-json\/wp\/v2\/media\/16929"}],"wp:attachment":[{"href":"https:\/\/e-m-p-i-r-e.eu\/fr\/wp-json\/wp\/v2\/media?parent=17390"}],"wp:term":[{"taxonomy":"product_brand","embeddable":true,"href":"https:\/\/e-m-p-i-r-e.eu\/fr\/wp-json\/wp\/v2\/product_brand?post=17390"},{"taxonomy":"product_cat","embeddable":true,"href":"https:\/\/e-m-p-i-r-e.eu\/fr\/wp-json\/wp\/v2\/product_cat?post=17390"},{"taxonomy":"product_tag","embeddable":true,"href":"https:\/\/e-m-p-i-r-e.eu\/fr\/wp-json\/wp\/v2\/product_tag?post=17390"},{"taxonomy":"contributor","embeddable":true,"href":"https:\/\/e-m-p-i-r-e.eu\/fr\/wp-json\/wp\/v2\/contributor?post=17390"},{"taxonomy":"season","embeddable":true,"href":"https:\/\/e-m-p-i-r-e.eu\/fr\/wp-json\/wp\/v2\/season?post=17390"},{"taxonomy":"subject","embeddable":true,"href":"https:\/\/e-m-p-i-r-e.eu\/fr\/wp-json\/wp\/v2\/subject?post=17390"},{"taxonomy":"collection","embeddable":true,"href":"https:\/\/e-m-p-i-r-e.eu\/fr\/wp-json\/wp\/v2\/collection?post=17390"},{"taxonomy":"artist","embeddable":true,"href":"https:\/\/e-m-p-i-r-e.eu\/fr\/wp-json\/wp\/v2\/artist?post=17390"},{"taxonomy":"limited_edition","embeddable":true,"href":"https:\/\/e-m-p-i-r-e.eu\/fr\/wp-json\/wp\/v2\/limited_edition?post=17390"}],"curies":[{"name":"wp","href":"https:\/\/api.w.org\/{rel}","templated":true}]}}