{"id":17388,"date":"2022-02-23T13:07:54","date_gmt":"2022-02-23T12:07:54","guid":{"rendered":"https:\/\/e-m-p-i-r-e.eu\/produit\/n43-12-ou-13-choses-que-je-sais-delle-la-revue-f-r-david-authors-victoire-le-bars-et-benjamin-thorel-2\/"},"modified":"2026-02-09T19:23:40","modified_gmt":"2026-02-09T18:23:40","slug":"n43-12-ou-13-choses-que-je-sais-delle-la-revue-f-r-david-authors-victoire-le-bars-et-benjamin-thorel-2","status":"publish","type":"product","link":"https:\/\/e-m-p-i-r-e.eu\/fr\/produit\/n43-12-ou-13-choses-que-je-sais-delle-la-revue-f-r-david-authors-victoire-le-bars-et-benjamin-thorel-2\/","title":{"rendered":"n\u00b042 \u2014 12 ou 13 choses que je sais d\u2019elle : F.R.DAVID. Auteures : Victoire Le Bars et Benjamin Thorel"},"content":{"rendered":"<p>On conna\u00eet la chanson\u00a0: les mots ne viennent pas facilement. Alors, comment aborder\u00a0<em>F.R.DAVID<\/em>, revue dont c\u2019est la devise\u00a0? Ce num\u00e9ro de\u00a0<em>Faire<\/em>\u00a0propose une exploration non exhaustive, \u00e0 quatre mains, des vingt\u00a0<em>F.R.DAVID<\/em>\u00a0parus entre 2007 et aujourd\u2019hui. Regroupant \u00e0 chaque parution un ensemble d\u2019\u00e9crits, d\u2019images, de documents d\u2019auteur\u00b7e\u00b7s et de p\u00e9riodes diff\u00e9rentes,\u00a0<em>F.R.DAVID<\/em>\u00a0est au c\u0153ur de la pratique de Will Holder, son \u00e9diteur. Attentif aux moindres inflexions du langage, il y d\u00e9veloppe une approche singuli\u00e8re du livre, o\u00f9 la relation aux lecteur\u00b7rice\u00b7s est essentielle \u00e0 l\u2019acte m\u00eame de publier.<\/p>\n","protected":false},"excerpt":{"rendered":"<p>Auteures : Victoire Le Bars et Benjamin Thorel<br \/>\n32 pages, 21 \u00d7 29,7 cm, CMJNS<br \/>\n11 janvier 2023<br \/>\nisbn 979-10-95991-42-7<br \/>\nissn 2558-2062<\/p>\n","protected":false},"featured_media":16961,"comment_status":"open","ping_status":"closed","template":"","meta":[],"product_brand":[],"product_cat":[3849],"product_tag":[3887,3888,3889,3890,3891,3892,3893,3894,3895,3896,3897],"contributor":[299,298],"season":[35],"subject":[3898,3899,3142,3900,3901,3902,3903,3904],"collection":[],"artist":[3886],"limited_edition":[],"class_list":{"0":"post-17388","1":"product","2":"type-product","3":"status-publish","4":"has-post-thumbnail","6":"product_cat-revue-faire-fr","7":"product_tag-bibliophily-fr","8":"product_tag-book-fr-2","9":"product_tag-book-design-fr","10":"product_tag-collection-fr-2","11":"product_tag-cover-fr","12":"product_tag-f-r-david-fr","13":"product_tag-graphic-design-fr-2","14":"product_tag-identity-fr-2","15":"product_tag-magazine-fr-2","16":"product_tag-publishing-fr","17":"product_tag-will-holder-fr-2","18":"contributor-benjamin-thorel","19":"contributor-victoire-le-bars","20":"season-35","21":"subject-bibliophily-fr","22":"subject-book-fr","23":"subject-collection-fr","24":"subject-cover-fr","25":"subject-graphic-design-fr","26":"subject-identity-fr","27":"subject-magazine-fr","28":"subject-publishing-fr","29":"artist-will-holder","31":"first","32":"instock","33":"featured","34":"shipping-taxable","35":"purchasable","36":"product-type-simple"},"_links":{"self":[{"href":"https:\/\/e-m-p-i-r-e.eu\/fr\/wp-json\/wp\/v2\/product\/17388","targetHints":{"allow":["GET"]}}],"collection":[{"href":"https:\/\/e-m-p-i-r-e.eu\/fr\/wp-json\/wp\/v2\/product"}],"about":[{"href":"https:\/\/e-m-p-i-r-e.eu\/fr\/wp-json\/wp\/v2\/types\/product"}],"replies":[{"embeddable":true,"href":"https:\/\/e-m-p-i-r-e.eu\/fr\/wp-json\/wp\/v2\/comments?post=17388"}],"wp:featuredmedia":[{"embeddable":true,"href":"https:\/\/e-m-p-i-r-e.eu\/fr\/wp-json\/wp\/v2\/media\/16961"}],"wp:attachment":[{"href":"https:\/\/e-m-p-i-r-e.eu\/fr\/wp-json\/wp\/v2\/media?parent=17388"}],"wp:term":[{"taxonomy":"product_brand","embeddable":true,"href":"https:\/\/e-m-p-i-r-e.eu\/fr\/wp-json\/wp\/v2\/product_brand?post=17388"},{"taxonomy":"product_cat","embeddable":true,"href":"https:\/\/e-m-p-i-r-e.eu\/fr\/wp-json\/wp\/v2\/product_cat?post=17388"},{"taxonomy":"product_tag","embeddable":true,"href":"https:\/\/e-m-p-i-r-e.eu\/fr\/wp-json\/wp\/v2\/product_tag?post=17388"},{"taxonomy":"contributor","embeddable":true,"href":"https:\/\/e-m-p-i-r-e.eu\/fr\/wp-json\/wp\/v2\/contributor?post=17388"},{"taxonomy":"season","embeddable":true,"href":"https:\/\/e-m-p-i-r-e.eu\/fr\/wp-json\/wp\/v2\/season?post=17388"},{"taxonomy":"subject","embeddable":true,"href":"https:\/\/e-m-p-i-r-e.eu\/fr\/wp-json\/wp\/v2\/subject?post=17388"},{"taxonomy":"collection","embeddable":true,"href":"https:\/\/e-m-p-i-r-e.eu\/fr\/wp-json\/wp\/v2\/collection?post=17388"},{"taxonomy":"artist","embeddable":true,"href":"https:\/\/e-m-p-i-r-e.eu\/fr\/wp-json\/wp\/v2\/artist?post=17388"},{"taxonomy":"limited_edition","embeddable":true,"href":"https:\/\/e-m-p-i-r-e.eu\/fr\/wp-json\/wp\/v2\/limited_edition?post=17388"}],"curies":[{"name":"wp","href":"https:\/\/api.w.org\/{rel}","templated":true}]}}