{"id":17386,"date":"2022-02-23T13:29:55","date_gmt":"2022-02-23T12:29:55","guid":{"rendered":"https:\/\/e-m-p-i-r-e.eu\/produit\/n45-the-new-images-as-fashion-author-aude-fellay\/"},"modified":"2026-02-09T19:11:20","modified_gmt":"2026-02-09T18:11:20","slug":"n45-the-new-images-as-fashion-author-aude-fellay","status":"publish","type":"product","link":"https:\/\/e-m-p-i-r-e.eu\/fr\/produit\/n45-the-new-images-as-fashion-author-aude-fellay\/","title":{"rendered":"n\u00b041 \u2014  L\u2019image de mode : Oublier la photographie (de mode) ? Auteure : Aude Fellay"},"content":{"rendered":"<p>La photographie de mode doit se battre pour attirer notre attention. <em>Memes<\/em>, <em>selfies<\/em>, <em>stories<\/em>, <em>reels<\/em> : la concurrence est f\u00e9roce \u2013 et se d\u00e9roule \u00e0 un moment o\u00f9 il semble de plus en plus diffi cile de parler de photographie. Devrions-nous aborder la photographie du point de vue de son d\u00e9passement, voire de sa mort, comme certains le soutiennent dans le domaine de la th\u00e9orie photographique ? Doit-on \u00ab oublier \u00bb (Dewdney, 2021) la photographie de mode ? En s\u2019appuyant sur les d\u00e9bats r\u00e9cents sur la condition de la photographie, cet essai examine les images de mode et un certain nombre de ph\u00e9nom\u00e8nes contemporains qui t\u00e9moignent de la n\u00e9cessit\u00e9 de repenser l\u2019image de mode.<\/p>\n","protected":false},"excerpt":{"rendered":"<p>Auteure : Aude Fellay<br \/>\n20 pages, 21 \u00d7 29,7 cm, CMJN + 1 PMS<br \/>\n19 octobre 2022<br \/>\nisbn 979-10-95991-41-0<br \/>\nissn 2558-2062<\/p>\n","protected":false},"featured_media":16969,"comment_status":"open","ping_status":"closed","template":"","meta":[],"product_brand":[],"product_cat":[3849],"product_tag":[],"contributor":[1930],"season":[35],"subject":[3133,3325,3197,3144,3885],"collection":[],"artist":[],"limited_edition":[],"class_list":{"0":"post-17386","1":"product","2":"type-product","3":"status-publish","4":"has-post-thumbnail","6":"product_cat-revue-faire-fr","7":"contributor-aude-fellay","8":"season-35","9":"subject-communication-fr","10":"subject-fashion-fr","11":"subject-image-fr","12":"subject-instagram-fr","13":"subject-photography-fr","15":"first","16":"instock","17":"featured","18":"shipping-taxable","19":"purchasable","20":"product-type-simple"},"_links":{"self":[{"href":"https:\/\/e-m-p-i-r-e.eu\/fr\/wp-json\/wp\/v2\/product\/17386","targetHints":{"allow":["GET"]}}],"collection":[{"href":"https:\/\/e-m-p-i-r-e.eu\/fr\/wp-json\/wp\/v2\/product"}],"about":[{"href":"https:\/\/e-m-p-i-r-e.eu\/fr\/wp-json\/wp\/v2\/types\/product"}],"replies":[{"embeddable":true,"href":"https:\/\/e-m-p-i-r-e.eu\/fr\/wp-json\/wp\/v2\/comments?post=17386"}],"wp:featuredmedia":[{"embeddable":true,"href":"https:\/\/e-m-p-i-r-e.eu\/fr\/wp-json\/wp\/v2\/media\/16969"}],"wp:attachment":[{"href":"https:\/\/e-m-p-i-r-e.eu\/fr\/wp-json\/wp\/v2\/media?parent=17386"}],"wp:term":[{"taxonomy":"product_brand","embeddable":true,"href":"https:\/\/e-m-p-i-r-e.eu\/fr\/wp-json\/wp\/v2\/product_brand?post=17386"},{"taxonomy":"product_cat","embeddable":true,"href":"https:\/\/e-m-p-i-r-e.eu\/fr\/wp-json\/wp\/v2\/product_cat?post=17386"},{"taxonomy":"product_tag","embeddable":true,"href":"https:\/\/e-m-p-i-r-e.eu\/fr\/wp-json\/wp\/v2\/product_tag?post=17386"},{"taxonomy":"contributor","embeddable":true,"href":"https:\/\/e-m-p-i-r-e.eu\/fr\/wp-json\/wp\/v2\/contributor?post=17386"},{"taxonomy":"season","embeddable":true,"href":"https:\/\/e-m-p-i-r-e.eu\/fr\/wp-json\/wp\/v2\/season?post=17386"},{"taxonomy":"subject","embeddable":true,"href":"https:\/\/e-m-p-i-r-e.eu\/fr\/wp-json\/wp\/v2\/subject?post=17386"},{"taxonomy":"collection","embeddable":true,"href":"https:\/\/e-m-p-i-r-e.eu\/fr\/wp-json\/wp\/v2\/collection?post=17386"},{"taxonomy":"artist","embeddable":true,"href":"https:\/\/e-m-p-i-r-e.eu\/fr\/wp-json\/wp\/v2\/artist?post=17386"},{"taxonomy":"limited_edition","embeddable":true,"href":"https:\/\/e-m-p-i-r-e.eu\/fr\/wp-json\/wp\/v2\/limited_edition?post=17386"}],"curies":[{"name":"wp","href":"https:\/\/api.w.org\/{rel}","templated":true}]}}