{"id":17384,"date":"2022-07-12T15:16:33","date_gmt":"2022-07-12T13:16:33","guid":{"rendered":"https:\/\/e-m-p-i-r-e.eu\/produit\/n44-lecriture-typographiee-author-thierry-chancogne\/"},"modified":"2026-02-09T18:59:32","modified_gmt":"2026-02-09T17:59:32","slug":"n44-lecriture-typographiee-author-thierry-chancogne","status":"publish","type":"product","link":"https:\/\/e-m-p-i-r-e.eu\/fr\/produit\/n44-lecriture-typographiee-author-thierry-chancogne\/","title":{"rendered":"n\u00b043 \u2014 Un caract\u00e8re : L\u2019\u00ab\u00e9criture typographi\u00e9e\u00bb. Auteur : Thierry Chancogne"},"content":{"rendered":"<p>En 1920, Francis Thibaudeau d\u00e9die son manuel de typographie moderne <i>La Lettre d\u2019imprimerie<\/i> compos\u00e9 en multiples variantes de typographies remuantes d\u2019Auriol \u2013 au moins l\u2019\u00e9clair\u00e9e ou \u00ab contour \u00bb Auriol-champlev\u00e9, la stencil Auriol labeur, l\u2019\u00e9troite Fran\u00e7aise L\u00e9g\u00e8re, la grasse Robur Noir \u2013 au lettreur et typographe d\u00e9but de si\u00e8cle en tant qu\u2019\u00ab innovateur de l\u2019\u00e9criture typographi\u00e9e \u00bb. Et il faut remarquer que peut-\u00eatre le plus r\u00e9pandu de ces alphabets, l\u2019Auriol labeur, est une lettre qui d\u00e9fend aussi bien la dynamique picturale de ses composants visiblement bross\u00e9s d\u2019un geste auguste que la technicit\u00e9 plus ou moins industrielle des tenons de cette lettre stencil-pochoir. On peut en tous cas \u00eatre \u00e0 juste titre frapp\u00e9 par cet oxymore de la dite \u00ab \u00e9criture typographi\u00e9e \u00bb. Comment l\u2019\u00e9criture et sa dynamique contingente, situ\u00e9e, personnelle, travaillent-elles l\u2019effort de g\u00e9n\u00e9ralisation industrielle et normative de la typographie ? Un type, un id\u00e9al abstrait, un contrat orthographique peut-il agir le mouvement historique et l\u2019inscription sans cesse particuli\u00e8re et renouvel\u00e9e des alphabets ? Que devient la cursivit\u00e9 lorsqu\u2019elle est en quelque sorte \u00ab r\u00e9cup\u00e9r\u00e9e \u00bb par la forme relativement d\u00e9finitive, du moins p\u00e9renne, des fontes ?<\/p>\n","protected":false},"excerpt":{"rendered":"<p>Auteur : Thierry Chancogne<br \/>\n36 pages, 21 \u00d7 29,7 cm, noir et blanc + 1 PMS<br \/>\n25 janvier 2023<br \/>\nisbn 979-10-95991-42-7<br \/>\nissn 2558-2062<\/p>\n","protected":false},"featured_media":16949,"comment_status":"open","ping_status":"closed","template":"","meta":[],"product_brand":[],"product_cat":[3849],"product_tag":[3850,3851,3884,3853,3854,3855,3856,3857,3858,3859,3860,3861,3862,3863,3864,3865,3866,3867,3868,3869,3870,3871,3872,3873,3874,3875,3876,3877,3878,3879],"contributor":[50],"season":[35],"subject":[3177,3880,3881,3139,3245,3882,3883],"collection":[],"artist":[],"limited_edition":[],"class_list":{"0":"post-17384","1":"product","2":"type-product","3":"status-publish","4":"has-post-thumbnail","6":"product_cat-revue-faire-fr","7":"product_tag-braulio-amado-fr-2","8":"product_tag-charles-maze-fr-2","9":"product_tag-chloe-dhauwe-fr-2","10":"product_tag-coline-sunier-fr-2","11":"product_tag-david-reinfurt-fr-2","12":"product_tag-ecal-fr-2","13":"product_tag-ed-benguiat-fr","14":"product_tag-ed-fella-fr","15":"product_tag-edward-johnston-fr-2","16":"product_tag-felicite-landrivon-fr-2","17":"product_tag-george-auriol-fr","18":"product_tag-hand-fr","19":"product_tag-hermann-zapf-fr","20":"product_tag-imre-reiner-fr","21":"product_tag-jean-marc-ballee-fr","22":"product_tag-julia-born-fr-2","23":"product_tag-laurenz-brunner-fr-2","24":"product_tag-lettering-fr","25":"product_tag-m-m-paris-fr-2","26":"product_tag-mathias-schweizer-fr","27":"product_tag-my-lan-thuong-fr","28":"product_tag-sam-corijn-fr","29":"product_tag-selina-bernet-fr","30":"product_tag-signature-fr-2","31":"product_tag-specimen-fr-2","32":"product_tag-stuart-bertolotti-bailey-fr-2","33":"product_tag-studio-marie-lusa-fr","34":"product_tag-the-serving-library-fr-2","35":"product_tag-typography-fr","36":"product_tag-writing-fr","37":"contributor-thierry-chancogne","38":"season-35","39":"subject-ecal-fr","40":"subject-hand-fr","41":"subject-lettering-fr","42":"subject-signature-fr","43":"subject-specimen-fr","44":"subject-typography-fr","45":"subject-writing-fr","47":"first","48":"instock","49":"featured","50":"shipping-taxable","51":"purchasable","52":"product-type-simple"},"_links":{"self":[{"href":"https:\/\/e-m-p-i-r-e.eu\/fr\/wp-json\/wp\/v2\/product\/17384","targetHints":{"allow":["GET"]}}],"collection":[{"href":"https:\/\/e-m-p-i-r-e.eu\/fr\/wp-json\/wp\/v2\/product"}],"about":[{"href":"https:\/\/e-m-p-i-r-e.eu\/fr\/wp-json\/wp\/v2\/types\/product"}],"replies":[{"embeddable":true,"href":"https:\/\/e-m-p-i-r-e.eu\/fr\/wp-json\/wp\/v2\/comments?post=17384"}],"wp:featuredmedia":[{"embeddable":true,"href":"https:\/\/e-m-p-i-r-e.eu\/fr\/wp-json\/wp\/v2\/media\/16949"}],"wp:attachment":[{"href":"https:\/\/e-m-p-i-r-e.eu\/fr\/wp-json\/wp\/v2\/media?parent=17384"}],"wp:term":[{"taxonomy":"product_brand","embeddable":true,"href":"https:\/\/e-m-p-i-r-e.eu\/fr\/wp-json\/wp\/v2\/product_brand?post=17384"},{"taxonomy":"product_cat","embeddable":true,"href":"https:\/\/e-m-p-i-r-e.eu\/fr\/wp-json\/wp\/v2\/product_cat?post=17384"},{"taxonomy":"product_tag","embeddable":true,"href":"https:\/\/e-m-p-i-r-e.eu\/fr\/wp-json\/wp\/v2\/product_tag?post=17384"},{"taxonomy":"contributor","embeddable":true,"href":"https:\/\/e-m-p-i-r-e.eu\/fr\/wp-json\/wp\/v2\/contributor?post=17384"},{"taxonomy":"season","embeddable":true,"href":"https:\/\/e-m-p-i-r-e.eu\/fr\/wp-json\/wp\/v2\/season?post=17384"},{"taxonomy":"subject","embeddable":true,"href":"https:\/\/e-m-p-i-r-e.eu\/fr\/wp-json\/wp\/v2\/subject?post=17384"},{"taxonomy":"collection","embeddable":true,"href":"https:\/\/e-m-p-i-r-e.eu\/fr\/wp-json\/wp\/v2\/collection?post=17384"},{"taxonomy":"artist","embeddable":true,"href":"https:\/\/e-m-p-i-r-e.eu\/fr\/wp-json\/wp\/v2\/artist?post=17384"},{"taxonomy":"limited_edition","embeddable":true,"href":"https:\/\/e-m-p-i-r-e.eu\/fr\/wp-json\/wp\/v2\/limited_edition?post=17384"}],"curies":[{"name":"wp","href":"https:\/\/api.w.org\/{rel}","templated":true}]}}