{"id":16880,"date":"2026-01-29T13:09:41","date_gmt":"2026-01-29T12:09:41","guid":{"rendered":"https:\/\/e-m-p-i-r-e.eu\/?post_type=product&#038;p=16880"},"modified":"2026-02-09T19:15:42","modified_gmt":"2026-02-09T18:15:42","slug":"n47-48-des-traductions-mecaniques-des-machines-des-voyelles-et-des-affects-auteur-camille-pageard-les-lettres-electriques-auteur-simon-renaud","status":"publish","type":"product","link":"https:\/\/e-m-p-i-r-e.eu\/fr\/produit\/n47-48-des-traductions-mecaniques-des-machines-des-voyelles-et-des-affects-auteur-camille-pageard-les-lettres-electriques-auteur-simon-renaud\/","title":{"rendered":"n\u00b047 &#038; 48 \u2014 Des traductions m\u00e9caniques : \u2014 Des machines, des voyelles et des affects. Auteur : Camille Pageard \u2014 Les lettres \u00e9lectriques. Auteur : Simon Renaud"},"content":{"rendered":"<p>Num\u00e9ro double<\/p>\n<p>&nbsp;<\/p>\n<p>n\u00b047 \u2014 Des machines, des accents des affects. Auteur : Camille Pageard<\/p>\n<p>Construite \u00e0 la toute fin du XIX<sup>e<\/sup> si\u00e8cle pour une \u00e9tude physiologique de la voix, la machine \u00e0 voyelles du Dr Marage porte un nouvel \u00e9clairage sur les pr\u00e9mices de la mesure du son et le vaste champ de l\u2019\u00e9criture de la voix. En traversant le XX<sup>e<\/sup> si\u00e8cle, ses apparitions \u00e9ditoriales rel\u00e8vent autant d\u2019une constante curiosit\u00e9 scientifique pour la reproduction m\u00e9canique de la voix que d\u2019un bouleversement des relations affectives aux machines. Coupl\u00e9e \u00e0 l\u2019histoire de l\u2019inscription graphique de la voix, appara\u00eet alors l\u2019histoire singuli\u00e8re de notre attirance et de notre r\u00e9pulsion envers les objets techniques. Mais de par ses repr\u00e9sentations plastiques et son transfert m\u00e9canique et technologique, c\u2019est aussi un \u00ab ordre-de-la-langue \u00bb qui affleure, une politique de la langue qui s\u2019exercent encore dans des formes contemporaines d\u2019assujettissements.<\/p>\n<p>&nbsp;<\/p>\n<p>n\u00b048 \u2014 Les lettres \u00e9lectriques. Auteur : Simon Renaud<\/p>\n<p>Pour penser et comprendre ce que le num\u00e9rique (informatique) fait \u00e0 l\u2019\u00e9criture, il est int\u00e9ressant de se pencher sur les origines de ce qui le constitue : le traitement du code binaire. Cette transformation de l\u2019\u00e9criture par la machine et son \u00e9mergence prend ses origines dans les t\u00e9l\u00e9graphes et l\u2019av\u00e8nement de l\u2019\u00e9lectricit\u00e9 au XIX<sup>e<\/sup> si\u00e8cle. La ma\u00eetrise de ce ph\u00e9nom\u00e8ne physique convertit notre alphabet en de nouveaux symboles issus de signaux \u00e9lectriques.<\/p>\n<p>Nos \u00e9critures initialement adress\u00e9es et interpr\u00e9t\u00e9es par l\u2019humain, sont compl\u00e9t\u00e9es par un code manipulable par la machine. Chacun des deux mondes est intriqu\u00e9 pour qu\u2019un code commun puisse exister. Chacun utilise le symbole lui correspondant, le signal pour la machine et le signe pour l\u2019humain. Ce nouveau code trouve son fonctionnement dans la dimension mat\u00e9rielle des signaux et se base sur le passage ou non du courant \u00e9lectrique. Cette activit\u00e9 minimale lui impose sa forme et, paradoxalement, lui permet de s\u2019en d\u00e9tacher enti\u00e8rement.<\/p>\n","protected":false},"excerpt":{"rendered":"<p>Num\u00e9ro double<br \/>\nAuteurs : Camille Pageard, Simon Renaud<br \/>\n68 pages, 21 \u00d7 29,7 cm, 3 PMS sur 3 papiers diff\u00e9rents<br \/>\nnovembre 2024<br \/>\nisbn 979-10-95991-44-1<br \/>\nissn 2558-2062<\/p>\n","protected":false},"featured_media":16863,"comment_status":"closed","ping_status":"closed","template":"","meta":[],"product_brand":[],"product_cat":[3849],"product_tag":[],"contributor":[154,2502],"season":[1885],"subject":[],"collection":[],"artist":[],"limited_edition":[],"class_list":{"0":"post-16880","1":"product","2":"type-product","3":"status-publish","4":"has-post-thumbnail","6":"product_cat-revue-faire-fr","7":"contributor-camille-pageard","8":"contributor-simon-renaud","9":"season-1885","11":"first","12":"instock","13":"featured","14":"shipping-taxable","15":"purchasable","16":"product-type-simple"},"_links":{"self":[{"href":"https:\/\/e-m-p-i-r-e.eu\/fr\/wp-json\/wp\/v2\/product\/16880","targetHints":{"allow":["GET"]}}],"collection":[{"href":"https:\/\/e-m-p-i-r-e.eu\/fr\/wp-json\/wp\/v2\/product"}],"about":[{"href":"https:\/\/e-m-p-i-r-e.eu\/fr\/wp-json\/wp\/v2\/types\/product"}],"replies":[{"embeddable":true,"href":"https:\/\/e-m-p-i-r-e.eu\/fr\/wp-json\/wp\/v2\/comments?post=16880"}],"wp:featuredmedia":[{"embeddable":true,"href":"https:\/\/e-m-p-i-r-e.eu\/fr\/wp-json\/wp\/v2\/media\/16863"}],"wp:attachment":[{"href":"https:\/\/e-m-p-i-r-e.eu\/fr\/wp-json\/wp\/v2\/media?parent=16880"}],"wp:term":[{"taxonomy":"product_brand","embeddable":true,"href":"https:\/\/e-m-p-i-r-e.eu\/fr\/wp-json\/wp\/v2\/product_brand?post=16880"},{"taxonomy":"product_cat","embeddable":true,"href":"https:\/\/e-m-p-i-r-e.eu\/fr\/wp-json\/wp\/v2\/product_cat?post=16880"},{"taxonomy":"product_tag","embeddable":true,"href":"https:\/\/e-m-p-i-r-e.eu\/fr\/wp-json\/wp\/v2\/product_tag?post=16880"},{"taxonomy":"contributor","embeddable":true,"href":"https:\/\/e-m-p-i-r-e.eu\/fr\/wp-json\/wp\/v2\/contributor?post=16880"},{"taxonomy":"season","embeddable":true,"href":"https:\/\/e-m-p-i-r-e.eu\/fr\/wp-json\/wp\/v2\/season?post=16880"},{"taxonomy":"subject","embeddable":true,"href":"https:\/\/e-m-p-i-r-e.eu\/fr\/wp-json\/wp\/v2\/subject?post=16880"},{"taxonomy":"collection","embeddable":true,"href":"https:\/\/e-m-p-i-r-e.eu\/fr\/wp-json\/wp\/v2\/collection?post=16880"},{"taxonomy":"artist","embeddable":true,"href":"https:\/\/e-m-p-i-r-e.eu\/fr\/wp-json\/wp\/v2\/artist?post=16880"},{"taxonomy":"limited_edition","embeddable":true,"href":"https:\/\/e-m-p-i-r-e.eu\/fr\/wp-json\/wp\/v2\/limited_edition?post=16880"}],"curies":[{"name":"wp","href":"https:\/\/api.w.org\/{rel}","templated":true}]}}