{"id":16830,"date":"2026-01-29T12:50:16","date_gmt":"2026-01-29T11:50:16","guid":{"rendered":"https:\/\/e-m-p-i-r-e.eu\/?post_type=product&#038;p=16830"},"modified":"2026-02-09T19:16:09","modified_gmt":"2026-02-09T18:16:09","slug":"n51-criez-dehors-international-library-of-fashion-research-auteure-aude-fellay","status":"publish","type":"product","link":"https:\/\/e-m-p-i-r-e.eu\/fr\/produit\/n51-criez-dehors-international-library-of-fashion-research-auteure-aude-fellay\/","title":{"rendered":"n\u00b051 \u2014 \u00ab\u2009Criez dehors\u2009\u00bb : International Library of Fashion Research. Auteure : Aude Fellay"},"content":{"rendered":"<p>Je m\u2019approche de l\u2019homme derri\u00e8re l\u2019\u00e9cran de verre. Il ne me regarde pas. Je lui remets mon passeport. \u00ab\u2009Pourquoi \u00eates-vous en Norv\u00e8ge\u2009?\u2009\u00bb me demande-t-il en feuilletant les pages. \u00ab\u2009Pour travailler\u2009\u00bb, je lui r\u00e9ponds simplement. \u00ab\u2009Quel genre de travail\u2009?\u2009\u00bb \u00ab\u2009La recherche\u2009\u00bb, je r\u00e9torque de mani\u00e8re \u00e9vasive, m\u2019en d\u00e9lectant (un privil\u00e8ge, c\u2019est certain). Il exige des pr\u00e9cisions\u2009: \u00ab\u2009Quel genre de recher- che\u2009?\u2009\u00bb Je crache enfin le morceau : \u00ab\u2009<em>Fashion research<\/em>\u2009\u00bb. Il r\u00e9p\u00e8te le <em>F-word<\/em> alors que ses yeux rencontrent enfin les miens. Norv\u00e8ge et mode. Mode et recherche. Je n\u2019arrive pas \u00e0 savoir quels mots l\u2019ont troubl\u00e9. Tous peut-\u00eatre.<\/p>\n<p>La\u2009\u2009mode\u2009\u2009avec\u2009\u2009un\u2009\u2009grand\u2009\u2009M,\u2009\u2009c\u2019est\u2009\u2009Paris.\u2009\u2009La\u2009\u2009recherche, c\u2019est la science. Quel est l\u2019int\u00e9r\u00eat d\u2019\u00e9tudier quelque chose d\u2019aussi frivole\u2009? Peut-on vraiment penser par la mode\u2009? Oui, monsieur, ma subjectivit\u00e9 en d\u00e9pend. Et c\u2019est comme \u00e7a que je paie mon loyer. En l\u2019occurrence ici, il s\u2019agit d\u2019\u00e9crire quelque chose \u00e0 propos de l\u2019International Library of Fashion Research pour les pages en papier glac\u00e9 que vous, lecteurices, tenez entre vos mains. La biblioth\u00e8que conserve des objets imprim\u00e9s relatifs \u00e0 l\u2019industrie de la mode, dont des invitations \u00e0 des d\u00e9fil\u00e9s, du courrier interne, des lookbooks, une s\u00e9rie de magazines de mode et une modeste s\u00e9lection d\u2019\u00e9crits universitaires. D\u2019o\u00f9 l\u2019int\u00e9r\u00eat de la <em>Revue Faire<\/em> pour la biblioth\u00e8que et ma visite de deux jours \u00e0 Oslo.<\/p>\n","protected":false},"excerpt":{"rendered":"<p>Texte : Aude Fellay<br \/>\n76 pages, 21 \u00d7 29,7 cm, CMJN<br \/>\nAvril 2025<br \/>\nisbn 979-10-95991-49-6<br \/>\nissn 2558-2062<\/p>\n","protected":false},"featured_media":16805,"comment_status":"closed","ping_status":"closed","template":"","meta":[],"product_brand":[],"product_cat":[3849],"product_tag":[],"contributor":[1930],"season":[1885],"subject":[3321,3142,3133,3325,3233],"collection":[],"artist":[],"limited_edition":[],"class_list":{"0":"post-16830","1":"product","2":"type-product","3":"status-publish","4":"has-post-thumbnail","6":"product_cat-revue-faire-fr","7":"contributor-aude-fellay","8":"season-1885","9":"subject-card-fr","10":"subject-collection-fr","11":"subject-communication-fr","12":"subject-fashion-fr","13":"subject-mediation-fr","15":"first","16":"instock","17":"featured","18":"shipping-taxable","19":"purchasable","20":"product-type-simple"},"_links":{"self":[{"href":"https:\/\/e-m-p-i-r-e.eu\/fr\/wp-json\/wp\/v2\/product\/16830","targetHints":{"allow":["GET"]}}],"collection":[{"href":"https:\/\/e-m-p-i-r-e.eu\/fr\/wp-json\/wp\/v2\/product"}],"about":[{"href":"https:\/\/e-m-p-i-r-e.eu\/fr\/wp-json\/wp\/v2\/types\/product"}],"replies":[{"embeddable":true,"href":"https:\/\/e-m-p-i-r-e.eu\/fr\/wp-json\/wp\/v2\/comments?post=16830"}],"wp:featuredmedia":[{"embeddable":true,"href":"https:\/\/e-m-p-i-r-e.eu\/fr\/wp-json\/wp\/v2\/media\/16805"}],"wp:attachment":[{"href":"https:\/\/e-m-p-i-r-e.eu\/fr\/wp-json\/wp\/v2\/media?parent=16830"}],"wp:term":[{"taxonomy":"product_brand","embeddable":true,"href":"https:\/\/e-m-p-i-r-e.eu\/fr\/wp-json\/wp\/v2\/product_brand?post=16830"},{"taxonomy":"product_cat","embeddable":true,"href":"https:\/\/e-m-p-i-r-e.eu\/fr\/wp-json\/wp\/v2\/product_cat?post=16830"},{"taxonomy":"product_tag","embeddable":true,"href":"https:\/\/e-m-p-i-r-e.eu\/fr\/wp-json\/wp\/v2\/product_tag?post=16830"},{"taxonomy":"contributor","embeddable":true,"href":"https:\/\/e-m-p-i-r-e.eu\/fr\/wp-json\/wp\/v2\/contributor?post=16830"},{"taxonomy":"season","embeddable":true,"href":"https:\/\/e-m-p-i-r-e.eu\/fr\/wp-json\/wp\/v2\/season?post=16830"},{"taxonomy":"subject","embeddable":true,"href":"https:\/\/e-m-p-i-r-e.eu\/fr\/wp-json\/wp\/v2\/subject?post=16830"},{"taxonomy":"collection","embeddable":true,"href":"https:\/\/e-m-p-i-r-e.eu\/fr\/wp-json\/wp\/v2\/collection?post=16830"},{"taxonomy":"artist","embeddable":true,"href":"https:\/\/e-m-p-i-r-e.eu\/fr\/wp-json\/wp\/v2\/artist?post=16830"},{"taxonomy":"limited_edition","embeddable":true,"href":"https:\/\/e-m-p-i-r-e.eu\/fr\/wp-json\/wp\/v2\/limited_edition?post=16830"}],"curies":[{"name":"wp","href":"https:\/\/api.w.org\/{rel}","templated":true}]}}