{"id":16801,"date":"2026-01-29T11:43:09","date_gmt":"2026-01-29T10:43:09","guid":{"rendered":"https:\/\/e-m-p-i-r-e.eu\/?post_type=product&#038;p=16801"},"modified":"2026-02-09T19:16:51","modified_gmt":"2026-02-09T18:16:51","slug":"n49-lawrence-weiner-we-are-ships-at-sea-not-ducks-on-a-pond-auteur-joris-kritis-entretiens-avec-nora-turato-et-linda-van-deursen","status":"publish","type":"product","link":"https:\/\/e-m-p-i-r-e.eu\/fr\/produit\/n49-lawrence-weiner-we-are-ships-at-sea-not-ducks-on-a-pond-auteur-joris-kritis-entretiens-avec-nora-turato-et-linda-van-deursen\/","title":{"rendered":"n\u00b049 \u2014 Lawrence Weiner: Nous sommes des navires sur la mer, pas des canards dans une mare. Auteur: Joris Kritis + entretiens avec Nora Turato et Linda van Deursen"},"content":{"rendered":"<p>Les graphistes ont toujours \u00e9t\u00e9 fascin\u00e9s par la mani\u00e8re dont Lawrence Weiner fait usage du design graphique. \u00ab\u2009Ce qui rend le travail de Weiner si s\u00e9duisant aux yeux des graphistes, c\u2019est sa m\u00e9thode r\u00e9solument assum\u00e9e d\u2019exposer des mots sans aucun besoin d\u2019explications.*\u2009\u00bb Ce texte r\u00e9alise n\u00e9anmoins une analyse comparative de diff\u00e9rentes voix \u00e9voquant l\u2019usage que fait Weiner du graphisme et de la typographie.<\/p>\n<p>&nbsp;<\/p>\n<p>*\u2014 Russel Holmes, \u201cThe Work Must Be Read\u201d, Eye Magazine, Autumn, 1998, https:\/\/www.eyemagazine.com\/feature\/article\/the-work-must-be-read.<\/p>\n","protected":false},"excerpt":{"rendered":"<p>Auteur : Joris Kritis + entretiens avec Linda van Deursen et Nora Turato<br \/>\n62 pages (44 pages A4 + 16 pages A5)<br \/>\n21 \u00d7 29,7 cm, CMJN + 1 PMS en couverture<br \/>\njanvier 2025<br \/>\nisbn 979-10-95991-48-8<br \/>\nissn 2558-2062<\/p>\n","protected":false},"featured_media":16764,"comment_status":"closed","ping_status":"closed","template":"","meta":[],"product_brand":[],"product_cat":[3849],"product_tag":[],"contributor":[2228,2271,2357],"season":[1885],"subject":[],"collection":[],"artist":[],"limited_edition":[],"class_list":{"0":"post-16801","1":"product","2":"type-product","3":"status-publish","4":"has-post-thumbnail","6":"product_cat-revue-faire-fr","7":"contributor-joris-kritis","8":"contributor-linda-van-deursen","9":"contributor-nora-turato","10":"season-1885","12":"first","13":"instock","14":"featured","15":"shipping-taxable","16":"purchasable","17":"product-type-simple"},"_links":{"self":[{"href":"https:\/\/e-m-p-i-r-e.eu\/fr\/wp-json\/wp\/v2\/product\/16801","targetHints":{"allow":["GET"]}}],"collection":[{"href":"https:\/\/e-m-p-i-r-e.eu\/fr\/wp-json\/wp\/v2\/product"}],"about":[{"href":"https:\/\/e-m-p-i-r-e.eu\/fr\/wp-json\/wp\/v2\/types\/product"}],"replies":[{"embeddable":true,"href":"https:\/\/e-m-p-i-r-e.eu\/fr\/wp-json\/wp\/v2\/comments?post=16801"}],"wp:featuredmedia":[{"embeddable":true,"href":"https:\/\/e-m-p-i-r-e.eu\/fr\/wp-json\/wp\/v2\/media\/16764"}],"wp:attachment":[{"href":"https:\/\/e-m-p-i-r-e.eu\/fr\/wp-json\/wp\/v2\/media?parent=16801"}],"wp:term":[{"taxonomy":"product_brand","embeddable":true,"href":"https:\/\/e-m-p-i-r-e.eu\/fr\/wp-json\/wp\/v2\/product_brand?post=16801"},{"taxonomy":"product_cat","embeddable":true,"href":"https:\/\/e-m-p-i-r-e.eu\/fr\/wp-json\/wp\/v2\/product_cat?post=16801"},{"taxonomy":"product_tag","embeddable":true,"href":"https:\/\/e-m-p-i-r-e.eu\/fr\/wp-json\/wp\/v2\/product_tag?post=16801"},{"taxonomy":"contributor","embeddable":true,"href":"https:\/\/e-m-p-i-r-e.eu\/fr\/wp-json\/wp\/v2\/contributor?post=16801"},{"taxonomy":"season","embeddable":true,"href":"https:\/\/e-m-p-i-r-e.eu\/fr\/wp-json\/wp\/v2\/season?post=16801"},{"taxonomy":"subject","embeddable":true,"href":"https:\/\/e-m-p-i-r-e.eu\/fr\/wp-json\/wp\/v2\/subject?post=16801"},{"taxonomy":"collection","embeddable":true,"href":"https:\/\/e-m-p-i-r-e.eu\/fr\/wp-json\/wp\/v2\/collection?post=16801"},{"taxonomy":"artist","embeddable":true,"href":"https:\/\/e-m-p-i-r-e.eu\/fr\/wp-json\/wp\/v2\/artist?post=16801"},{"taxonomy":"limited_edition","embeddable":true,"href":"https:\/\/e-m-p-i-r-e.eu\/fr\/wp-json\/wp\/v2\/limited_edition?post=16801"}],"curies":[{"name":"wp","href":"https:\/\/api.w.org\/{rel}","templated":true}]}}