{"id":16762,"date":"2026-01-29T11:33:56","date_gmt":"2026-01-29T10:33:56","guid":{"rendered":"https:\/\/e-m-p-i-r-e.eu\/?post_type=product&#038;p=16762"},"modified":"2026-02-09T19:17:47","modified_gmt":"2026-02-09T18:17:47","slug":"n52-un-mode-de-representation-la-3d-auteure-manon-bruet-illustrations-de-harriet-davey","status":"publish","type":"product","link":"https:\/\/e-m-p-i-r-e.eu\/fr\/produit\/n52-un-mode-de-representation-la-3d-auteure-manon-bruet-illustrations-de-harriet-davey\/","title":{"rendered":"n\u00b052 \u2014 Un mode de repr\u00e9sentation : la 3D. Auteure : Manon Bruet + illustrations de Harriet Davey"},"content":{"rendered":"<p>\u00c0 travers l\u2019articulation de textes critiques et d\u2019un essai visuel, ce num\u00e9ro de la revue Faire s\u2019int\u00e9resse \u00e0 la 3D, aussi appel\u00e9e synth\u00e8se d\u2019images tridimensionnelles.<\/p>\n<p>Des premiers visuels utilis\u00e9s comme \u00e9conomiseurs d\u2019\u00e9cran Mac \u00e0 la cr\u00e9ation de monde totalement virtuels, il s\u2019agira d\u2019explorer plusieurs postures face \u00e0 la repr\u00e9sentation du r\u00e9el et de mettre en lumi\u00e8re certains des enjeux esth\u00e9tiques et \u00e9conomiques li\u00e9s au d\u00e9veloppement de ce mode de fabrication d\u2019images d\u00e9sormais devenu incontournable.<\/p>\n","protected":false},"excerpt":{"rendered":"<p>Texte : Manon Bruet<br \/>\n+ carte blanche by Harriet Davey<br \/>\n96 pages, 21 \u00d7 29,7 cm, CJN + 1 PMS<br \/>\njuin 2025<br \/>\nisbn 979-10-95991-54-0<br \/>\nissn 2558-2062<\/p>\n","protected":false},"featured_media":16727,"comment_status":"closed","ping_status":"closed","template":"","meta":[],"product_brand":[],"product_cat":[3849],"product_tag":[],"contributor":[2158,47],"season":[1885],"subject":[],"collection":[],"artist":[],"limited_edition":[],"class_list":{"0":"post-16762","1":"product","2":"type-product","3":"status-publish","4":"has-post-thumbnail","6":"product_cat-revue-faire-fr","7":"contributor-harriet-davey","8":"contributor-manon-bruet","9":"season-1885","11":"first","12":"instock","13":"featured","14":"shipping-taxable","15":"purchasable","16":"product-type-simple"},"_links":{"self":[{"href":"https:\/\/e-m-p-i-r-e.eu\/fr\/wp-json\/wp\/v2\/product\/16762","targetHints":{"allow":["GET"]}}],"collection":[{"href":"https:\/\/e-m-p-i-r-e.eu\/fr\/wp-json\/wp\/v2\/product"}],"about":[{"href":"https:\/\/e-m-p-i-r-e.eu\/fr\/wp-json\/wp\/v2\/types\/product"}],"replies":[{"embeddable":true,"href":"https:\/\/e-m-p-i-r-e.eu\/fr\/wp-json\/wp\/v2\/comments?post=16762"}],"wp:featuredmedia":[{"embeddable":true,"href":"https:\/\/e-m-p-i-r-e.eu\/fr\/wp-json\/wp\/v2\/media\/16727"}],"wp:attachment":[{"href":"https:\/\/e-m-p-i-r-e.eu\/fr\/wp-json\/wp\/v2\/media?parent=16762"}],"wp:term":[{"taxonomy":"product_brand","embeddable":true,"href":"https:\/\/e-m-p-i-r-e.eu\/fr\/wp-json\/wp\/v2\/product_brand?post=16762"},{"taxonomy":"product_cat","embeddable":true,"href":"https:\/\/e-m-p-i-r-e.eu\/fr\/wp-json\/wp\/v2\/product_cat?post=16762"},{"taxonomy":"product_tag","embeddable":true,"href":"https:\/\/e-m-p-i-r-e.eu\/fr\/wp-json\/wp\/v2\/product_tag?post=16762"},{"taxonomy":"contributor","embeddable":true,"href":"https:\/\/e-m-p-i-r-e.eu\/fr\/wp-json\/wp\/v2\/contributor?post=16762"},{"taxonomy":"season","embeddable":true,"href":"https:\/\/e-m-p-i-r-e.eu\/fr\/wp-json\/wp\/v2\/season?post=16762"},{"taxonomy":"subject","embeddable":true,"href":"https:\/\/e-m-p-i-r-e.eu\/fr\/wp-json\/wp\/v2\/subject?post=16762"},{"taxonomy":"collection","embeddable":true,"href":"https:\/\/e-m-p-i-r-e.eu\/fr\/wp-json\/wp\/v2\/collection?post=16762"},{"taxonomy":"artist","embeddable":true,"href":"https:\/\/e-m-p-i-r-e.eu\/fr\/wp-json\/wp\/v2\/artist?post=16762"},{"taxonomy":"limited_edition","embeddable":true,"href":"https:\/\/e-m-p-i-r-e.eu\/fr\/wp-json\/wp\/v2\/limited_edition?post=16762"}],"curies":[{"name":"wp","href":"https:\/\/api.w.org\/{rel}","templated":true}]}}