{"id":16699,"date":"2026-01-29T11:20:19","date_gmt":"2026-01-29T10:20:19","guid":{"rendered":"https:\/\/e-m-p-i-r-e.eu\/?post_type=product&#038;p=16699"},"modified":"2026-02-09T19:17:57","modified_gmt":"2026-02-09T18:17:57","slug":"n54-le-directeur-le-graphiste-et-limprimeur-pontus-hulten-et-la-fabrique-du-catalogue-1960-1973-auteure-malou-messien","status":"publish","type":"product","link":"https:\/\/e-m-p-i-r-e.eu\/fr\/produit\/n54-le-directeur-le-graphiste-et-limprimeur-pontus-hulten-et-la-fabrique-du-catalogue-1960-1973-auteure-malou-messien\/","title":{"rendered":"n\u00b054 \u2014 Le directeur, le graphiste et l\u2019imprimeur : Pontus Hult\u00e9n et la fabrique du catalogue, 1960\u20131973. Auteure : Malou Messien"},"content":{"rendered":"<p>Centr\u00e9 sur la figure embl\u00e9matique de Pontus Hult\u00e9n (1924\u20132006), ce num\u00e9ro de la <i>revue Faire <\/i>s\u2019int\u00e9resse \u00e0 la production \u00e9ditoriale du directeur lors de son mandat au Moderna Museet de Stockholm, de 1960 \u00e0 1973.<\/p>\n<p>Directeur et fondateur de multiples institutions, dont le Moderna Museet et le Centre Pompidou, Pontus Hult\u00e9n a \u00e9dit\u00e9 des livres tout au long de sa\u00a0carri\u00e8re. D\u00e8s les ann\u00e9es 60, alors qu\u2019il devient directeur du premier mus\u00e9e d\u2019art moderne de Su\u00e8de, il s\u2019empare pleinement de la question du catalogue d\u2019exposition, allant jusqu\u2019\u00e0 s\u2019investir dans sa mise en forme.<\/p>\n","protected":false},"excerpt":{"rendered":"<p>Texte: Malou Messien<br \/>\n64 pages, 21 \u00d7 29,7 cm, CMJN<br \/>\nnovembre 2025<br \/>\nisbn 979-10-95991-80-9<br \/>\nissn 2558-206<\/p>\n","protected":false},"featured_media":16703,"comment_status":"closed","ping_status":"closed","template":"","meta":[],"product_brand":[],"product_cat":[3849],"product_tag":[],"contributor":[2291],"season":[1885],"subject":[],"collection":[],"artist":[],"limited_edition":[],"class_list":{"0":"post-16699","1":"product","2":"type-product","3":"status-publish","4":"has-post-thumbnail","6":"product_cat-revue-faire-fr","7":"contributor-malou-messien","8":"season-1885","10":"first","11":"instock","12":"featured","13":"shipping-taxable","14":"purchasable","15":"product-type-simple"},"_links":{"self":[{"href":"https:\/\/e-m-p-i-r-e.eu\/fr\/wp-json\/wp\/v2\/product\/16699","targetHints":{"allow":["GET"]}}],"collection":[{"href":"https:\/\/e-m-p-i-r-e.eu\/fr\/wp-json\/wp\/v2\/product"}],"about":[{"href":"https:\/\/e-m-p-i-r-e.eu\/fr\/wp-json\/wp\/v2\/types\/product"}],"replies":[{"embeddable":true,"href":"https:\/\/e-m-p-i-r-e.eu\/fr\/wp-json\/wp\/v2\/comments?post=16699"}],"wp:featuredmedia":[{"embeddable":true,"href":"https:\/\/e-m-p-i-r-e.eu\/fr\/wp-json\/wp\/v2\/media\/16703"}],"wp:attachment":[{"href":"https:\/\/e-m-p-i-r-e.eu\/fr\/wp-json\/wp\/v2\/media?parent=16699"}],"wp:term":[{"taxonomy":"product_brand","embeddable":true,"href":"https:\/\/e-m-p-i-r-e.eu\/fr\/wp-json\/wp\/v2\/product_brand?post=16699"},{"taxonomy":"product_cat","embeddable":true,"href":"https:\/\/e-m-p-i-r-e.eu\/fr\/wp-json\/wp\/v2\/product_cat?post=16699"},{"taxonomy":"product_tag","embeddable":true,"href":"https:\/\/e-m-p-i-r-e.eu\/fr\/wp-json\/wp\/v2\/product_tag?post=16699"},{"taxonomy":"contributor","embeddable":true,"href":"https:\/\/e-m-p-i-r-e.eu\/fr\/wp-json\/wp\/v2\/contributor?post=16699"},{"taxonomy":"season","embeddable":true,"href":"https:\/\/e-m-p-i-r-e.eu\/fr\/wp-json\/wp\/v2\/season?post=16699"},{"taxonomy":"subject","embeddable":true,"href":"https:\/\/e-m-p-i-r-e.eu\/fr\/wp-json\/wp\/v2\/subject?post=16699"},{"taxonomy":"collection","embeddable":true,"href":"https:\/\/e-m-p-i-r-e.eu\/fr\/wp-json\/wp\/v2\/collection?post=16699"},{"taxonomy":"artist","embeddable":true,"href":"https:\/\/e-m-p-i-r-e.eu\/fr\/wp-json\/wp\/v2\/artist?post=16699"},{"taxonomy":"limited_edition","embeddable":true,"href":"https:\/\/e-m-p-i-r-e.eu\/fr\/wp-json\/wp\/v2\/limited_edition?post=16699"}],"curies":[{"name":"wp","href":"https:\/\/api.w.org\/{rel}","templated":true}]}}