{"id":16698,"date":"2026-01-29T11:12:49","date_gmt":"2026-01-29T10:12:49","guid":{"rendered":"https:\/\/e-m-p-i-r-e.eu\/?post_type=product&#038;p=16698"},"modified":"2026-02-09T19:18:05","modified_gmt":"2026-02-09T18:18:05","slug":"n55-de-limage-du-panneau-publicitaire-auteure-rica-cerbarano","status":"publish","type":"product","link":"https:\/\/e-m-p-i-r-e.eu\/fr\/produit\/n55-de-limage-du-panneau-publicitaire-auteure-rica-cerbarano\/","title":{"rendered":"n\u00b055 \u2014 \u00ab\u2009De l\u2019image du panneau publicitaire\u2009\u00bb. Auteure : Rica Cerbarano"},"content":{"rendered":"<p>Les panneaux d\u2019affichage publicitaires sont des dispositifs urbains qui offrent un potentiel important pour explorer les m\u00e9canismes qui fa\u00e7onnent notre perception des photographies dans la vie quotidienne. En tant que \u00ab\u2009monuments visuels contemporains\u2009\u00bb accessibles \u00e0 tous, ils favorisent les discussions ouvertes sur le contenu visuel et l\u2019imagerie quotidienne qui emplissent notre champ de vision dans les lieux publics. Cette publication, fond\u00e9e sur la conscience du r\u00f4le essentiel de la photographie dans la d\u00e9finition de l\u2019identit\u00e9 personnelle et de l\u2019appartenance sociale, examine des pratiques diverses\u00a0: l\u2019av\u00e8nement des panneaux d\u2019affichage comme espaces publicitaires pris\u00e9s, les \u0153uvres d\u2019artistes historiques et contemporains qui les utilisent comme des espaces de r\u00e9flexion, et les projets culturels qui les transforment en format d\u2019exposition d\u00e9mocratique.<\/p>\n<p>\u00c0 une \u00e9poque domin\u00e9e par la consommation d\u2019images en ligne, \u00ab\u2009De l\u2019image du panneau publicitaire\u2009\u00bb souligne l\u2019importance de se focaliser \u00e0 nouveau sur notre exp\u00e9rience dans l\u2019espace physique, et de cultiver une attention particuli\u00e8re envers les photographies que nous voyons passivement dans l\u2019espace public. Car c\u2019est l\u00e0 o\u00f9 les opinions, les syst\u00e8mes de valeurs, les dynamiques de pouvoir et la conscience civique prennent forme. \u00c0 mesure que ces espaces publics se fragmentent sous l\u2019effet de la privatisation, de la gentrification et de l\u2019individualisme, une \u00e9tape est essentielle pour se r\u00e9approprier les espaces que nous habitons\u00a0: celle de comprendre le r\u00f4le des panneaux d\u2019affichage dans la transformation du territoire urbain, et surtout de notre imaginaire collectif.<\/p>\n<p>&nbsp;<\/p>\n<p>&nbsp;<\/p>\n<p>Le projet \u00ab\u2009<i>The Billboard Image: In, Around and About<\/i>\u2009\u00bb a re\u00e7u le soutien de Strategia Fotografia\u00a02024, un programme de la Direction g\u00e9n\u00e9rale de la cr\u00e9ation contemporaine du minist\u00e8re de la Culture italien.<\/p>\n","protected":false},"excerpt":{"rendered":"<p>Autrice : Rica Cerbarano<br \/>\n48 pages + poster\/couverture sur papier dos bleu<\/p>\n<p>21 \u00d7 29,7 cm, CMJN<br \/>\nf\u00e9vrier 26<br \/>\nisbn 979-10-95991-83-0<br \/>\nissn 2558-206<\/p>\n","protected":false},"featured_media":16679,"comment_status":"closed","ping_status":"closed","template":"","meta":[],"product_brand":[],"product_cat":[3849],"product_tag":[],"contributor":[3827],"season":[1885],"subject":[],"collection":[],"artist":[],"limited_edition":[],"class_list":{"0":"post-16698","1":"product","2":"type-product","3":"status-publish","4":"has-post-thumbnail","6":"product_cat-revue-faire-fr","7":"contributor-rica-cerbarano","8":"season-1885","10":"first","11":"instock","12":"featured","13":"shipping-taxable","14":"purchasable","15":"product-type-simple"},"_links":{"self":[{"href":"https:\/\/e-m-p-i-r-e.eu\/fr\/wp-json\/wp\/v2\/product\/16698","targetHints":{"allow":["GET"]}}],"collection":[{"href":"https:\/\/e-m-p-i-r-e.eu\/fr\/wp-json\/wp\/v2\/product"}],"about":[{"href":"https:\/\/e-m-p-i-r-e.eu\/fr\/wp-json\/wp\/v2\/types\/product"}],"replies":[{"embeddable":true,"href":"https:\/\/e-m-p-i-r-e.eu\/fr\/wp-json\/wp\/v2\/comments?post=16698"}],"wp:featuredmedia":[{"embeddable":true,"href":"https:\/\/e-m-p-i-r-e.eu\/fr\/wp-json\/wp\/v2\/media\/16679"}],"wp:attachment":[{"href":"https:\/\/e-m-p-i-r-e.eu\/fr\/wp-json\/wp\/v2\/media?parent=16698"}],"wp:term":[{"taxonomy":"product_brand","embeddable":true,"href":"https:\/\/e-m-p-i-r-e.eu\/fr\/wp-json\/wp\/v2\/product_brand?post=16698"},{"taxonomy":"product_cat","embeddable":true,"href":"https:\/\/e-m-p-i-r-e.eu\/fr\/wp-json\/wp\/v2\/product_cat?post=16698"},{"taxonomy":"product_tag","embeddable":true,"href":"https:\/\/e-m-p-i-r-e.eu\/fr\/wp-json\/wp\/v2\/product_tag?post=16698"},{"taxonomy":"contributor","embeddable":true,"href":"https:\/\/e-m-p-i-r-e.eu\/fr\/wp-json\/wp\/v2\/contributor?post=16698"},{"taxonomy":"season","embeddable":true,"href":"https:\/\/e-m-p-i-r-e.eu\/fr\/wp-json\/wp\/v2\/season?post=16698"},{"taxonomy":"subject","embeddable":true,"href":"https:\/\/e-m-p-i-r-e.eu\/fr\/wp-json\/wp\/v2\/subject?post=16698"},{"taxonomy":"collection","embeddable":true,"href":"https:\/\/e-m-p-i-r-e.eu\/fr\/wp-json\/wp\/v2\/collection?post=16698"},{"taxonomy":"artist","embeddable":true,"href":"https:\/\/e-m-p-i-r-e.eu\/fr\/wp-json\/wp\/v2\/artist?post=16698"},{"taxonomy":"limited_edition","embeddable":true,"href":"https:\/\/e-m-p-i-r-e.eu\/fr\/wp-json\/wp\/v2\/limited_edition?post=16698"}],"curies":[{"name":"wp","href":"https:\/\/api.w.org\/{rel}","templated":true}]}}