{"id":16674,"date":"2026-01-29T10:57:39","date_gmt":"2026-01-29T09:57:39","guid":{"rendered":"https:\/\/e-m-p-i-r-e.eu\/?post_type=product&#038;p=16674"},"modified":"2026-02-09T19:18:13","modified_gmt":"2026-02-09T18:18:13","slug":"les-graphistes-iconographes-auteur-thierry-chancogne","status":"publish","type":"product","link":"https:\/\/e-m-p-i-r-e.eu\/fr\/produit\/les-graphistes-iconographes-auteur-thierry-chancogne\/","title":{"rendered":"n\u00b053 \u2014 Les graphistes iconographes. Auteur: Thierry Chancogne"},"content":{"rendered":"<p>Sc\u00e8ne 1\u2009: le peintre-iconographe \u00ab\u2009d\u00e9crit tout sujet par le dessin\u2009\u00bb. Au sein d\u2019un atelier ou \u00ab\u2009sur le motif\u2009\u00bb, soit en pleine nature, il produit une image d\u2019apr\u00e8s un objet. Il travaille d\u00e9j\u00e0 \u00e0 ce qu\u2019Erwin Panofsky appelle des iconographies.<br \/>\nSc\u00e8ne 2\u2009: le peintre-iconographe produit une image \u00e0 partir d\u2019une image ou d\u2019un texte imag\u00e9, d\u2019une peinture, d\u2019une photographie ou m\u00eame d\u2019une <em>ekphrasis<\/em>. C\u2019est-\u00e0-dire de la repr\u00e9sentation textuelle la plus compl\u00e8te possible d\u2019une image qui fut longtemps un des moyens majeurs de sa diffusion.<span class=\"Apple-converted-space\"><br \/>\n<\/span>Sc\u00e8ne 3\u2009: l\u2019artiste, et non plus exclusivement le peintre-iconographe, choisit une image pr\u00e9existante, une image \u00ab\u2009d\u00e9j\u00e0 faite\u2009\u00bb \u2013 pour ne pas dire \u00ab\u2009<em>ready made<\/em>\u2009\u00bb. En cela, l\u2019artiste s\u2019inscrit dans le corps des m\u00e9tiers li\u00e9s \u00e0 la multiplicit\u00e9 des images. L\u2019artiste devient une sorte de documentaliste, de conservateur, de directeur artistique, d\u2019\u00e9diteur\u2009: d\u2019iconographe dans le genre de ce que des graphistes typographes ont revendiqu\u00e9 depuis longtemps comme moyen propre de r\u00e9g\u00e9n\u00e9rer la vieille illustration.<br \/>\nSc\u00e8ne 4\u2009: que se passe-t-il donc lorsque des graphistes contemporains semblent vouloir reprendre le flambeau de l\u2019iconographie que des artistes dits iconographes avaient d\u00e9j\u00e0 r\u00e9cup\u00e9r\u00e9 depuis le d\u00e9but du si\u00e8cle dernier des graphistes, de leur culture ou de leurs comp\u00e9tences\u2009?<\/p>\n","protected":false},"excerpt":{"rendered":"<p>Texte : Thierry Chancogne<br \/>\n80 pages, 21 \u00d7 29,7 cm, CMJN + 1 PMS<br \/>\noctobre 2025<br \/>\nisbn 979-10-95991-59-5<br \/>\nissn\u00a0 2558-2062<\/p>\n","protected":false},"featured_media":16638,"comment_status":"closed","ping_status":"closed","template":"","meta":[],"product_brand":[],"product_cat":[3849],"product_tag":[],"contributor":[50],"season":[],"subject":[3200,3114,3142,3197,3128],"collection":[],"artist":[],"limited_edition":[],"class_list":{"0":"post-16674","1":"product","2":"type-product","3":"status-publish","4":"has-post-thumbnail","6":"product_cat-revue-faire-fr","7":"contributor-thierry-chancogne","8":"subject-appropriation-fr","9":"subject-archive-fr","10":"subject-collection-fr","11":"subject-image-fr","12":"subject-reproduction-fr","14":"first","15":"instock","16":"featured","17":"shipping-taxable","18":"purchasable","19":"product-type-simple"},"_links":{"self":[{"href":"https:\/\/e-m-p-i-r-e.eu\/fr\/wp-json\/wp\/v2\/product\/16674","targetHints":{"allow":["GET"]}}],"collection":[{"href":"https:\/\/e-m-p-i-r-e.eu\/fr\/wp-json\/wp\/v2\/product"}],"about":[{"href":"https:\/\/e-m-p-i-r-e.eu\/fr\/wp-json\/wp\/v2\/types\/product"}],"replies":[{"embeddable":true,"href":"https:\/\/e-m-p-i-r-e.eu\/fr\/wp-json\/wp\/v2\/comments?post=16674"}],"wp:featuredmedia":[{"embeddable":true,"href":"https:\/\/e-m-p-i-r-e.eu\/fr\/wp-json\/wp\/v2\/media\/16638"}],"wp:attachment":[{"href":"https:\/\/e-m-p-i-r-e.eu\/fr\/wp-json\/wp\/v2\/media?parent=16674"}],"wp:term":[{"taxonomy":"product_brand","embeddable":true,"href":"https:\/\/e-m-p-i-r-e.eu\/fr\/wp-json\/wp\/v2\/product_brand?post=16674"},{"taxonomy":"product_cat","embeddable":true,"href":"https:\/\/e-m-p-i-r-e.eu\/fr\/wp-json\/wp\/v2\/product_cat?post=16674"},{"taxonomy":"product_tag","embeddable":true,"href":"https:\/\/e-m-p-i-r-e.eu\/fr\/wp-json\/wp\/v2\/product_tag?post=16674"},{"taxonomy":"contributor","embeddable":true,"href":"https:\/\/e-m-p-i-r-e.eu\/fr\/wp-json\/wp\/v2\/contributor?post=16674"},{"taxonomy":"season","embeddable":true,"href":"https:\/\/e-m-p-i-r-e.eu\/fr\/wp-json\/wp\/v2\/season?post=16674"},{"taxonomy":"subject","embeddable":true,"href":"https:\/\/e-m-p-i-r-e.eu\/fr\/wp-json\/wp\/v2\/subject?post=16674"},{"taxonomy":"collection","embeddable":true,"href":"https:\/\/e-m-p-i-r-e.eu\/fr\/wp-json\/wp\/v2\/collection?post=16674"},{"taxonomy":"artist","embeddable":true,"href":"https:\/\/e-m-p-i-r-e.eu\/fr\/wp-json\/wp\/v2\/artist?post=16674"},{"taxonomy":"limited_edition","embeddable":true,"href":"https:\/\/e-m-p-i-r-e.eu\/fr\/wp-json\/wp\/v2\/limited_edition?post=16674"}],"curies":[{"name":"wp","href":"https:\/\/api.w.org\/{rel}","templated":true}]}}