{"id":1330,"date":"2021-08-22T15:48:30","date_gmt":"2021-08-22T13:48:30","guid":{"rendered":"https:\/\/e-m-p-i-r-e.eu\/produit\/ibm-reedition-de-la-norme-graphique-de-paul-rand\/"},"modified":"2026-02-10T11:39:06","modified_gmt":"2026-02-10T10:39:06","slug":"ibm-reedition-de-la-norme-graphique-de-paul-rand","status":"publish","type":"product","link":"https:\/\/e-m-p-i-r-e.eu\/fr\/produit\/ibm-reedition-de-la-norme-graphique-de-paul-rand\/","title":{"rendered":"IBM, r\u00e9\u00e9dition de la norme graphique de Paul Rand"},"content":{"rendered":"<p>R\u00e9\u00e9dition de la norme dessin\u00e9e par Paul Rand entre 1962 et 1987, accompagn\u00e9e de sa traduction fran\u00e7aise.<\/p>\n<p>En 1956, le designer Eliot Noyes est engag\u00e9 par le directeur d\u2019IBM \u00e0 repenser le design de l\u2019entreprise dans son int\u00e9gralit\u00e9, des produits \u00e0 la communication en passant par l\u2019architecture des b\u00e2timents.<\/p>\n<p>Le graphiste Paul Rand est invit\u00e9 \u00e0 d\u00e9finir l\u2019ensemble des documents graphiques de l\u2019entreprise. Commence alors l\u2019un des projets de design graphique le plus m\u00e9morable du 20e si\u00e8cle au sein de l\u2019\u00abIBM Graphic Design Program\u00bb.<\/p>\n<p>La s\u00e9rie de logotypes IBM cr\u00e9\u00e9e par Paul Rand a culmin\u00e9 avec une version dessin\u00e9e en 1972 form\u00e9e de bandes superpos\u00e9es, qui a rendu les initiales de la compagnie instantan\u00e9ment reconnaissables dans le monde entier. Ce logo \u00e0 8 barres est toujours utilis\u00e9 aujourd\u2019hui.<\/p>\n<p>Entre les ann\u00e9es 60 et les ann\u00e9es 80 un ensemble cons\u00e9quent de r\u00e8gles et usages graphiques a \u00e9t\u00e9 r\u00e9pertori\u00e9 et r\u00e9guli\u00e8rement mis \u00e0 jour dans un classeur organis\u00e9 par sections.<\/p>\n<p>On y retrouve les instructions de reproduction du logotype, les r\u00e8gles graphiques et typographiques, les dessins de documents internes et externes, les usages signal\u00e9tiques, les utilisations architecturales. Ce document permet une manipulation des signes graphiques de l\u2019entreprise en coh\u00e9rence et en discussion efficace avec les autres corps de m\u00e9tier.<\/p>\n<p>Ce classeur est aujourd\u2019hui un objet iconique, rare et peu document\u00e9, il nous parait n\u00e9cessaire de le rendre accessible et diffusable, aux graphistes, \u00e9tudiants et int\u00e9ress\u00e9s par cette aventure d\u2019entreprise embl\u00e9matique.<\/p>\n<p>Compte tenu des nombreuses mises \u00e0 jour des normes graphiques, les diff\u00e9rents classeurs de norme IBM que nous avons consult\u00e9s sont souvent diff\u00e9rents dans leurs contenus.<\/p>\n<p>Ce sont les documents successifs de ce classeur et leurs \u00e9volutions qui seront \u00e9dit\u00e9s et reproduits afin d\u2019offrir la vue la plus large sur le travail accompli pendant plus de 20 ans. Cette entreprise se fera de concert avec les archivistes d\u2019IBM, New-York et la Biblioth\u00e8que Kandinsky du Centre Georges Pompidou, Paris.<\/p>\n<p>Le projet s\u2019est fait en accord avec les ayants droit de Paul Rand et l\u2019entreprise IBM.<\/p>\n<p>Pr\u00e9face de Steven Heller<\/p>\n","protected":false},"excerpt":{"rendered":"<p>Pr\u00e9face de Steven Heller<\/p>\n<p>isbn 979-10-95991-07-6<br \/>\nAnglais + traduction fran\u00e7aise<br \/>\n292 + 44 pages, 235 \u00d7 320 mm<br \/>\nCMJN + 9 Pantone\u00a9<br \/>\nConception graphique: <a href=\"http:\/\/www.s-y-n-d-i-c-a-t.eu\">Syndicat<\/a><br \/>\n50 \u20ac<\/p>\n","protected":false},"featured_media":1420,"comment_status":"open","ping_status":"closed","template":"","meta":[],"product_brand":[],"product_cat":[164],"product_tag":[],"contributor":[100,53,101],"season":[],"subject":[3901,3345,3902,3136,3979,3882],"collection":[],"artist":[4472,4471],"limited_edition":[],"class_list":{"0":"post-1330","1":"product","2":"type-product","3":"status-publish","4":"has-post-thumbnail","6":"product_cat-empire-fr","7":"contributor-paul-rand","8":"contributor-quentin-schmerber","9":"contributor-steven-heller","10":"subject-graphic-design-fr","11":"subject-graphic-standards-manual","12":"subject-identity-fr","13":"subject-logo-fr","14":"subject-signage-fr","15":"subject-typography-fr","16":"artist-eliot-noyes","17":"artist-paul-rand","19":"first","20":"instock","21":"featured","22":"shipping-taxable","23":"purchasable","24":"product-type-simple"},"_links":{"self":[{"href":"https:\/\/e-m-p-i-r-e.eu\/fr\/wp-json\/wp\/v2\/product\/1330","targetHints":{"allow":["GET"]}}],"collection":[{"href":"https:\/\/e-m-p-i-r-e.eu\/fr\/wp-json\/wp\/v2\/product"}],"about":[{"href":"https:\/\/e-m-p-i-r-e.eu\/fr\/wp-json\/wp\/v2\/types\/product"}],"replies":[{"embeddable":true,"href":"https:\/\/e-m-p-i-r-e.eu\/fr\/wp-json\/wp\/v2\/comments?post=1330"}],"wp:featuredmedia":[{"embeddable":true,"href":"https:\/\/e-m-p-i-r-e.eu\/fr\/wp-json\/wp\/v2\/media\/1420"}],"wp:attachment":[{"href":"https:\/\/e-m-p-i-r-e.eu\/fr\/wp-json\/wp\/v2\/media?parent=1330"}],"wp:term":[{"taxonomy":"product_brand","embeddable":true,"href":"https:\/\/e-m-p-i-r-e.eu\/fr\/wp-json\/wp\/v2\/product_brand?post=1330"},{"taxonomy":"product_cat","embeddable":true,"href":"https:\/\/e-m-p-i-r-e.eu\/fr\/wp-json\/wp\/v2\/product_cat?post=1330"},{"taxonomy":"product_tag","embeddable":true,"href":"https:\/\/e-m-p-i-r-e.eu\/fr\/wp-json\/wp\/v2\/product_tag?post=1330"},{"taxonomy":"contributor","embeddable":true,"href":"https:\/\/e-m-p-i-r-e.eu\/fr\/wp-json\/wp\/v2\/contributor?post=1330"},{"taxonomy":"season","embeddable":true,"href":"https:\/\/e-m-p-i-r-e.eu\/fr\/wp-json\/wp\/v2\/season?post=1330"},{"taxonomy":"subject","embeddable":true,"href":"https:\/\/e-m-p-i-r-e.eu\/fr\/wp-json\/wp\/v2\/subject?post=1330"},{"taxonomy":"collection","embeddable":true,"href":"https:\/\/e-m-p-i-r-e.eu\/fr\/wp-json\/wp\/v2\/collection?post=1330"},{"taxonomy":"artist","embeddable":true,"href":"https:\/\/e-m-p-i-r-e.eu\/fr\/wp-json\/wp\/v2\/artist?post=1330"},{"taxonomy":"limited_edition","embeddable":true,"href":"https:\/\/e-m-p-i-r-e.eu\/fr\/wp-json\/wp\/v2\/limited_edition?post=1330"}],"curies":[{"name":"wp","href":"https:\/\/api.w.org\/{rel}","templated":true}]}}