{"id":1329,"date":"2021-08-22T16:25:23","date_gmt":"2021-08-22T14:25:23","guid":{"rendered":"https:\/\/e-m-p-i-r-e.eu\/produit\/les-artistes-iconographes-garance-chabert-et-aurelien-mole\/"},"modified":"2026-02-10T12:52:39","modified_gmt":"2026-02-10T11:52:39","slug":"les-artistes-iconographes-garance-chabert-et-aurelien-mole","status":"publish","type":"product","link":"https:\/\/e-m-p-i-r-e.eu\/fr\/produit\/les-artistes-iconographes-garance-chabert-et-aurelien-mole\/","title":{"rendered":"Les Artistes iconographes, Garance Chabert et Aur\u00e9lien Mole"},"content":{"rendered":"<p>Les artistes iconographes nourrissent leur d\u00e9marche depuis plus d\u2019un si\u00e8cle de la diversit\u00e9 des images produites par d\u2019autres et diffus\u00e9es industriellement dans la soci\u00e9t\u00e9. Du collage au Post-Internet, de l\u2019installation d\u2019archives \u00e0 la citation appropriationniste, en passant par la constellation d\u2019images, ce livre remet en perspective ces pratiques en se focalisant sur les quarante derni\u00e8res ann\u00e9es marqu\u00e9es par l\u2019invention et le d\u00e9veloppement d\u2019un nouveau r\u00e9gime de diffusion\u2009: Internet. A travers textes th\u00e9oriques, entretiens avec des artistes, et pratiques de l\u2019exposition, il dresse une cartographie des relations que les artistes entretiennent avec les images et aborde la question de l\u2019affect comme moteur de nos interactions avec elles.<\/p>\n<p>&nbsp;<\/p>\n<p>Sous la direction de\u2009: Garance Chabert et Aur\u00e9lien Mole.<br \/>\nAvec des textes de\u2009: Fran\u00e7ois Aubart, Garance Chabert et Aur\u00e9lien Mole, Ingrid Luquet-Gad, Jan Verwoert.<br \/>\nAvec des entretiens de : Pierre-Olivier Arnaud, Barbara Breitenfellner, C\u00e9line Duval, Haris Epaminonda, Aur\u00e9lien Froment, Wade Guyton, Camille Henrot, Thomas Hirschhorn, Pierre Leguillon, Jonathan Monk, Cl\u00e9ment Rodzielski, Linder Sterling, John Stezaker, Oriol Vilanova, r\u00e9alis\u00e9s par Timoth\u00e9e Chaillou.<br \/>\nUn livret de 16 pages d\u2019<em>Album XIII<\/em> (extrait), Luis Jacob, 2015.<\/p>\n","protected":false},"excerpt":{"rendered":"<p>\u00e9ditions Empire et <a href=\"https:\/\/www.villaduparc.org\/fr\" target=\"_blank\" rel=\"noopener\">Villa du Parc, centre d\u2019art contemporain<\/a><br \/>\nisbn 979-10-95991-02-1<\/p>\n<p>Fran\u00e7ais \/ Anglais<\/p>\n<p>342 + 16 pages, 125 x 200 mm<br \/>\nConception graphique : <a href=\"http:\/\/www.s-y-n-d-i-c-a-t.eu\/\" target=\"_blank\" rel=\"noopener\">Syndicat<\/a><br \/>\n2018<\/p>\n<p>\u00c9puis\u00e9<\/p>\n","protected":false},"featured_media":1478,"comment_status":"open","ping_status":"closed","template":"","meta":[],"product_brand":[],"product_cat":[164],"product_tag":[],"contributor":[79,58,107,109,150,108,110],"season":[],"subject":[3185,3909,4147,3197],"collection":[],"artist":[4477,4474,4479,4475,4482,4476,4484,4327,4483,4485,4481,4473,4480,4478],"limited_edition":[],"class_list":{"0":"post-1329","1":"product","2":"type-product","3":"status-publish","4":"has-post-thumbnail","6":"product_cat-empire-fr","7":"contributor-aurelien-mole","8":"contributor-francois-aubart","9":"contributor-garance-chabert","10":"contributor-ingrid-luquet-gad","11":"contributor-jan-verwoert","12":"contributor-luis-jacob","13":"contributor-timothee-chaillou","14":"subject-art-fr","15":"subject-contemporary-art-fr","16":"subject-iconographer-fr","17":"subject-image-fr","18":"artist-aurelien-froment","19":"artist-barbara-breitenfellner","20":"artist-camille-henrot","21":"artist-celine-duval","22":"artist-clement-rodzielski","23":"artist-haris-epaminonda","24":"artist-john-stezaker","25":"artist-jonathan-monk","26":"artist-linder-sterling","27":"artist-oriol-vilanova","28":"artist-pierre-leguillon","29":"artist-pierre-olivier-arnaud","30":"artist-thomas-hirschhorn","31":"artist-wade-guyton","33":"first","34":"outofstock","35":"featured","36":"shipping-taxable","37":"product-type-simple"},"_links":{"self":[{"href":"https:\/\/e-m-p-i-r-e.eu\/fr\/wp-json\/wp\/v2\/product\/1329","targetHints":{"allow":["GET"]}}],"collection":[{"href":"https:\/\/e-m-p-i-r-e.eu\/fr\/wp-json\/wp\/v2\/product"}],"about":[{"href":"https:\/\/e-m-p-i-r-e.eu\/fr\/wp-json\/wp\/v2\/types\/product"}],"replies":[{"embeddable":true,"href":"https:\/\/e-m-p-i-r-e.eu\/fr\/wp-json\/wp\/v2\/comments?post=1329"}],"wp:featuredmedia":[{"embeddable":true,"href":"https:\/\/e-m-p-i-r-e.eu\/fr\/wp-json\/wp\/v2\/media\/1478"}],"wp:attachment":[{"href":"https:\/\/e-m-p-i-r-e.eu\/fr\/wp-json\/wp\/v2\/media?parent=1329"}],"wp:term":[{"taxonomy":"product_brand","embeddable":true,"href":"https:\/\/e-m-p-i-r-e.eu\/fr\/wp-json\/wp\/v2\/product_brand?post=1329"},{"taxonomy":"product_cat","embeddable":true,"href":"https:\/\/e-m-p-i-r-e.eu\/fr\/wp-json\/wp\/v2\/product_cat?post=1329"},{"taxonomy":"product_tag","embeddable":true,"href":"https:\/\/e-m-p-i-r-e.eu\/fr\/wp-json\/wp\/v2\/product_tag?post=1329"},{"taxonomy":"contributor","embeddable":true,"href":"https:\/\/e-m-p-i-r-e.eu\/fr\/wp-json\/wp\/v2\/contributor?post=1329"},{"taxonomy":"season","embeddable":true,"href":"https:\/\/e-m-p-i-r-e.eu\/fr\/wp-json\/wp\/v2\/season?post=1329"},{"taxonomy":"subject","embeddable":true,"href":"https:\/\/e-m-p-i-r-e.eu\/fr\/wp-json\/wp\/v2\/subject?post=1329"},{"taxonomy":"collection","embeddable":true,"href":"https:\/\/e-m-p-i-r-e.eu\/fr\/wp-json\/wp\/v2\/collection?post=1329"},{"taxonomy":"artist","embeddable":true,"href":"https:\/\/e-m-p-i-r-e.eu\/fr\/wp-json\/wp\/v2\/artist?post=1329"},{"taxonomy":"limited_edition","embeddable":true,"href":"https:\/\/e-m-p-i-r-e.eu\/fr\/wp-json\/wp\/v2\/limited_edition?post=1329"}],"curies":[{"name":"wp","href":"https:\/\/api.w.org\/{rel}","templated":true}]}}