{"id":1325,"date":"2021-08-22T17:47:27","date_gmt":"2021-08-22T15:47:27","guid":{"rendered":"https:\/\/e-m-p-i-r-e.eu\/produit\/co-creation-version-francaise-celine-poulin-et-marie-preston\/"},"modified":"2026-02-10T15:44:15","modified_gmt":"2026-02-10T14:44:15","slug":"co-creation-version-francaise-celine-poulin-et-marie-preston","status":"publish","type":"product","link":"https:\/\/e-m-p-i-r-e.eu\/fr\/produit\/co-creation-version-francaise-celine-poulin-et-marie-preston\/","title":{"rendered":"Co-Cr\u00e9ation, version fran\u00e7aise, C\u00e9line Poulin et Marie Preston"},"content":{"rendered":"<p><em>Co-Cr\u00e9ation<\/em> est une publication plurielle inscrite dans une recherche sur les pratiques artistiques en co-cr\u00e9ation engag\u00e9es dans le champ social, men\u00e9e depuis 2013 par C\u00e9line Poulin (directrice du CAC Br\u00e9tigny) et Marie Preston (artiste et enseignante-chercheuse \u00e0 l\u2019universit\u00e9 Paris\u00a08) avec la participation de St\u00e9phanie Airaud (responsable des publics et de l\u2019action culturelle au MAC\u00a0VAL). Elle s\u2019est d\u00e9velopp\u00e9e en appui sur trois journ\u00e9es d\u2019\u00e9tudes au MAC VAL et au CAC Br\u00e9tigny, d\u2019un s\u00e9minaire du master M\u00e9dia Design Art Contemporain de Paris 8 \u00e0 la Villa Vassilieff et d\u2019une exposition au CAC Br\u00e9tigny. Nouvel avancement th\u00e9orique et non actes de colloque, l\u2019ouvrage <em>Co-Cr\u00e9ation<\/em> permet de rassembler et de faire circuler en France et \u00e0 l\u2019\u00e9tranger les apports de ce projet de recherche, sachant qu\u2019aucun livre de r\u00e9f\u00e9rence n\u2019existait en France \u00e0 ce jour sur ces questions, et que ce livre nous permet de poursuivre un dialogue avec tous ceux qui contribuent internationalement \u00e0 ces r\u00e9flexions. Ainsi, ce livre acte le d\u00e9veloppement d\u2019un travail collectif qui contribue \u00e0 r\u00e9unir, entre autres, des universit\u00e9s fran\u00e7aises et internationales, des centres d\u2019art, des mus\u00e9es, une \u00e9cole d\u2019art, etc. Diff\u00e9rentes questions pos\u00e9es par les pratiques de co-cr\u00e9ation et abord\u00e9es dans les \u00e9pisodes pr\u00e9c\u00e9dents y sont reprises et approfondies quand de nouvelles ont \u00e9merg\u00e9\u2009: quel h\u00e9ritage de l\u2019\u00e9ducation populaire dans les pratiques de co-cr\u00e9ation\u2009? Qui parle quand on parle \u00e0 plusieurs\u2009? Quels sont les enjeux de pouvoirs et de statuts dans un groupe qui \u0153uvre ensemble\u2009? Quelles relations d\u2019intimit\u00e9, de rapport au quotidien cela implique-t-il\u2009? Quelles interactions existent entre les p\u00e9dagogies alternatives et les pratiques de co-cr\u00e9ation\u2009? Quelles m\u00e9thodologies d\u2019\u00e9valuation esth\u00e9tique ou non sont possibles\u2009?<\/p>\n<p>Constitu\u00e9e de textes th\u00e9oriques et\/ou personnels de philosophes, sociologues, anthropologues, artistes et historien.e.s de l\u2019art et d\u2019entretiens, l\u2019\u00e9dition s\u2019organise autour de cinq th\u00e9matiques essentielles et transversales\u2009: conversation, collectif, \u00e9ducation, vuln\u00e9rabilit\u00e9 et \u00e9valuation.<\/p>\n<p>&nbsp;<\/p>\n<p>&nbsp;<\/p>\n<p>&nbsp;<\/p>\n<p>&nbsp;<\/p>\n<p>Sous la direction de : C\u00e9line Poulin et Marie Preston avec la participation de St\u00e9phanie Airaud<br \/>\nAvec des textes de\u2009: St\u00e9phanie Airaud, Andrea Ancira, Marnie Badham, Virginie Bobin, Caroline Darroux, Fran\u00e7ois Deck, Marie Fraser, V\u00e9ronique Goudinoux, N\u00faria G\u00fcell, Adelita Husni-Bey, Florence Jou, Grant H. Kester, Camille Louis, Pascal Nicolas-Le Strat, Maude Mandart, Christian Maurel, C\u00e9line Poulin, Marie Preston, Katia Schneller, Myriam Suchet, Mathilde Villeneuve.<\/p>\n","protected":false},"excerpt":{"rendered":"<p>\u00e9ditions Empire et CAC Br\u00e9tigny<br \/>\nisbn 979-10-95991-06-9<\/p>\n<p>\u00c9dition fran\u00e7aise<\/p>\n<p>232 pages, 155\u00a0\u00d7\u00a0210 mm<br \/>\nCouverture souple, couture apparente<br \/>\nConception graphique :\u00a0<a href=\"http:\/\/www.s-y-n-d-i-c-a-t.eu\/\" target=\"_blank\" rel=\"noopener\">Syndicat<\/a><\/p>\n<p>2019<br \/>\n\u00c9puis\u00e9<\/p>\n","protected":false},"featured_media":1573,"comment_status":"open","ping_status":"closed","template":"","meta":[],"product_brand":[],"product_cat":[164],"product_tag":[],"contributor":[124,116,127,119,113,130,125,120,126,131,121,114,117,133,129,132,123,128,115,122,118],"season":[],"subject":[3185,3909],"collection":[],"artist":[],"limited_edition":[],"class_list":{"0":"post-1325","1":"product","2":"type-product","3":"status-publish","4":"has-post-thumbnail","6":"product_cat-empire-fr","7":"contributor-husni-bey-adelita","8":"contributor-andrea-ancira","9":"contributor-camille-louis","10":"contributor-caroline-darroux","11":"contributor-celine-poulin","12":"contributor-christian-maurel","13":"contributor-florence-jou","14":"contributor-francois-deck","15":"contributor-grant-h-kester","16":"contributor-katia-schneller","17":"contributor-marie-fraser","18":"contributor-marie-preston","19":"contributor-marnie-badham","20":"contributor-mathilde-villeneuve","21":"contributor-maude-mandart","22":"contributor-myriam-suchet","23":"contributor-nuria-guell","24":"contributor-pascal-nicolas-le-strat","25":"contributor-stephanie-airaud","26":"contributor-veronique-goudinoux","27":"contributor-virginie-bobin","28":"subject-art-fr","29":"subject-contemporary-art-fr","31":"first","32":"outofstock","33":"featured","34":"shipping-taxable","35":"product-type-simple"},"_links":{"self":[{"href":"https:\/\/e-m-p-i-r-e.eu\/fr\/wp-json\/wp\/v2\/product\/1325","targetHints":{"allow":["GET"]}}],"collection":[{"href":"https:\/\/e-m-p-i-r-e.eu\/fr\/wp-json\/wp\/v2\/product"}],"about":[{"href":"https:\/\/e-m-p-i-r-e.eu\/fr\/wp-json\/wp\/v2\/types\/product"}],"replies":[{"embeddable":true,"href":"https:\/\/e-m-p-i-r-e.eu\/fr\/wp-json\/wp\/v2\/comments?post=1325"}],"wp:featuredmedia":[{"embeddable":true,"href":"https:\/\/e-m-p-i-r-e.eu\/fr\/wp-json\/wp\/v2\/media\/1573"}],"wp:attachment":[{"href":"https:\/\/e-m-p-i-r-e.eu\/fr\/wp-json\/wp\/v2\/media?parent=1325"}],"wp:term":[{"taxonomy":"product_brand","embeddable":true,"href":"https:\/\/e-m-p-i-r-e.eu\/fr\/wp-json\/wp\/v2\/product_brand?post=1325"},{"taxonomy":"product_cat","embeddable":true,"href":"https:\/\/e-m-p-i-r-e.eu\/fr\/wp-json\/wp\/v2\/product_cat?post=1325"},{"taxonomy":"product_tag","embeddable":true,"href":"https:\/\/e-m-p-i-r-e.eu\/fr\/wp-json\/wp\/v2\/product_tag?post=1325"},{"taxonomy":"contributor","embeddable":true,"href":"https:\/\/e-m-p-i-r-e.eu\/fr\/wp-json\/wp\/v2\/contributor?post=1325"},{"taxonomy":"season","embeddable":true,"href":"https:\/\/e-m-p-i-r-e.eu\/fr\/wp-json\/wp\/v2\/season?post=1325"},{"taxonomy":"subject","embeddable":true,"href":"https:\/\/e-m-p-i-r-e.eu\/fr\/wp-json\/wp\/v2\/subject?post=1325"},{"taxonomy":"collection","embeddable":true,"href":"https:\/\/e-m-p-i-r-e.eu\/fr\/wp-json\/wp\/v2\/collection?post=1325"},{"taxonomy":"artist","embeddable":true,"href":"https:\/\/e-m-p-i-r-e.eu\/fr\/wp-json\/wp\/v2\/artist?post=1325"},{"taxonomy":"limited_edition","embeddable":true,"href":"https:\/\/e-m-p-i-r-e.eu\/fr\/wp-json\/wp\/v2\/limited_edition?post=1325"}],"curies":[{"name":"wp","href":"https:\/\/api.w.org\/{rel}","templated":true}]}}