{"id":1323,"date":"2021-08-22T18:01:43","date_gmt":"2021-08-22T16:01:43","guid":{"rendered":"https:\/\/e-m-p-i-r-e.eu\/produit\/stud-aurelien-mole-et-aurelie-jacquet\/"},"modified":"2026-02-10T16:11:13","modified_gmt":"2026-02-10T15:11:13","slug":"stud-aurelien-mole-et-aurelie-jacquet","status":"publish","type":"product","link":"https:\/\/e-m-p-i-r-e.eu\/fr\/produit\/stud-aurelien-mole-et-aurelie-jacquet\/","title":{"rendered":"Stud, Aur\u00e9lien Mole et Aur\u00e9lie Jacquet"},"content":{"rendered":"<p><em>Stud<\/em> est un livre qui compile des photographies d\u2019Aur\u00e9lie Jacquet et Aur\u00e9lien Mole r\u00e9alis\u00e9es lorsqu\u2019ils \u00e9taient \u00e9tudiant\u00b7e\u00b7s, respectivement en 2012-2015 et en 2000-2003, \u00e0 l\u2019\u00c9cole Nationale Sup\u00e9rieure de Photographie d\u2019Arles.\u00a0 Le choix des images r\u00e9alis\u00e9 par chacun\u00b7e\u00a0dans les archives de l\u2019autre est mis en sc\u00e8ne par Syndicat. Alan Eglinton, lui-m\u00eame ancien \u00e9tudiant, y m\u00eane un entretien avec Nick Wapplington qui \u00e9claire la notion de regard r\u00e9trospectif dont ce livre pourrait \u00eatre \u00e0 propos. \u00c0 moins qu\u2019il ne s\u2019agisse ici de ces images que l\u2019on fait pour apprendre la photographie ? L\u2019ouvrage est compos\u00e9 de 11 cahiers de 16 pages. 10 d\u2019entre eux sont reli\u00e9s dans un ordre d\u2019apparition al\u00e9atoire qui permet de rendre unique chacun des 300 exemplaires.<\/p>\n<p>&nbsp;<\/p>\n<p>Auteurs :\u00a0Aur\u00e9lien Mole, Aur\u00e9lie Jacquet, Alan Eglinton, Nick Wapplington, Syndicat<\/p>\n","protected":false},"excerpt":{"rendered":"<p>isbn 979-10-95991-01-4<br \/>\nAnglais<br \/>\n164 + 4 pages, 240 \u00d7 320 mm<\/p>\n<p>CMJN, Broch\u00e9 couture apparente<br \/>\nConception graphique: <a href=\"http:\/\/www.s-y-n-d-i-c-a-t.eu\/\" target=\"_blank\" rel=\"noopener\">Syndicat<\/a><br \/>\n300 exemplaires<\/p>\n","protected":false},"featured_media":1631,"comment_status":"open","ping_status":"closed","template":"","meta":[],"product_brand":[],"product_cat":[164],"product_tag":[],"contributor":[139,138,79,140,112],"season":[],"subject":[3885],"collection":[4508],"artist":[4494,4493],"limited_edition":[],"class_list":{"0":"post-1323","1":"product","2":"type-product","3":"status-publish","4":"has-post-thumbnail","6":"product_cat-empire-fr","7":"contributor-eglinton-alan","8":"contributor-aurelie-jacquet","9":"contributor-aurelien-mole","10":"contributor-nick-wapplington","11":"contributor-syndicat","12":"subject-photography-fr","13":"collection-livre-d-artiste","14":"artist-aurelie-jacquet","15":"artist-aurelien-mole","17":"first","18":"instock","19":"featured","20":"shipping-taxable","21":"purchasable","22":"product-type-simple"},"_links":{"self":[{"href":"https:\/\/e-m-p-i-r-e.eu\/fr\/wp-json\/wp\/v2\/product\/1323","targetHints":{"allow":["GET"]}}],"collection":[{"href":"https:\/\/e-m-p-i-r-e.eu\/fr\/wp-json\/wp\/v2\/product"}],"about":[{"href":"https:\/\/e-m-p-i-r-e.eu\/fr\/wp-json\/wp\/v2\/types\/product"}],"replies":[{"embeddable":true,"href":"https:\/\/e-m-p-i-r-e.eu\/fr\/wp-json\/wp\/v2\/comments?post=1323"}],"wp:featuredmedia":[{"embeddable":true,"href":"https:\/\/e-m-p-i-r-e.eu\/fr\/wp-json\/wp\/v2\/media\/1631"}],"wp:attachment":[{"href":"https:\/\/e-m-p-i-r-e.eu\/fr\/wp-json\/wp\/v2\/media?parent=1323"}],"wp:term":[{"taxonomy":"product_brand","embeddable":true,"href":"https:\/\/e-m-p-i-r-e.eu\/fr\/wp-json\/wp\/v2\/product_brand?post=1323"},{"taxonomy":"product_cat","embeddable":true,"href":"https:\/\/e-m-p-i-r-e.eu\/fr\/wp-json\/wp\/v2\/product_cat?post=1323"},{"taxonomy":"product_tag","embeddable":true,"href":"https:\/\/e-m-p-i-r-e.eu\/fr\/wp-json\/wp\/v2\/product_tag?post=1323"},{"taxonomy":"contributor","embeddable":true,"href":"https:\/\/e-m-p-i-r-e.eu\/fr\/wp-json\/wp\/v2\/contributor?post=1323"},{"taxonomy":"season","embeddable":true,"href":"https:\/\/e-m-p-i-r-e.eu\/fr\/wp-json\/wp\/v2\/season?post=1323"},{"taxonomy":"subject","embeddable":true,"href":"https:\/\/e-m-p-i-r-e.eu\/fr\/wp-json\/wp\/v2\/subject?post=1323"},{"taxonomy":"collection","embeddable":true,"href":"https:\/\/e-m-p-i-r-e.eu\/fr\/wp-json\/wp\/v2\/collection?post=1323"},{"taxonomy":"artist","embeddable":true,"href":"https:\/\/e-m-p-i-r-e.eu\/fr\/wp-json\/wp\/v2\/artist?post=1323"},{"taxonomy":"limited_edition","embeddable":true,"href":"https:\/\/e-m-p-i-r-e.eu\/fr\/wp-json\/wp\/v2\/limited_edition?post=1323"}],"curies":[{"name":"wp","href":"https:\/\/api.w.org\/{rel}","templated":true}]}}