{"id":1320,"date":"2021-08-22T18:37:46","date_gmt":"2021-08-22T16:37:46","guid":{"rendered":"https:\/\/e-m-p-i-r-e.eu\/produit\/1320\/"},"modified":"2026-02-13T09:55:07","modified_gmt":"2026-02-13T08:55:07","slug":"paris-la-consciencieuse-paris-la-guideuse-du-monde-by-frederic-bruly-bouabre-2","status":"publish","type":"product","link":"https:\/\/e-m-p-i-r-e.eu\/fr\/produit\/paris-la-consciencieuse-paris-la-guideuse-du-monde-by-frederic-bruly-bouabre-2\/","title":{"rendered":"Paris la consciencieuse : Paris la guideuse du monde, Fr\u00e9d\u00e9ric Bruly Bouabr\u00e9"},"content":{"rendered":"<p>Fr\u00e9d\u00e9ric Bruly Bouabr\u00e9 (1923-2014) est un artiste et po\u00e8te ivoirien, \u00ab re-chercheur \u00bb, cr\u00e9ateur et inventeur de l\u2019alphabet b\u00e9t\u00e9. En 1989, il est projet\u00e9 sur le devant de la sc\u00e8ne artistique internationale lors de l\u2019exposition <em>Magiciens de la terre<\/em> (18 mai-14 ao\u00fbt 1989, centre Georges-Pompidou, Grande Halle de La Villette, Paris). Pr\u00e9sent\u00e9 parmi une centaine d\u2019autres artistes venus du monde entier, il deviendra par la suite mondialement connu pour ses dessins sur carte rehauss\u00e9s au crayon de couleur.<\/p>\n<p>Mais en mai de cette ann\u00e9e-l\u00e0, c\u2019est un tout autre r\u00eave que caresse encore Bruly Bouabr\u00e9 : celui de devenir un \u00ab \u00e9crivain \u00bb. Alors qu\u2019il va s\u2019envoler pour Paris et par la m\u00eame occasion quitter pour la premi\u00e8re fois le sol africain, le po\u00e8te se voit commander par ses amis Odile et Georges Courr\u00e8ges (alors directeur du Centre culturel fran\u00e7ais d\u2019Abidjan) le r\u00e9cit de son voyage. C\u2019est ainsi que quelques semaines apr\u00e8s son retour, Fr\u00e9d\u00e9ric Bruly Bouabr\u00e9 remettra son \u00ab rapport \u00bb de 325 pages manuscrites, produit en \u00ab 33 jours \u00bb, o\u00f9 il prend plaisir \u00e0 relater son s\u00e9jour, ponctu\u00e9 d\u2019\u00e9v\u00e9nements parfois insignifiants, tout en interrogeant la place de l\u2019homme dans la soci\u00e9t\u00e9 occidentale.<\/p>\n<p>Depuis lors, ce r\u00e9cit d\u2019\u00ab un aveugle \u00e0 Paris \u00bb, comme son auteur s\u2019appr\u00eatait d\u2019abord \u00e0 l\u2019appeler, \u00e9tait rest\u00e9 in\u00e9dit. Le texte, r\u00e9jouissant par ses trouvailles et enchanteur par son langage, est celui d\u2019un observateur cherchant \u00e0 comprendre un monde en mutation \u00e0 partir de sa propre culture. Empreint de cette libert\u00e9 et du d\u00e9sir de relever et de consigner qui caract\u00e9risent l\u2019oeuvre de ce cr\u00e9ateur encyclop\u00e9diste, l\u2019ouvrage est un t\u00e9moignage tout \u00e0 fait unique d\u2019un \u00e9pisode marquant de l\u2019histoire de l\u2019art contemporain.<\/p>\n<p>Initi\u00e9 par Odile et Georges Courr\u00e8ges, qui ont fourni aux \u00e9diteurs une copie du manuscrit que leur avait confi\u00e9e l\u2019artiste, le projet de cette publication a \u00e9t\u00e9 par ailleurs rendu possible gr\u00e2ce \u00e0 la mise \u00e0 disposition du manuscrit original par Andr\u00e9 Magnin.<\/p>\n<p>Pr\u00e9face de Jean-Hubert Martin<\/p>\n","protected":false},"excerpt":{"rendered":"<p>Pr\u00e9face de Jean-Hubert Martin<\/p>\n<p>Empire books et Faro<br \/>\nisbn 979-10-95991-23-6<br \/>\nFran\u00e7ais<br \/>\n352 pages, 210 \u00d7 310 mm<br \/>\nBroch\u00e9 sous prot\u00e8ge-cahier<br \/>\nConception graphique: <a href=\"http:\/\/www.s-y-n-d-i-c-a-t.eu\/\" target=\"_blank\" rel=\"noopener\">Syndicat<\/a><br \/>\nnovembre 2020<\/p>\n","protected":false},"featured_media":1682,"comment_status":"open","ping_status":"closed","template":"","meta":[],"product_brand":[],"product_cat":[164],"product_tag":[],"contributor":[148,149],"season":[],"subject":[3185,3909,3222],"collection":[4508],"artist":[4495],"limited_edition":[],"class_list":{"0":"post-1320","1":"product","2":"type-product","3":"status-publish","4":"has-post-thumbnail","6":"product_cat-empire-fr","7":"contributor-frederic-bruly-bouabre","8":"contributor-jean-hubert-martin","9":"subject-art-fr","10":"subject-contemporary-art-fr","11":"subject-journal-fr","12":"collection-livre-d-artiste","13":"artist-frederic-bruly-bouabre","15":"first","16":"instock","17":"featured","18":"shipping-taxable","19":"purchasable","20":"product-type-simple"},"_links":{"self":[{"href":"https:\/\/e-m-p-i-r-e.eu\/fr\/wp-json\/wp\/v2\/product\/1320","targetHints":{"allow":["GET"]}}],"collection":[{"href":"https:\/\/e-m-p-i-r-e.eu\/fr\/wp-json\/wp\/v2\/product"}],"about":[{"href":"https:\/\/e-m-p-i-r-e.eu\/fr\/wp-json\/wp\/v2\/types\/product"}],"replies":[{"embeddable":true,"href":"https:\/\/e-m-p-i-r-e.eu\/fr\/wp-json\/wp\/v2\/comments?post=1320"}],"wp:featuredmedia":[{"embeddable":true,"href":"https:\/\/e-m-p-i-r-e.eu\/fr\/wp-json\/wp\/v2\/media\/1682"}],"wp:attachment":[{"href":"https:\/\/e-m-p-i-r-e.eu\/fr\/wp-json\/wp\/v2\/media?parent=1320"}],"wp:term":[{"taxonomy":"product_brand","embeddable":true,"href":"https:\/\/e-m-p-i-r-e.eu\/fr\/wp-json\/wp\/v2\/product_brand?post=1320"},{"taxonomy":"product_cat","embeddable":true,"href":"https:\/\/e-m-p-i-r-e.eu\/fr\/wp-json\/wp\/v2\/product_cat?post=1320"},{"taxonomy":"product_tag","embeddable":true,"href":"https:\/\/e-m-p-i-r-e.eu\/fr\/wp-json\/wp\/v2\/product_tag?post=1320"},{"taxonomy":"contributor","embeddable":true,"href":"https:\/\/e-m-p-i-r-e.eu\/fr\/wp-json\/wp\/v2\/contributor?post=1320"},{"taxonomy":"season","embeddable":true,"href":"https:\/\/e-m-p-i-r-e.eu\/fr\/wp-json\/wp\/v2\/season?post=1320"},{"taxonomy":"subject","embeddable":true,"href":"https:\/\/e-m-p-i-r-e.eu\/fr\/wp-json\/wp\/v2\/subject?post=1320"},{"taxonomy":"collection","embeddable":true,"href":"https:\/\/e-m-p-i-r-e.eu\/fr\/wp-json\/wp\/v2\/collection?post=1320"},{"taxonomy":"artist","embeddable":true,"href":"https:\/\/e-m-p-i-r-e.eu\/fr\/wp-json\/wp\/v2\/artist?post=1320"},{"taxonomy":"limited_edition","embeddable":true,"href":"https:\/\/e-m-p-i-r-e.eu\/fr\/wp-json\/wp\/v2\/limited_edition?post=1320"}],"curies":[{"name":"wp","href":"https:\/\/api.w.org\/{rel}","templated":true}]}}