{"id":1243,"date":"2021-08-21T19:11:59","date_gmt":"2021-09-13T19:53:24","guid":{"rendered":"https:\/\/e-m-p-i-r-e.eu\/?post_type=product&#038;p=1243"},"modified":"2026-02-10T11:36:12","modified_gmt":"2026-02-10T10:36:12","slug":"the-middle-of-the-world-by-yonatan-vinitsky-2","status":"publish","type":"product","link":"https:\/\/e-m-p-i-r-e.eu\/fr\/produit\/the-middle-of-the-world-by-yonatan-vinitsky-2\/","title":{"rendered":"The Middle Of The World, par Yonatan Vinitsky"},"content":{"rendered":"<p>Absalon, Yaacov\u00a0Agam, Alexander Calder, Marc Chagall, Lygia Clark, Naum Gabo, Rupprecht Geiger, Matt Montini, Bruno Munari\u00a0&amp; Leo Lionni, Ezra Orion, Chana Orloff, David Perlov, Dorothea Rockburne.<\/p>\n<p>&nbsp;<\/p>\n<p>Une \u00e9dition limit\u00e9e d\u2019un livre d\u2019images pr\u00e9-coll\u00e9es, par Yonatan Vinitksy.<\/p>\n<p>Inspir\u00e9 par les c\u00e9l\u00e8bres livres de collection d\u2019images \u00e0 coller, cet ouvrage oscille entre un livre d\u2019artiste, un livre documentaire sur l\u2019art, dans un format ample recevant une collection de pr\u00e8s de 300 images pr\u00e9-coll\u00e9es.<\/p>\n<p>L\u2019ouvrage de Yonatan Vinitsky s\u2019int\u00e9resse aux ateliers de 14 artistes internationaux qui ont marqu\u00e9 son apprentissage et sa pratique artistique. Tel un nouveau lieu de production, le livre met en relation les contributions de plus de 40 artistes, \u00e9crivains, designers, architectes, photographes et autres praticiens. Le projet est ainsi construit autour de productions in\u00e9dites sans aucun document d\u2019archive, en m\u00ealant performance, illustration, peinture, sculpture, num\u00e9risation et autres exp\u00e9riences qui examinent et activent le sujet (de) et la place de l\u2019atelier d\u2019artiste aujourd\u2019hui.<\/p>\n<p>&nbsp;<\/p>\n<p>Contributeurs\u202f:<br \/>\nDavid Adika, Fran\u00e7ois Aubart, Ellie Armon Azoulay, Ariella Azoulay, Ewa Bickels, Alice Channer, H\u00e9l\u00e9na de Laurens, Sophie Delpeux, Vanessa Desclaux, Oliver Evans, Jacob Farrell, Ryan Gander, Marie-Ange Guilleminot, Mark Higden, Sam Hryckow, Benjamin Lafore &amp; S\u00e9bastien Martinez-Barat, Myriam Lefkowitz, Achim Lengerer, C\u00e9dric Libert, Mathieu Loctin, Rebecca May Marston &amp; Barnie Askew Page, Susan Meiselas, Aur\u00e9lien Mole, Hans Ulrich Obrist, Ourie Ophir Azoulay, \u00c9mile M. Ouroumov, Janina Pedan, Florent Pierre, Pierre-Alain Poirier, \u00c9lodie Royer &amp; Yoann Gourmel, Karin Ruggaber, Tom Shay, Moran Shoub, Sam Thorne, Ben Toms, Emilia Vinitsky Armon, Jonathan P. Watts, Hugo Wheeler, Jennifer Winkworth, Rapha\u00ebl Zarka.<\/p>\n","protected":false},"excerpt":{"rendered":"<p>ISBN: 979-10-95991-038<br \/>\nAnglais\/fran\u00e7ais<br \/>\n304 pages<br \/>\n235 \u00d7 305 mm<br \/>\nCouverture rigide<br \/>\nCMJN + 1Pantone\u00a9<br \/>\n290 autocollants d\u00e9j\u00e0 coll\u00e9s<br \/>\nConception graphique\u202f: Syndicat<br \/>\n2017<br \/>\n70 \u20ac<\/p>\n","protected":false},"featured_media":1417,"comment_status":"open","ping_status":"closed","template":"","meta":[],"product_brand":[],"product_cat":[164],"product_tag":[],"contributor":[74,62,60,79,91,72,57,59,86,82,92,61,84,58,80,63,94,67,83,95,93,87,69,70,76,89,73,66,81,85,77,68,71,90,64,78,88,65,56],"season":[],"subject":[3185,4552],"collection":[4508],"artist":[4456,4457,4458,4459,4460,4461,4462,4463,4464,4465,4466,4467,4468,4469],"limited_edition":[],"class_list":{"0":"post-1243","1":"product","2":"type-product","3":"status-publish","4":"has-post-thumbnail","6":"product_cat-empire-fr","7":"contributor-lengerer-achim","8":"contributor-alice-channer","9":"contributor-ariella-azoulay","10":"contributor-aurelien-mole","11":"contributor-ben-toms","12":"contributor-benjamin-lafore-sebastien-martinez-barat","13":"contributor-david-adika","14":"contributor-ellie-armon-azoulay","15":"contributor-elodie-royer-yoann-gourmel","16":"contributor-emile-m-ouroumov","17":"contributor-emilia-vinitsky-armon","18":"contributor-ewa-bickels","19":"contributor-florent-pierre","20":"contributor-francois-aubart","21":"contributor-hans-ulrich-obrist","22":"contributor-helena-de-laurens","23":"contributor-hugo-wheeler","24":"contributor-jacob-farrell","25":"contributor-janina-pedan","26":"contributor-jennifer-winkworth","27":"contributor-jonathan-p-watts","28":"contributor-karin-ruggaber","29":"contributor-marie-ange-guilleminot","30":"contributor-mark-higden","31":"contributor-mathieu-loctin","32":"contributor-moran-shoub","33":"contributor-myriam-lefkowitz","34":"contributor-oliver-evans","35":"contributor-ourie-ophir-azoulay","36":"contributor-pierre-alain-poirier","37":"contributor-rebecca-may-marston-barnie-askew-page","38":"contributor-ryan-gander","39":"contributor-sam-hryckow","40":"contributor-sam-thorne","41":"contributor-sophie-delpeux","42":"contributor-susan-meiselas","43":"contributor-tom-shay","44":"contributor-vanessa-desclaux","45":"contributor-yonatan-vinitsky","46":"subject-art-fr","47":"subject-artists-studio-fr","48":"collection-livre-d-artiste","49":"artist-absalon","50":"artist-alexander-calder","51":"artist-bruno-munari","52":"artist-chana-orloff","53":"artist-david-perlov","54":"artist-dorothea-rockburne","55":"artist-ezra-orion","56":"artist-leo-lionni","57":"artist-lygia-clark","58":"artist-marc-chagall","59":"artist-matt-montini","60":"artist-naum-gabo","61":"artist-rupprecht-geiger","62":"artist-yaacov-agam","64":"first","65":"instock","66":"featured","67":"shipping-taxable","68":"purchasable","69":"product-type-simple"},"_links":{"self":[{"href":"https:\/\/e-m-p-i-r-e.eu\/fr\/wp-json\/wp\/v2\/product\/1243","targetHints":{"allow":["GET"]}}],"collection":[{"href":"https:\/\/e-m-p-i-r-e.eu\/fr\/wp-json\/wp\/v2\/product"}],"about":[{"href":"https:\/\/e-m-p-i-r-e.eu\/fr\/wp-json\/wp\/v2\/types\/product"}],"replies":[{"embeddable":true,"href":"https:\/\/e-m-p-i-r-e.eu\/fr\/wp-json\/wp\/v2\/comments?post=1243"}],"wp:featuredmedia":[{"embeddable":true,"href":"https:\/\/e-m-p-i-r-e.eu\/fr\/wp-json\/wp\/v2\/media\/1417"}],"wp:attachment":[{"href":"https:\/\/e-m-p-i-r-e.eu\/fr\/wp-json\/wp\/v2\/media?parent=1243"}],"wp:term":[{"taxonomy":"product_brand","embeddable":true,"href":"https:\/\/e-m-p-i-r-e.eu\/fr\/wp-json\/wp\/v2\/product_brand?post=1243"},{"taxonomy":"product_cat","embeddable":true,"href":"https:\/\/e-m-p-i-r-e.eu\/fr\/wp-json\/wp\/v2\/product_cat?post=1243"},{"taxonomy":"product_tag","embeddable":true,"href":"https:\/\/e-m-p-i-r-e.eu\/fr\/wp-json\/wp\/v2\/product_tag?post=1243"},{"taxonomy":"contributor","embeddable":true,"href":"https:\/\/e-m-p-i-r-e.eu\/fr\/wp-json\/wp\/v2\/contributor?post=1243"},{"taxonomy":"season","embeddable":true,"href":"https:\/\/e-m-p-i-r-e.eu\/fr\/wp-json\/wp\/v2\/season?post=1243"},{"taxonomy":"subject","embeddable":true,"href":"https:\/\/e-m-p-i-r-e.eu\/fr\/wp-json\/wp\/v2\/subject?post=1243"},{"taxonomy":"collection","embeddable":true,"href":"https:\/\/e-m-p-i-r-e.eu\/fr\/wp-json\/wp\/v2\/collection?post=1243"},{"taxonomy":"artist","embeddable":true,"href":"https:\/\/e-m-p-i-r-e.eu\/fr\/wp-json\/wp\/v2\/artist?post=1243"},{"taxonomy":"limited_edition","embeddable":true,"href":"https:\/\/e-m-p-i-r-e.eu\/fr\/wp-json\/wp\/v2\/limited_edition?post=1243"}],"curies":[{"name":"wp","href":"https:\/\/api.w.org\/{rel}","templated":true}]}}