{"id":1240,"date":"2021-08-21T18:34:31","date_gmt":"2021-09-13T19:50:34","guid":{"rendered":"https:\/\/e-m-p-i-r-e.eu\/?post_type=product&#038;p=1240"},"modified":"2026-02-20T16:38:55","modified_gmt":"2026-02-20T15:38:55","slug":"nasa-reedition-de-la-norme-graphique-de-danne-et-blackburn","status":"publish","type":"product","link":"https:\/\/e-m-p-i-r-e.eu\/fr\/produit\/nasa-reedition-de-la-norme-graphique-de-danne-et-blackburn\/","title":{"rendered":"NASA, r\u00e9\u00e9dition de la norme graphique de Danne et Blackburn"},"content":{"rendered":"<p class=\"p2\"><span class=\"s1\">Le classeur de la norme graphique de la NASA est un \u00e9trange fant\u00f4me. Cet outil visuel in\u00e9dit dessin\u00e9 et aliment\u00e9 par Richard Danne et Bruce Blackburn \u00e0 partir de 1975 fut d\u00e9laiss\u00e9 en 1992 par l\u2019agence a\u00e9rospatiale am\u00e9ricaine.<\/span><\/p>\n<p class=\"p2\"><span class=\"s1\"><br \/>\nAu del\u00e0 de la fascination pour le sujet \u00abNASA\u00bb, cet outil pr\u00e9sente plusieurs int\u00e9r\u00eats:<br \/>\n\u2014 Une pr\u00e9sentation d\u2019identit\u00e9 visuelle exhaustive, de la mise en forme d\u2019un courrier jusqu\u2019aux marquages de la navette spatiale Discovery afin d\u2019appr\u00e9hender les diff\u00e9rentes \u00e9chelles formelles, politiques et techniques d\u2019usage des signes.<br \/>\n\u2014 Un accompagnement des personnels amen\u00e9s \u00e0 produire des documents nouveaux en privil\u00e9giant un discours pr\u00e9cis et \u00e0 rebours du vocabulaire formel majoritaire des communicants contemporains.<br \/>\n\u2014 Un objet dont la mat\u00e9rialit\u00e9 affirme tout \u00e0 la fois l\u2019int\u00e9r\u00eat t\u00e9moign\u00e9 pour son sujet et l\u2019ambition et le soin qui doivent \u00eatre manifest\u00e9s dans la mise en forme de celui-ci. Son format facilite sa manipulation pour garantir une organisation, une compr\u00e9hension et un usage des consignes et propositions qu\u2019il articule et d\u00e9veloppe.<\/span><\/p>\n","protected":false},"excerpt":{"rendered":"<p>isbn 979-10-95991-20-5<br \/>\nAnglais\/Fran\u00e7ais<br \/>\n164 pages<br \/>\n310 \u00d7 232 mm<br \/>\nNoir + 1 ton direct<br \/>\nNuancier 5 tons directs<br \/>\nConception graphique\u202f: Syndicat<br \/>\n2016<br \/>\n22 \u20ac<\/p>\n","protected":false},"featured_media":1385,"comment_status":"open","ping_status":"closed","template":"","meta":[],"product_brand":[],"product_cat":[164],"product_tag":[],"contributor":[55,53,54],"season":[],"subject":[3901,3345,3902,3136,3882],"collection":[],"artist":[4455,4454],"limited_edition":[],"class_list":{"0":"post-1240","1":"product","2":"type-product","3":"status-publish","4":"has-post-thumbnail","6":"product_cat-empire-fr","7":"contributor-bruce-blackburn","8":"contributor-quentin-schmerber","9":"contributor-richard-dane","10":"subject-graphic-design-fr","11":"subject-graphic-standards-manual","12":"subject-identity-fr","13":"subject-logo-fr","14":"subject-typography-fr","15":"artist-bruce-blackburn","16":"artist-richard-danne","18":"first","19":"instock","20":"featured","21":"shipping-taxable","22":"purchasable","23":"product-type-simple"},"_links":{"self":[{"href":"https:\/\/e-m-p-i-r-e.eu\/fr\/wp-json\/wp\/v2\/product\/1240","targetHints":{"allow":["GET"]}}],"collection":[{"href":"https:\/\/e-m-p-i-r-e.eu\/fr\/wp-json\/wp\/v2\/product"}],"about":[{"href":"https:\/\/e-m-p-i-r-e.eu\/fr\/wp-json\/wp\/v2\/types\/product"}],"replies":[{"embeddable":true,"href":"https:\/\/e-m-p-i-r-e.eu\/fr\/wp-json\/wp\/v2\/comments?post=1240"}],"wp:featuredmedia":[{"embeddable":true,"href":"https:\/\/e-m-p-i-r-e.eu\/fr\/wp-json\/wp\/v2\/media\/1385"}],"wp:attachment":[{"href":"https:\/\/e-m-p-i-r-e.eu\/fr\/wp-json\/wp\/v2\/media?parent=1240"}],"wp:term":[{"taxonomy":"product_brand","embeddable":true,"href":"https:\/\/e-m-p-i-r-e.eu\/fr\/wp-json\/wp\/v2\/product_brand?post=1240"},{"taxonomy":"product_cat","embeddable":true,"href":"https:\/\/e-m-p-i-r-e.eu\/fr\/wp-json\/wp\/v2\/product_cat?post=1240"},{"taxonomy":"product_tag","embeddable":true,"href":"https:\/\/e-m-p-i-r-e.eu\/fr\/wp-json\/wp\/v2\/product_tag?post=1240"},{"taxonomy":"contributor","embeddable":true,"href":"https:\/\/e-m-p-i-r-e.eu\/fr\/wp-json\/wp\/v2\/contributor?post=1240"},{"taxonomy":"season","embeddable":true,"href":"https:\/\/e-m-p-i-r-e.eu\/fr\/wp-json\/wp\/v2\/season?post=1240"},{"taxonomy":"subject","embeddable":true,"href":"https:\/\/e-m-p-i-r-e.eu\/fr\/wp-json\/wp\/v2\/subject?post=1240"},{"taxonomy":"collection","embeddable":true,"href":"https:\/\/e-m-p-i-r-e.eu\/fr\/wp-json\/wp\/v2\/collection?post=1240"},{"taxonomy":"artist","embeddable":true,"href":"https:\/\/e-m-p-i-r-e.eu\/fr\/wp-json\/wp\/v2\/artist?post=1240"},{"taxonomy":"limited_edition","embeddable":true,"href":"https:\/\/e-m-p-i-r-e.eu\/fr\/wp-json\/wp\/v2\/limited_edition?post=1240"}],"curies":[{"name":"wp","href":"https:\/\/api.w.org\/{rel}","templated":true}]}}