{"id":16670,"date":"2026-01-28T10:51:29","date_gmt":"2026-01-28T09:51:29","guid":{"rendered":"https:\/\/e-m-p-i-r-e.eu\/empire\/"},"modified":"2026-02-17T11:38:05","modified_gmt":"2026-02-17T10:38:05","slug":"empire","status":"publish","type":"page","link":"https:\/\/e-m-p-i-r-e.eu\/fr\/","title":{"rendered":"Empire books"},"content":{"rendered":"<p><span style=\"font-size: 32px;\">\u00c0 travers des collaborations multiples dans les champs culturels, la maison d\u2019\u00e9dition tente de rendre centrales les questions de reproduction, de documentation et de circulation des images \u00e0 travers des catalogues, monographies, ouvrages th\u00e9oriques, revues, posters ou r\u00e9\u00e9ditions.<br \/>\nEmpire publie \u00e9galement <a href=\"http:\/\/www.revue-faire.eu\">Revue Faire<\/a>.<\/span><\/p>\n","protected":false},"excerpt":{"rendered":"<p>\u00c0 travers des collaborations multiples dans les champs culturels, la maison d\u2019\u00e9dition tente de rendre centrales les questions de reproduction,&#8230;<\/p>\n","protected":false},"author":1,"featured_media":0,"parent":0,"menu_order":0,"comment_status":"closed","ping_status":"closed","template":"page-landing.php","meta":{"footnotes":""},"tags":[],"class_list":["post-16670","page","type-page","status-publish","hentry"],"_links":{"self":[{"href":"https:\/\/e-m-p-i-r-e.eu\/fr\/wp-json\/wp\/v2\/pages\/16670","targetHints":{"allow":["GET"]}}],"collection":[{"href":"https:\/\/e-m-p-i-r-e.eu\/fr\/wp-json\/wp\/v2\/pages"}],"about":[{"href":"https:\/\/e-m-p-i-r-e.eu\/fr\/wp-json\/wp\/v2\/types\/page"}],"author":[{"embeddable":true,"href":"https:\/\/e-m-p-i-r-e.eu\/fr\/wp-json\/wp\/v2\/users\/1"}],"replies":[{"embeddable":true,"href":"https:\/\/e-m-p-i-r-e.eu\/fr\/wp-json\/wp\/v2\/comments?post=16670"}],"version-history":[{"count":7,"href":"https:\/\/e-m-p-i-r-e.eu\/fr\/wp-json\/wp\/v2\/pages\/16670\/revisions"}],"predecessor-version":[{"id":17770,"href":"https:\/\/e-m-p-i-r-e.eu\/fr\/wp-json\/wp\/v2\/pages\/16670\/revisions\/17770"}],"wp:attachment":[{"href":"https:\/\/e-m-p-i-r-e.eu\/fr\/wp-json\/wp\/v2\/media?parent=16670"}],"wp:term":[{"taxonomy":"post_tag","embeddable":true,"href":"https:\/\/e-m-p-i-r-e.eu\/fr\/wp-json\/wp\/v2\/tags?post=16670"}],"curies":[{"name":"wp","href":"https:\/\/api.w.org\/{rel}","templated":true}]}}