{"id":1338,"date":"2021-10-13T13:25:49","date_gmt":"2021-10-13T11:25:49","guid":{"rendered":"https:\/\/e-m-p-i-r-e.eu\/infos\/"},"modified":"2026-02-17T11:45:39","modified_gmt":"2026-02-17T10:45:39","slug":"infos","status":"publish","type":"page","link":"https:\/\/e-m-p-i-r-e.eu\/fr\/infos\/","title":{"rendered":"Infos"},"content":{"rendered":"<p>&nbsp;<\/p>\n<p>&nbsp;<\/p>\n<p><span class=\"sans_serif\"><br \/>\nFond\u00e9e par Fran\u00e7ois Havegeer et Sacha L\u00e9opold la maison d\u2019\u00e9dition Empire s\u2019envisage comme un prolongement des activit\u00e9s li\u00e9es aux sujets de l\u2019image, du graphisme et des relations aux artistes entreprises par le studio Syndicat.<br \/>\n\u00c0 travers des collaborations multiples dans les champs culturels, la maison d\u2019\u00e9dition tente de rendre centrales les questions de reproduction, de documentation et de circulation des images \u00e0 travers des catalogues, monographies, ouvrages th\u00e9oriques, revues, posters ou r\u00e9\u00e9ditions.<br \/>\nEmpire publie aussi <a href=\"http:\/\/www.revue-faire.eu\">Revue Faire<\/a>.<\/span><\/p>\n<p>&nbsp;<\/p>\n<p>&nbsp;<\/p>\n<p>&nbsp;<\/p>\n<p><a href=\"mailto:empire@s-y-n-d-i-c-a-t.eu\" target=\"_blank\" rel=\"noopener\">empire@s-y-n-d-i-c-a-t.eu<\/a><\/p>\n<p><a href=\"https:\/\/www.instagram.com\/empire.b.o.o.k.s\/\" target=\"_blank\" rel=\"noopener\">instagram<\/a><\/p>\n<p>&nbsp;<\/p>\n<p>&nbsp;<\/p>\n<p>Empire books<\/p>\n<p>9 passage Duhesme<\/p>\n<p>75018 Paris<\/p>\n<p>France<\/p>\n<p>&nbsp;<\/p>\n<p>&nbsp;<\/p>\n<table style=\"border-collapse: collapse; width: 100%;\">\n<tbody>\n<tr>\n<td style=\"width: 100%;\"><img loading=\"lazy\" decoding=\"async\" class=\"alignnone wp-image-1782 size-full\" src=\"https:\/\/e-m-p-i-r-e.eu\/wp-content\/uploads\/2022\/01\/Editions-Empire-Books-Back-Dos-Livre-Catalog.jpg\" alt=\"\" width=\"1500\" height=\"1161\" srcset=\"https:\/\/e-m-p-i-r-e.eu\/wp-content\/uploads\/2022\/01\/Editions-Empire-Books-Back-Dos-Livre-Catalog.jpg 1500w, https:\/\/e-m-p-i-r-e.eu\/wp-content\/uploads\/2022\/01\/Editions-Empire-Books-Back-Dos-Livre-Catalog-300x232.jpg 300w, https:\/\/e-m-p-i-r-e.eu\/wp-content\/uploads\/2022\/01\/Editions-Empire-Books-Back-Dos-Livre-Catalog-1024x793.jpg 1024w, https:\/\/e-m-p-i-r-e.eu\/wp-content\/uploads\/2022\/01\/Editions-Empire-Books-Back-Dos-Livre-Catalog-768x594.jpg 768w, https:\/\/e-m-p-i-r-e.eu\/wp-content\/uploads\/2022\/01\/Editions-Empire-Books-Back-Dos-Livre-Catalog-1440x1115.jpg 1440w, https:\/\/e-m-p-i-r-e.eu\/wp-content\/uploads\/2022\/01\/Editions-Empire-Books-Back-Dos-Livre-Catalog-600x464.jpg 600w\" sizes=\"auto, (max-width: 1500px) 100vw, 1500px\" \/><\/td>\n<\/tr>\n<\/tbody>\n<\/table>\n<p>&nbsp;<\/p>\n<p>&nbsp;<\/p>\n<p>Vente en direct \u2014 <a href=\"http:\/\/empire@s-y-n-d-i-c-a-t.eu\" target=\"_blank\" rel=\"noopener\">ici<\/a><\/p>\n<p>Demande de renseignement \u2014 <a href=\"mailto:info@in-other-words.co.uk?subject=Press%20enquiry\" target=\"_blank\" rel=\"noopener\">ici<\/a><\/p>\n<p>&nbsp;<\/p>\n<p>&nbsp;<\/p>\n<p>Distribution :<br \/>\nFrance, Belgique, Luxembourg, Suisse, Canada: <a href=\"https:\/\/www.lespressesdureel.com\/EN\/editeur.php?id=233&amp;menu=2\" target=\"_blank\" rel=\"noopener\">Les presses du r\u00e9el<\/a><\/p>\n<div>Japon: <a href=\"https:\/\/twelve-books.com\" target=\"_blank\" rel=\"noopener\">Twelvebooks<\/a><\/div>\n<div>Reste du monde: <a href=\"http:\/\/www.ideabooks.nl\/\" target=\"_blank\" rel=\"noopener\">Idea Books<\/a><\/div>\n<p>&nbsp;<\/p>\n<p>&nbsp;<\/p>\n<p><a href=\"https:\/\/e-m-p-i-r-e.eu\/fr\/politique-de-confidentialite\/\">Politique de confidentialit\u00e9<\/a><\/p>\n<p>&nbsp;<\/p>\n<p>&nbsp;<\/p>\n<div>d\u00e9veloppement \u2014 <a href=\"https:\/\/ahmedghazi.com\" target=\"_blank\" rel=\"noopener\">Ahmed Ghazi<\/a><\/div>\n<div>graphisme \u2014 <a href=\"http:\/\/www.s-y-n-d-i-c-a-t.eu\" target=\"_blank\" rel=\"noopener\">Syndicat<\/a><\/div>\n","protected":false},"excerpt":{"rendered":"<p>&nbsp; &nbsp; Fond\u00e9e par Fran\u00e7ois Havegeer et Sacha L\u00e9opold la maison d\u2019\u00e9dition Empire s\u2019envisage comme un prolongement des activit\u00e9s li\u00e9es&#8230;<\/p>\n","protected":false},"author":1,"featured_media":0,"parent":0,"menu_order":0,"comment_status":"closed","ping_status":"closed","template":"","meta":{"footnotes":""},"tags":[],"class_list":["post-1338","page","type-page","status-publish","hentry"],"_links":{"self":[{"href":"https:\/\/e-m-p-i-r-e.eu\/fr\/wp-json\/wp\/v2\/pages\/1338","targetHints":{"allow":["GET"]}}],"collection":[{"href":"https:\/\/e-m-p-i-r-e.eu\/fr\/wp-json\/wp\/v2\/pages"}],"about":[{"href":"https:\/\/e-m-p-i-r-e.eu\/fr\/wp-json\/wp\/v2\/types\/page"}],"author":[{"embeddable":true,"href":"https:\/\/e-m-p-i-r-e.eu\/fr\/wp-json\/wp\/v2\/users\/1"}],"replies":[{"embeddable":true,"href":"https:\/\/e-m-p-i-r-e.eu\/fr\/wp-json\/wp\/v2\/comments?post=1338"}],"version-history":[{"count":3,"href":"https:\/\/e-m-p-i-r-e.eu\/fr\/wp-json\/wp\/v2\/pages\/1338\/revisions"}],"predecessor-version":[{"id":17773,"href":"https:\/\/e-m-p-i-r-e.eu\/fr\/wp-json\/wp\/v2\/pages\/1338\/revisions\/17773"}],"wp:attachment":[{"href":"https:\/\/e-m-p-i-r-e.eu\/fr\/wp-json\/wp\/v2\/media?parent=1338"}],"wp:term":[{"taxonomy":"post_tag","embeddable":true,"href":"https:\/\/e-m-p-i-r-e.eu\/fr\/wp-json\/wp\/v2\/tags?post=1338"}],"curies":[{"name":"wp","href":"https:\/\/api.w.org\/{rel}","templated":true}]}}